{"id":10356,"date":"2024-01-25T17:51:23","date_gmt":"2024-01-25T16:51:23","guid":{"rendered":"https:\/\/feuerwehr-kufstein.at\/?page_id=10356"},"modified":"2024-01-25T17:54:07","modified_gmt":"2024-01-25T16:54:07","slug":"brandsicherheitswache","status":"publish","type":"page","link":"https:\/\/feuerwehr-kufstein.at\/?page_id=10356","title":{"rendered":"Brandsicherheitswache"},"content":{"rendered":"<h2>WAS IST EINE BRANDSICHERHEITSWACHE<\/h2>\n<p>Brandsicherheitswachen, kurz BSW, sind Ma\u00dfnahmen des vorbeugenden Brandschutzes. Bei bestimmten Veranstaltungen und Anl\u00e4ssen mit erh\u00f6hter Gefahr wird ein Bereitschaftsdienst, eben eine Brandsicherheitswache, vor Ort eingerichtet um im Gefahrenfall sofort eingreifen zu k\u00f6nnen. Grunds\u00e4tzlich haben Veranstalter, oder Betreiber von Einrichtungen, f\u00fcr die Sicherheit ihrer Veranstaltung zu sorgen und ggf. auch Brandsicherheitswachen einzurichten. Nicht alle Veranstalter sind in der Lage einen Brandschutz selbst zu organisieren, weshalb der Gesetzgeber vorsieht, dass in solch einem Fall die \u00f6rtlich zust\u00e4ndige Feuerwehr die Brandsicherheitswache zu stellen hat.<\/p>\n<h2>AB WANN BRAUCH ICH EINE BRANDSICHERHEITSWACHE?<\/h2>\n<p>Es wird hier unterschieden, zwischen vorgeschriebener Brandsicherheitswache oder einer Brandsicherheitswache auf Verlangen. Die vorgeschriebene BSW wird einem Veranstalter durch die zust\u00e4ndige Beh\u00f6rde mittels Bescheid vorgeschrieben. In diesem Bescheid stehen verschiedenste Auflagen, wie z.B. die erlaubte maximale Besucherzahl, die St\u00e4rke einer vorgeschriebenen BSW usw. Ob eine Brandsicherheitswache vorgeschrieben wird h\u00e4ngt von der Art der Veranstaltung, den baulichen Gegebenheiten usw. ab. Eine Brandsicherheitswache auf Verlangen so zu sagen auf freiwilliger Basis, kann jeder Veranstalter selbst anfordern, wenn er f\u00fcr die Sicherheit seiner Veranstaltung f\u00fcr wichtig und erforderlich h\u00e4lt. In diesem Falle kann sich ein Veranstalter direkt an der \u00f6rtlichen zust\u00e4ndigen Feuerwehr wenden.<\/p>\n<h2>AUFGABEN DER BRANDSICHERHEITSWACHE<\/h2>\n<p>Zu den Aufgaben einer BSW geh\u00f6rt unter anderem auch darauf zu achten, dass die Auflagen der Beh\u00f6rde, besonders in brandschutztechnischer Hinsicht erf\u00fcllt und eingehalten werden. F\u00fcr eine vom Veranstalter selbst verlangte Brandsicherheitswache gilt genau dasselbe wie f\u00fcr eine vorgeschriebene Brandsicherheitswache. Auch hier hat die BSW f\u00fcr die Einhaltung von Sicherheitsbestimmungen, besonders die Brandschutztechnischen Voraussetzungen f\u00fcr eine Veranstaltung kritisch zu pr\u00fcfen und eine gesetzeskonforme Veranstaltung zu verlangen. Es entspricht einer falschen Vorstellung wenn man glaubt, dass man die Feuerwehr zu einer Veranstaltung nur einladen braucht und sich dadurch eventuelle Auflagen ersparen w\u00fcrde.<\/p>\n<h2>NICHT EINHALTEN DER VORSCHRIFTEN?<\/h2>\n<p>Da sich die Besucher einer Veranstaltung mit Recht darauf verlassen d\u00fcrfen, dass f\u00fcr Ihre Sicherheit Vorsorge getroffen wurden, ist es die Aufgabe wie folgt vorzugehen:<\/p>\n<ul>\n<li>Kontrolle der Veranstaltung und Feststellung etwaiger M\u00e4ngel<\/li>\n<li>Sollten sicherheitsrelevante M\u00e4ngel festgestellt werden, ist vom Veranstalter die unverz\u00fcgliche Behebung dieser M\u00e4ngel zu verlangen<\/li>\n<li>Wird dieser Aufforderung Folge geleistet, so kann die Veranstaltung weiter durchgef\u00fchrt werden<\/li>\n<li>Erkl\u00e4rt sich der Veranstalter nicht zu M\u00e4ngelbehebung bereit, ist dar\u00fcber eine Niederschrift anzufertigen und die zust\u00e4ndige Beh\u00f6rde zu verst\u00e4ndigen<\/li>\n<\/ul>\n<p><strong>Die Beh\u00f6rde obliegt dann die Schlie\u00dfung der Veranstaltung!<\/strong><\/p>\n<p>Diese Vorgangsweise gew\u00e4hrleistet die Sicherheit sowohl der Besucher als auch den Verantwortlichen einer Veranstaltung.<\/p>\n<p>Sollten Sie Fragen zum Thema Brandsicherheitswache oder vorbeugender Brandschutz haben, k\u00f6nnen Sie ihr anliegen gerne jederzeit per Mail an uns richten. Ein fachkundiges Mitglied unserer Feuerwehr wird sich Ihrer Anfrage annehmen und sich so schnell wie m\u00f6glich bei Ihnen melden!<\/p>\n<p>&nbsp;<\/p>\n<p><strong>Freiwillige Feuerwehr Kufstein<\/strong><\/p>\n<p>Telefon: +43 (0)5372 62115<\/p>\n<p>E-Mail:\u00a0<a href=\"mailto:kufstein@feuerwehr.tirol\">kufstein@feuerwehr.tirol\u00a0<\/a><\/p>\n<p>&nbsp;<\/p>\n","protected":false},"excerpt":{"rendered":"<p>WAS IST EINE BRANDSICHERHEITSWACHE Brandsicherheitswachen, kurz BSW, sind Ma\u00dfnahmen des vorbeugenden Brandschutzes. Bei bestimmten Veranstaltungen und Anl\u00e4ssen mit erh\u00f6hter Gefahr wird ein Bereitschaftsdienst, eben eine Brandsicherheitswache, vor Ort eingerichtet um im Gefahrenfall sofort eingreifen zu k\u00f6nnen. Grunds\u00e4tzlich haben Veranstalter, oder Betreiber von Einrichtungen, f\u00fcr die Sicherheit ihrer Veranstaltung zu sorgen und ggf. auch Brandsicherheitswachen einzurichten. [&hellip;]<\/p>\n","protected":false},"author":2,"featured_media":0,"parent":0,"menu_order":0,"comment_status":"closed","ping_status":"closed","template":"","meta":{"footnotes":""},"class_list":["post-10356","page","type-page","status-publish","czr-hentry"],"_links":{"self":[{"href":"https:\/\/feuerwehr-kufstein.at\/index.php?rest_route=\/wp\/v2\/pages\/10356","targetHints":{"allow":["GET"]}}],"collection":[{"href":"https:\/\/feuerwehr-kufstein.at\/index.php?rest_route=\/wp\/v2\/pages"}],"about":[{"href":"https:\/\/feuerwehr-kufstein.at\/index.php?rest_route=\/wp\/v2\/types\/page"}],"author":[{"embeddable":true,"href":"https:\/\/feuerwehr-kufstein.at\/index.php?rest_route=\/wp\/v2\/users\/2"}],"replies":[{"embeddable":true,"href":"https:\/\/feuerwehr-kufstein.at\/index.php?rest_route=%2Fwp%2Fv2%2Fcomments&post=10356"}],"version-history":[{"count":0,"href":"https:\/\/feuerwehr-kufstein.at\/index.php?rest_route=\/wp\/v2\/pages\/10356\/revisions"}],"wp:attachment":[{"href":"https:\/\/feuerwehr-kufstein.at\/index.php?rest_route=%2Fwp%2Fv2%2Fmedia&parent=10356"}],"curies":[{"name":"wp","href":"https:\/\/api.w.org\/{rel}","templated":true}]}}