{"id":1198,"date":"2018-12-11T15:13:49","date_gmt":"2018-12-11T15:13:49","guid":{"rendered":"https:\/\/k100413-1.kufnet.at\/?page_id=1198"},"modified":"2025-12-08T11:37:42","modified_gmt":"2025-12-08T10:37:42","slug":"a-boot","status":"publish","type":"page","link":"https:\/\/feuerwehr-kufstein.at\/?page_id=1198","title":{"rendered":"A-Boot"},"content":{"rendered":"<p><span style=\"color: #000000;\"><a href=\"https:\/\/feuerwehr-kufstein.at\/wp-content\/uploads\/2018\/10\/A.BOOT-Full-HD-e1544650786381.jpg\"><img decoding=\"async\" class=\"aligncenter wp-image-191 size-large lazyload\" data-src=\"https:\/\/feuerwehr-kufstein.at\/wp-content\/uploads\/2018\/10\/A.BOOT-Full-HD-e1544650786381-1024x531.jpg\" alt=\"\" width=\"1024\" height=\"531\" data-srcset=\"https:\/\/feuerwehr-kufstein.at\/wp-content\/uploads\/2018\/10\/A.BOOT-Full-HD-e1544650786381-1024x531.jpg 1024w, https:\/\/feuerwehr-kufstein.at\/wp-content\/uploads\/2018\/10\/A.BOOT-Full-HD-e1544650786381-1536x797.jpg 1536w, https:\/\/feuerwehr-kufstein.at\/wp-content\/uploads\/2018\/10\/A.BOOT-Full-HD-e1544650786381-300x156.jpg 300w, https:\/\/feuerwehr-kufstein.at\/wp-content\/uploads\/2018\/10\/A.BOOT-Full-HD-e1544650786381-768x399.jpg 768w, https:\/\/feuerwehr-kufstein.at\/wp-content\/uploads\/2018\/10\/A.BOOT-Full-HD-e1544650786381.jpg 1615w\" data-sizes=\"(max-width: 1024px) 100vw, 1024px\" src=\"data:image\/svg+xml;base64,PHN2ZyB3aWR0aD0iMSIgaGVpZ2h0PSIxIiB4bWxucz0iaHR0cDovL3d3dy53My5vcmcvMjAwMC9zdmciPjwvc3ZnPg==\" style=\"--smush-placeholder-width: 1024px; --smush-placeholder-aspect-ratio: 1024\/531;\" \/><\/a><\/span><\/p>\n<div class=\"zusatzseitetext_container\">\n<p style=\"text-align: center;\"><span style=\"color: #000000;\"><strong>Arbeitsboot<\/strong><\/span><br \/>\n<span style=\"color: #000000;\"><strong>Baujahr 1997<\/strong><\/span><br \/>\n<span style=\"color: #000000;\"><strong>Meyer Werft<\/strong><\/span><br \/>\n<span style=\"color: #000000;\"><strong>Motor Mercury Jet<\/strong><\/span><br \/>\n<span style=\"color: #000000;\"><strong>Besatzung 10 Personen<\/strong><\/span><\/p>\n<p>&nbsp;<\/p>\n<p style=\"text-align: center;\"><span style=\"color: #000000;\">Haupteinsatzgebiet des A-Bootes\u00a0sind Flie\u00dfgew\u00e4sser wie\u00a0der Inn. Es wird dort zur Personen-bzw. Tierrettung eingesetzt. Eine absenkbare Frontklappe erleichtert dabei das Aufnehmen von Personen ins Boot. Mit seinem 204 PS Jetantrieb eignet es sich\u00a0auch als Zugfahrzeug f\u00fcr die Oelsperre.\u00a0Au\u00dferdem kann mit dem Boot ein L\u00f6schangriff vom Wasser aus erfolgen, da es eine Ansaugvorrichtung besitzt. Zugelassen ist das Boot f\u00fcr max. 10 Personen. In den Staur\u00e4umen werden neben den\u00a0Schwimmwesten noch Paddel, Arbeitsscheinwerfer, Rettungsring, Stromaggregat\u00a0und Werkzeug mitgef\u00fchrt.<\/span><\/p>\n<p><span style=\"color: #000000;\"><a style=\"color: #000000;\" href=\"https:\/\/feuerwehr-kufstein.at\/wp-content\/uploads\/2018\/10\/DSC05193-Full-HD-e1539074305381.jpg\"><img decoding=\"async\" class=\"aligncenter wp-image-165 size-medium lazyload\" data-src=\"https:\/\/feuerwehr-kufstein.at\/wp-content\/uploads\/2018\/10\/DSC05193-Full-HD-e1539074305381-200x300.jpg\" alt=\"\" width=\"200\" height=\"300\" data-srcset=\"https:\/\/feuerwehr-kufstein.at\/wp-content\/uploads\/2018\/10\/DSC05193-Full-HD-e1539074305381-200x300.jpg 200w, https:\/\/feuerwehr-kufstein.at\/wp-content\/uploads\/2018\/10\/DSC05193-Full-HD-e1539074305381-1024x1536.jpg 1024w, https:\/\/feuerwehr-kufstein.at\/wp-content\/uploads\/2018\/10\/DSC05193-Full-HD-e1539074305381-768x1152.jpg 768w, https:\/\/feuerwehr-kufstein.at\/wp-content\/uploads\/2018\/10\/DSC05193-Full-HD-e1539074305381-683x1024.jpg 683w, https:\/\/feuerwehr-kufstein.at\/wp-content\/uploads\/2018\/10\/DSC05193-Full-HD-e1539074305381.jpg 1080w\" data-sizes=\"(max-width: 200px) 100vw, 200px\" src=\"data:image\/svg+xml;base64,PHN2ZyB3aWR0aD0iMSIgaGVpZ2h0PSIxIiB4bWxucz0iaHR0cDovL3d3dy53My5vcmcvMjAwMC9zdmciPjwvc3ZnPg==\" style=\"--smush-placeholder-width: 200px; --smush-placeholder-aspect-ratio: 200\/300;\" \/><\/a><\/span><\/p>\n<\/div>\n","protected":false},"excerpt":{"rendered":"<p>Arbeitsboot Baujahr 1997 Meyer Werft Motor Mercury Jet Besatzung 10 Personen &nbsp; Haupteinsatzgebiet des A-Bootes\u00a0sind Flie\u00dfgew\u00e4sser wie\u00a0der Inn. Es wird dort zur Personen-bzw. Tierrettung eingesetzt. Eine absenkbare Frontklappe erleichtert dabei das Aufnehmen von Personen ins Boot. Mit seinem 204 PS Jetantrieb eignet es sich\u00a0auch als Zugfahrzeug f\u00fcr die Oelsperre.\u00a0Au\u00dferdem kann mit dem Boot ein L\u00f6schangriff [&hellip;]<\/p>\n","protected":false},"author":2,"featured_media":0,"parent":1331,"menu_order":1,"comment_status":"closed","ping_status":"closed","template":"","meta":{"footnotes":""},"class_list":["post-1198","page","type-page","status-publish","czr-hentry"],"_links":{"self":[{"href":"https:\/\/feuerwehr-kufstein.at\/index.php?rest_route=\/wp\/v2\/pages\/1198","targetHints":{"allow":["GET"]}}],"collection":[{"href":"https:\/\/feuerwehr-kufstein.at\/index.php?rest_route=\/wp\/v2\/pages"}],"about":[{"href":"https:\/\/feuerwehr-kufstein.at\/index.php?rest_route=\/wp\/v2\/types\/page"}],"author":[{"embeddable":true,"href":"https:\/\/feuerwehr-kufstein.at\/index.php?rest_route=\/wp\/v2\/users\/2"}],"replies":[{"embeddable":true,"href":"https:\/\/feuerwehr-kufstein.at\/index.php?rest_route=%2Fwp%2Fv2%2Fcomments&post=1198"}],"version-history":[{"count":0,"href":"https:\/\/feuerwehr-kufstein.at\/index.php?rest_route=\/wp\/v2\/pages\/1198\/revisions"}],"up":[{"embeddable":true,"href":"https:\/\/feuerwehr-kufstein.at\/index.php?rest_route=\/wp\/v2\/pages\/1331"}],"wp:attachment":[{"href":"https:\/\/feuerwehr-kufstein.at\/index.php?rest_route=%2Fwp%2Fv2%2Fmedia&parent=1198"}],"curies":[{"name":"wp","href":"https:\/\/api.w.org\/{rel}","templated":true}]}}