{"id":1218,"date":"2018-12-11T15:35:04","date_gmt":"2018-12-11T15:35:04","guid":{"rendered":"https:\/\/k100413-1.kufnet.at\/?page_id=1218"},"modified":"2019-01-04T20:34:12","modified_gmt":"2019-01-04T19:34:12","slug":"bootsanlegestellen","status":"publish","type":"page","link":"https:\/\/feuerwehr-kufstein.at\/?page_id=1218","title":{"rendered":"Bootsanlegestellen"},"content":{"rendered":"<p><span style=\"color: #000000;\">Um unsere Boote ins Wasser zu bringen besteht seit 1993 ein Bootskran in der M\u00fcnchnerstra\u00dfe (N\u00e4he Bahnhof) . Da dieser sehr weit vom Ger\u00e4tehaus entfernt ist, war es der Feuerwehr Kufstein ein Anliegen eine Bootsanlegestelle n\u00e4her\u00a0am Ger\u00e4tehaus zu bekommen. Der Bau eines Bootshauses in der N\u00e4he des Ger\u00e4tehauses\u00a0scheiterte jedoch auf Grund rechtlicher Vorgaben. So wurde\u00a0an der Innpromenade in der Salurnerstra\u00dfe in der N\u00e4he des Ger\u00e4tehauses nur eine Slipanlage genehmigt\u00a0und im Jahr 2014\u00a0errichtet.<\/span><\/p>\n<p style=\"text-align: center;\"><span style=\"color: #000000;\">Slipanlage an der<span style=\"color: #0000ff;\"> <a style=\"color: #0000ff;\" href=\"https:\/\/www.google.com\/maps\/dir\/\/Innpromenade,+6330+Kufstein\/@47.5794449,12.1659891,16z\/data=!4m8!4m7!1m0!1m5!1m1!1s0x4776374f1100637b:0xca27ccad6ee83bd4!2m2!1d12.1650621!2d47.5788149\" target=\"_blank\" rel=\"noopener\">Innpromenade<\/a><\/span><\/span><\/p>\n<p style=\"text-align: center;\"><span style=\"color: #000000;\"><a style=\"color: #000000;\" href=\"http:\/\/feuerwehr-kufstein.at\/wp-content\/uploads\/2018\/11\/Slipanlage.jpg\"><img decoding=\"async\" class=\"alignnone wp-image-814 lazyload\" data-src=\"https:\/\/feuerwehr-kufstein.at\/wp-content\/uploads\/2018\/11\/Slipanlage.jpg\" alt=\"\" width=\"500\" height=\"333\" data-srcset=\"https:\/\/feuerwehr-kufstein.at\/wp-content\/uploads\/2018\/11\/Slipanlage.jpg 1620w, https:\/\/feuerwehr-kufstein.at\/wp-content\/uploads\/2018\/11\/Slipanlage-1536x1024.jpg 1536w, https:\/\/feuerwehr-kufstein.at\/wp-content\/uploads\/2018\/11\/Slipanlage-300x200.jpg 300w, https:\/\/feuerwehr-kufstein.at\/wp-content\/uploads\/2018\/11\/Slipanlage-768x512.jpg 768w, https:\/\/feuerwehr-kufstein.at\/wp-content\/uploads\/2018\/11\/Slipanlage-1024x683.jpg 1024w\" data-sizes=\"(max-width: 500px) 100vw, 500px\" src=\"data:image\/svg+xml;base64,PHN2ZyB3aWR0aD0iMSIgaGVpZ2h0PSIxIiB4bWxucz0iaHR0cDovL3d3dy53My5vcmcvMjAwMC9zdmciPjwvc3ZnPg==\" style=\"--smush-placeholder-width: 500px; --smush-placeholder-aspect-ratio: 500\/333;\" \/><\/a><\/span><\/p>\n<p>&nbsp;<\/p>\n<p style=\"text-align: center;\"><span style=\"color: #000000;\">Bootskran in der <span style=\"color: #0000ff;\"><a style=\"color: #0000ff;\" href=\"https:\/\/www.google.com\/maps\/dir\/\/M%C3%BCnchner+Str.+38,+6330+Kufstein\/@47.5877006,12.1666757,16z\/data=!4m8!4m7!1m0!1m5!1m1!1s0x47763756a26e6af1:0xe0236c387079946e!2m2!1d12.1653589!2d47.5882942\" target=\"_blank\" rel=\"noopener\">M\u00fcnchnerstra\u00dfe<\/a><\/span><\/span><\/p>\n<div id='gallery-1' class='czr-gallery row flex-row czr-gallery-style gallery galleryid-1218 gallery-columns-3 gallery-size-thumbnail'><figure class='gallery-item col col-auto'>\r\n                        <div class='gallery-icon landscape czr-gallery-icon'>\r\n                              <a data-lb-type=\"grouped-gallery\" href=https:\/\/feuerwehr-kufstein.at\/wp-content\/uploads\/2018\/10\/DSC00644-scaled.jpg class=\"bg-link\"><\/a><img decoding=\"async\" width=\"150\" height=\"150\" data-src=\"https:\/\/feuerwehr-kufstein.at\/wp-content\/uploads\/2018\/10\/DSC00644-150x150.jpg\" class=\"attachment-thumbnail size-thumbnail no-lazy lazyload\" alt=\"\" data-sizes=\"(min-width: 1200px) 350px, (min-width: 992px) 290px, (min-width: 768px) 210px, (min-width: 576px) 150px, calc( 50vw - 30px )\" data-srcset=\"https:\/\/feuerwehr-kufstein.at\/wp-content\/uploads\/2018\/10\/DSC00644-150x150.jpg 150w, https:\/\/feuerwehr-kufstein.at\/wp-content\/uploads\/2018\/10\/DSC00644-510x510.jpg 510w\" src=\"data:image\/svg+xml;base64,PHN2ZyB3aWR0aD0iMSIgaGVpZ2h0PSIxIiB4bWxucz0iaHR0cDovL3d3dy53My5vcmcvMjAwMC9zdmciPjwvc3ZnPg==\" style=\"--smush-placeholder-width: 150px; --smush-placeholder-aspect-ratio: 150\/150;\" \/>\r\n                        <\/div><\/figure><figure class='gallery-item col col-auto'>\r\n                        <div class='gallery-icon landscape czr-gallery-icon'>\r\n                              <a data-lb-type=\"grouped-gallery\" href=https:\/\/feuerwehr-kufstein.at\/wp-content\/uploads\/2018\/10\/DSC03176-scaled.jpg class=\"bg-link\"><\/a><img decoding=\"async\" width=\"150\" height=\"150\" data-src=\"https:\/\/feuerwehr-kufstein.at\/wp-content\/uploads\/2018\/10\/DSC03176-150x150.jpg\" class=\"attachment-thumbnail size-thumbnail no-lazy lazyload\" alt=\"\" data-sizes=\"(min-width: 1200px) 350px, (min-width: 992px) 290px, (min-width: 768px) 210px, (min-width: 576px) 150px, calc( 50vw - 30px )\" data-srcset=\"https:\/\/feuerwehr-kufstein.at\/wp-content\/uploads\/2018\/10\/DSC03176-150x150.jpg 150w, https:\/\/feuerwehr-kufstein.at\/wp-content\/uploads\/2018\/10\/DSC03176-510x510.jpg 510w\" src=\"data:image\/svg+xml;base64,PHN2ZyB3aWR0aD0iMSIgaGVpZ2h0PSIxIiB4bWxucz0iaHR0cDovL3d3dy53My5vcmcvMjAwMC9zdmciPjwvc3ZnPg==\" style=\"--smush-placeholder-width: 150px; --smush-placeholder-aspect-ratio: 150\/150;\" \/>\r\n                        <\/div><\/figure><figure class='gallery-item col col-auto'>\r\n                        <div class='gallery-icon portrait czr-gallery-icon'>\r\n                              <a data-lb-type=\"grouped-gallery\" href=https:\/\/feuerwehr-kufstein.at\/wp-content\/uploads\/2018\/10\/DSC03173-e1539201570190-scaled.jpg class=\"bg-link\"><\/a><img decoding=\"async\" width=\"150\" height=\"150\" data-src=\"https:\/\/feuerwehr-kufstein.at\/wp-content\/uploads\/2018\/10\/DSC03173-e1539201570190-150x150.jpg\" class=\"attachment-thumbnail size-thumbnail no-lazy lazyload\" alt=\"\" data-sizes=\"(min-width: 1200px) 350px, (min-width: 992px) 290px, (min-width: 768px) 210px, (min-width: 576px) 150px, calc( 50vw - 30px )\" data-srcset=\"https:\/\/feuerwehr-kufstein.at\/wp-content\/uploads\/2018\/10\/DSC03173-e1539201570190-150x150.jpg 150w, https:\/\/feuerwehr-kufstein.at\/wp-content\/uploads\/2018\/10\/DSC03173-e1539201570190-510x510.jpg 510w\" src=\"data:image\/svg+xml;base64,PHN2ZyB3aWR0aD0iMSIgaGVpZ2h0PSIxIiB4bWxucz0iaHR0cDovL3d3dy53My5vcmcvMjAwMC9zdmciPjwvc3ZnPg==\" style=\"--smush-placeholder-width: 150px; --smush-placeholder-aspect-ratio: 150\/150;\" \/>\r\n                        <\/div><\/figure>\r\n                  <\/div>\n\n<p>&nbsp;<\/p>\n<p>&nbsp;<\/p>\n<p>&nbsp;<\/p>\n<p>&nbsp;<\/p>\n","protected":false},"excerpt":{"rendered":"<p>Um unsere Boote ins Wasser zu bringen besteht seit 1993 ein Bootskran in der M\u00fcnchnerstra\u00dfe (N\u00e4he Bahnhof) . Da dieser sehr weit vom Ger\u00e4tehaus entfernt ist, war es der Feuerwehr Kufstein ein Anliegen eine Bootsanlegestelle n\u00e4her\u00a0am Ger\u00e4tehaus zu bekommen. Der Bau eines Bootshauses in der N\u00e4he des Ger\u00e4tehauses\u00a0scheiterte jedoch auf Grund rechtlicher Vorgaben. So wurde\u00a0an [&hellip;]<\/p>\n","protected":false},"author":2,"featured_media":0,"parent":0,"menu_order":3,"comment_status":"closed","ping_status":"closed","template":"","meta":{"footnotes":""},"class_list":["post-1218","page","type-page","status-publish","czr-hentry"],"_links":{"self":[{"href":"https:\/\/feuerwehr-kufstein.at\/index.php?rest_route=\/wp\/v2\/pages\/1218","targetHints":{"allow":["GET"]}}],"collection":[{"href":"https:\/\/feuerwehr-kufstein.at\/index.php?rest_route=\/wp\/v2\/pages"}],"about":[{"href":"https:\/\/feuerwehr-kufstein.at\/index.php?rest_route=\/wp\/v2\/types\/page"}],"author":[{"embeddable":true,"href":"https:\/\/feuerwehr-kufstein.at\/index.php?rest_route=\/wp\/v2\/users\/2"}],"replies":[{"embeddable":true,"href":"https:\/\/feuerwehr-kufstein.at\/index.php?rest_route=%2Fwp%2Fv2%2Fcomments&post=1218"}],"version-history":[{"count":0,"href":"https:\/\/feuerwehr-kufstein.at\/index.php?rest_route=\/wp\/v2\/pages\/1218\/revisions"}],"wp:attachment":[{"href":"https:\/\/feuerwehr-kufstein.at\/index.php?rest_route=%2Fwp%2Fv2%2Fmedia&parent=1218"}],"curies":[{"name":"wp","href":"https:\/\/api.w.org\/{rel}","templated":true}]}}