{"id":1228,"date":"2018-12-11T15:45:23","date_gmt":"2018-12-11T15:45:23","guid":{"rendered":"https:\/\/k100413-1.kufnet.at\/?page_id=1228"},"modified":"2019-01-22T00:45:31","modified_gmt":"2019-01-21T23:45:31","slug":"tippstricks","status":"publish","type":"page","link":"https:\/\/feuerwehr-kufstein.at\/?page_id=1228","title":{"rendered":"Tipps &#038; Tricks"},"content":{"rendered":"<p><span style=\"color: #000000;\">Auf dieser Seite stellen wir Ihnen eine Sammlung von\u00a0Informationen zur Verf\u00fcgung die Ihnen in der einen<br \/>\n<\/span><span style=\"color: #000000;\">oder anderen Situation einmal\u00a0von Nutzen\u00a0sein k\u00f6nnten.<\/span><\/p>\n<p>&nbsp;<\/p>\n<h2><span style=\"color: #000000;\">VIDEOS<\/span><\/h2>\n<p><iframe data-src=\"https:\/\/www.youtube.com\/embed\/y6YZuZ_NHLw\" width=\"560\" height=\"315\" frameborder=\"0\" allowfullscreen=\"allowfullscreen\" src=\"data:image\/svg+xml;base64,PHN2ZyB3aWR0aD0iMSIgaGVpZ2h0PSIxIiB4bWxucz0iaHR0cDovL3d3dy53My5vcmcvMjAwMC9zdmciPjwvc3ZnPg==\" class=\"lazyload\" data-load-mode=\"1\"><\/iframe><br \/>\n<span style=\"color: #000000;\">&#8222;Wie verhalte ich mich richtig im Stra\u00dfenverkehr, wenn ein Einsatzfahrzeug im R\u00fcckspiegel auftaucht&#8220;<\/span><\/p>\n<p>&nbsp;<\/p>\n<p><iframe data-src=\"https:\/\/www.youtube.com\/embed\/RX1NGTXLFPo\" width=\"560\" height=\"315\" frameborder=\"0\" allowfullscreen=\"allowfullscreen\" src=\"data:image\/svg+xml;base64,PHN2ZyB3aWR0aD0iMSIgaGVpZ2h0PSIxIiB4bWxucz0iaHR0cDovL3d3dy53My5vcmcvMjAwMC9zdmciPjwvc3ZnPg==\" class=\"lazyload\" data-load-mode=\"1\"><\/iframe><br \/>\n<span style=\"color: #000000;\">&#8222;Zusammenarbeit Leitstelle Tirol mit der Feuerwehr&#8220;<\/span><\/p>\n<p>&nbsp;<\/p>\n<p><iframe data-src=\"https:\/\/www.youtube.com\/embed\/49K6krHLtrA\" width=\"560\" height=\"315\" frameborder=\"0\" allowfullscreen=\"allowfullscreen\" src=\"data:image\/svg+xml;base64,PHN2ZyB3aWR0aD0iMSIgaGVpZ2h0PSIxIiB4bWxucz0iaHR0cDovL3d3dy53My5vcmcvMjAwMC9zdmciPjwvc3ZnPg==\" class=\"lazyload\" data-load-mode=\"1\"><\/iframe><br \/>\n<span style=\"color: #000000;\">&#8222;Rauchwarnmelder eine sinnvolle Investition&#8220;<\/span><\/p>\n<p>&nbsp;<\/p>\n<h2><span style=\"color: #000000;\">BROSCH\u00dcREN<\/span><\/h2>\n<p class=\"align_center\"><span style=\"color: #000000;\"><span style=\"color: #0000ff;\"><strong><a style=\"color: #0000ff;\" href=\"http:\/\/www.rohrbach-bm.at\/mbwp\/wp-content\/uploads\/2011\/12\/feuerloescher.pdf\" target=\"_blank\" rel=\"noopener\">FEUERL\u00d6SCHER<\/a><\/strong> <\/span>(Brandklassen u. Handhabung von Feuerl\u00f6schern)<\/span><\/p>\n<p class=\"align_center\"><span style=\"color: #000000;\"><span style=\"color: #0000ff;\"><strong><a style=\"color: #0000ff;\" href=\"http:\/\/zivilschutzverband.at\/media\/file\/10_sirenensignale.pdf\" target=\"_blank\" rel=\"noopener\">SIRENENSIGNALE<\/a><\/strong><\/span> (Zivilschutzalarm)<\/span><\/p>\n<p><span style=\"color: #000000;\"><span style=\"color: #0000ff;\"><strong><a style=\"color: #0000ff;\" href=\"https:\/\/www.diehelferwiens.at\/media\/file\/222_011_Brandschutzratgeber.pdf\" target=\"_blank\" rel=\"noopener\">BRANDSCHUTZRATGEBER<\/a><\/strong>\u00a0<\/span>(Ausf\u00fchrliche Informationen zur Brandverh\u00fctung, Einsatz von Kleinl\u00f6schger\u00e4ten, Was tun wenns brennt)<\/span><\/p>\n<p><span style=\"color: #000000;\"><span style=\"color: #0000ff;\"><strong><a style=\"color: #0000ff;\" href=\"http:\/\/zivilschutzverband.at\/media\/file\/8_Zivilschutzverband_MiniSelbstschutzratgeber_STU_V2_web.pdf\" target=\"_blank\" rel=\"noopener\">SELBSTSCHUTZ RATGEBER<\/a><\/strong><\/span>\u00a0(Zivilschutzinfo im Kurzformat)<\/span><\/p>\n<p>&nbsp;<\/p>\n<h2><span style=\"color: #000000;\"><strong> \u00a0 \u00a0 \u00a0 \u00a0<\/strong><\/span><\/h2>\n","protected":false},"excerpt":{"rendered":"<p>Auf dieser Seite stellen wir Ihnen eine Sammlung von\u00a0Informationen zur Verf\u00fcgung die Ihnen in der einen oder anderen Situation einmal\u00a0von Nutzen\u00a0sein k\u00f6nnten. &nbsp; VIDEOS &#8222;Wie verhalte ich mich richtig im Stra\u00dfenverkehr, wenn ein Einsatzfahrzeug im R\u00fcckspiegel auftaucht&#8220; &nbsp; &#8222;Zusammenarbeit Leitstelle Tirol mit der Feuerwehr&#8220; &nbsp; &#8222;Rauchwarnmelder eine sinnvolle Investition&#8220; &nbsp; BROSCH\u00dcREN FEUERL\u00d6SCHER (Brandklassen u. Handhabung [&hellip;]<\/p>\n","protected":false},"author":2,"featured_media":0,"parent":500,"menu_order":1,"comment_status":"closed","ping_status":"closed","template":"","meta":{"footnotes":""},"class_list":["post-1228","page","type-page","status-publish","czr-hentry"],"_links":{"self":[{"href":"https:\/\/feuerwehr-kufstein.at\/index.php?rest_route=\/wp\/v2\/pages\/1228","targetHints":{"allow":["GET"]}}],"collection":[{"href":"https:\/\/feuerwehr-kufstein.at\/index.php?rest_route=\/wp\/v2\/pages"}],"about":[{"href":"https:\/\/feuerwehr-kufstein.at\/index.php?rest_route=\/wp\/v2\/types\/page"}],"author":[{"embeddable":true,"href":"https:\/\/feuerwehr-kufstein.at\/index.php?rest_route=\/wp\/v2\/users\/2"}],"replies":[{"embeddable":true,"href":"https:\/\/feuerwehr-kufstein.at\/index.php?rest_route=%2Fwp%2Fv2%2Fcomments&post=1228"}],"version-history":[{"count":0,"href":"https:\/\/feuerwehr-kufstein.at\/index.php?rest_route=\/wp\/v2\/pages\/1228\/revisions"}],"up":[{"embeddable":true,"href":"https:\/\/feuerwehr-kufstein.at\/index.php?rest_route=\/wp\/v2\/pages\/500"}],"wp:attachment":[{"href":"https:\/\/feuerwehr-kufstein.at\/index.php?rest_route=%2Fwp%2Fv2%2Fmedia&parent=1228"}],"curies":[{"name":"wp","href":"https:\/\/api.w.org\/{rel}","templated":true}]}}