{"id":1239,"date":"2018-12-11T15:54:46","date_gmt":"2018-12-11T15:54:46","guid":{"rendered":"https:\/\/k100413-1.kufnet.at\/?page_id=1239"},"modified":"2019-01-02T18:36:50","modified_gmt":"2019-01-02T17:36:50","slug":"grossraumpumpe","status":"publish","type":"page","link":"https:\/\/feuerwehr-kufstein.at\/?page_id=1239","title":{"rendered":"Gro\u00dfraumpumpe"},"content":{"rendered":"<p><img decoding=\"async\" class=\"aligncenter wp-image-204 size-large lazyload\" data-src=\"https:\/\/feuerwehr-kufstein.at\/wp-content\/uploads\/2018\/10\/PUMPE-Full-HD-e1544651407770-1024x535.jpg\" alt=\"\" width=\"1024\" height=\"535\" data-srcset=\"https:\/\/feuerwehr-kufstein.at\/wp-content\/uploads\/2018\/10\/PUMPE-Full-HD-e1544651407770-1024x535.jpg 1024w, https:\/\/feuerwehr-kufstein.at\/wp-content\/uploads\/2018\/10\/PUMPE-Full-HD-e1544651407770-1536x802.jpg 1536w, https:\/\/feuerwehr-kufstein.at\/wp-content\/uploads\/2018\/10\/PUMPE-Full-HD-e1544651407770-300x157.jpg 300w, https:\/\/feuerwehr-kufstein.at\/wp-content\/uploads\/2018\/10\/PUMPE-Full-HD-e1544651407770-768x401.jpg 768w, https:\/\/feuerwehr-kufstein.at\/wp-content\/uploads\/2018\/10\/PUMPE-Full-HD-e1544651407770.jpg 1620w\" data-sizes=\"(max-width: 1024px) 100vw, 1024px\" src=\"data:image\/svg+xml;base64,PHN2ZyB3aWR0aD0iMSIgaGVpZ2h0PSIxIiB4bWxucz0iaHR0cDovL3d3dy53My5vcmcvMjAwMC9zdmciPjwvc3ZnPg==\" style=\"--smush-placeholder-width: 1024px; --smush-placeholder-aspect-ratio: 1024\/535;\" \/><\/p>\n<p>&nbsp;<\/p>\n<p style=\"text-align: center;\"><strong>Baujahr 2015<\/strong><br \/>\n<strong>Hersteller DIAPUMPE<\/strong><\/p>\n<p>&nbsp;<\/p>\n<p style=\"text-align: center;\">Die Gro\u00dfraumpumpe\u00a0hat eine\u00a0max. F\u00f6rderleistung von 6.000l pro Minute, bei einer F\u00f6rderh\u00f6he von max. 27 m und einer Ansaugh\u00f6he von max. 8 m. Angetrieben wird sie von einem 2330 ccm Deutz Dieselmotor. Der Tankinhalt von 120 l ist ausreichend f\u00fcr einen Dauerbetrieb von\u00a0bis zu 24 Std. Auf Grund des letzten Hochwassers wurde von der Stadtgemeinde beschlossen eine eigene Gro\u00dfraumpumpe f\u00fcr die Feuerwehr Kufstein anzukaufen.<\/p>\n<p style=\"text-align: center;\">\u00a0<a href=\"https:\/\/feuerwehr-kufstein.at\/wp-content\/uploads\/2018\/10\/DSC05215-Full-HD.jpg\"><img decoding=\"async\" class=\"alignnone wp-image-187 size-medium lazyload\" data-src=\"https:\/\/feuerwehr-kufstein.at\/wp-content\/uploads\/2018\/10\/DSC05215-Full-HD-300x200.jpg\" alt=\"\" width=\"300\" height=\"200\" data-srcset=\"https:\/\/feuerwehr-kufstein.at\/wp-content\/uploads\/2018\/10\/DSC05215-Full-HD-300x200.jpg 300w, https:\/\/feuerwehr-kufstein.at\/wp-content\/uploads\/2018\/10\/DSC05215-Full-HD-1536x1024.jpg 1536w, https:\/\/feuerwehr-kufstein.at\/wp-content\/uploads\/2018\/10\/DSC05215-Full-HD-768x512.jpg 768w, https:\/\/feuerwehr-kufstein.at\/wp-content\/uploads\/2018\/10\/DSC05215-Full-HD-1024x683.jpg 1024w, https:\/\/feuerwehr-kufstein.at\/wp-content\/uploads\/2018\/10\/DSC05215-Full-HD.jpg 1620w\" data-sizes=\"(max-width: 300px) 100vw, 300px\" src=\"data:image\/svg+xml;base64,PHN2ZyB3aWR0aD0iMSIgaGVpZ2h0PSIxIiB4bWxucz0iaHR0cDovL3d3dy53My5vcmcvMjAwMC9zdmciPjwvc3ZnPg==\" style=\"--smush-placeholder-width: 300px; --smush-placeholder-aspect-ratio: 300\/200;\" \/><\/a>\u00a0\u00a0\u00a0\u00a0\u00a0\u00a0\u00a0\u00a0\u00a0\u00a0 \u00a0<a href=\"https:\/\/feuerwehr-kufstein.at\/wp-content\/uploads\/2018\/10\/DSC05216-Full-HD.jpg\"><img decoding=\"async\" class=\"alignnone wp-image-188 size-medium lazyload\" data-src=\"https:\/\/feuerwehr-kufstein.at\/wp-content\/uploads\/2018\/10\/DSC05216-Full-HD-300x200.jpg\" alt=\"\" width=\"300\" height=\"200\" data-srcset=\"https:\/\/feuerwehr-kufstein.at\/wp-content\/uploads\/2018\/10\/DSC05216-Full-HD-300x200.jpg 300w, https:\/\/feuerwehr-kufstein.at\/wp-content\/uploads\/2018\/10\/DSC05216-Full-HD-1536x1024.jpg 1536w, https:\/\/feuerwehr-kufstein.at\/wp-content\/uploads\/2018\/10\/DSC05216-Full-HD-768x512.jpg 768w, https:\/\/feuerwehr-kufstein.at\/wp-content\/uploads\/2018\/10\/DSC05216-Full-HD-1024x683.jpg 1024w, https:\/\/feuerwehr-kufstein.at\/wp-content\/uploads\/2018\/10\/DSC05216-Full-HD.jpg 1620w\" data-sizes=\"(max-width: 300px) 100vw, 300px\" src=\"data:image\/svg+xml;base64,PHN2ZyB3aWR0aD0iMSIgaGVpZ2h0PSIxIiB4bWxucz0iaHR0cDovL3d3dy53My5vcmcvMjAwMC9zdmciPjwvc3ZnPg==\" style=\"--smush-placeholder-width: 300px; --smush-placeholder-aspect-ratio: 300\/200;\" \/><\/a><\/p>\n<p style=\"text-align: center;\"><a href=\"https:\/\/feuerwehr-kufstein.at\/wp-content\/uploads\/2018\/10\/DSC05218-Full-HD.jpg\"><img decoding=\"async\" class=\"alignnone wp-image-190 size-medium lazyload\" data-src=\"https:\/\/feuerwehr-kufstein.at\/wp-content\/uploads\/2018\/10\/DSC05218-Full-HD-300x200.jpg\" alt=\"\" width=\"300\" height=\"200\" data-srcset=\"https:\/\/feuerwehr-kufstein.at\/wp-content\/uploads\/2018\/10\/DSC05218-Full-HD-300x200.jpg 300w, https:\/\/feuerwehr-kufstein.at\/wp-content\/uploads\/2018\/10\/DSC05218-Full-HD-1536x1024.jpg 1536w, https:\/\/feuerwehr-kufstein.at\/wp-content\/uploads\/2018\/10\/DSC05218-Full-HD-768x512.jpg 768w, https:\/\/feuerwehr-kufstein.at\/wp-content\/uploads\/2018\/10\/DSC05218-Full-HD-1024x683.jpg 1024w, https:\/\/feuerwehr-kufstein.at\/wp-content\/uploads\/2018\/10\/DSC05218-Full-HD.jpg 1620w\" data-sizes=\"(max-width: 300px) 100vw, 300px\" src=\"data:image\/svg+xml;base64,PHN2ZyB3aWR0aD0iMSIgaGVpZ2h0PSIxIiB4bWxucz0iaHR0cDovL3d3dy53My5vcmcvMjAwMC9zdmciPjwvc3ZnPg==\" style=\"--smush-placeholder-width: 300px; --smush-placeholder-aspect-ratio: 300\/200;\" \/><\/a><\/p>\n","protected":false},"excerpt":{"rendered":"<p>&nbsp; Baujahr 2015 Hersteller DIAPUMPE &nbsp; Die Gro\u00dfraumpumpe\u00a0hat eine\u00a0max. F\u00f6rderleistung von 6.000l pro Minute, bei einer F\u00f6rderh\u00f6he von max. 27 m und einer Ansaugh\u00f6he von max. 8 m. Angetrieben wird sie von einem 2330 ccm Deutz Dieselmotor. Der Tankinhalt von 120 l ist ausreichend f\u00fcr einen Dauerbetrieb von\u00a0bis zu 24 Std. Auf Grund des letzten [&hellip;]<\/p>\n","protected":false},"author":2,"featured_media":0,"parent":1669,"menu_order":2,"comment_status":"closed","ping_status":"closed","template":"","meta":{"footnotes":""},"class_list":["post-1239","page","type-page","status-publish","czr-hentry"],"_links":{"self":[{"href":"https:\/\/feuerwehr-kufstein.at\/index.php?rest_route=\/wp\/v2\/pages\/1239","targetHints":{"allow":["GET"]}}],"collection":[{"href":"https:\/\/feuerwehr-kufstein.at\/index.php?rest_route=\/wp\/v2\/pages"}],"about":[{"href":"https:\/\/feuerwehr-kufstein.at\/index.php?rest_route=\/wp\/v2\/types\/page"}],"author":[{"embeddable":true,"href":"https:\/\/feuerwehr-kufstein.at\/index.php?rest_route=\/wp\/v2\/users\/2"}],"replies":[{"embeddable":true,"href":"https:\/\/feuerwehr-kufstein.at\/index.php?rest_route=%2Fwp%2Fv2%2Fcomments&post=1239"}],"version-history":[{"count":0,"href":"https:\/\/feuerwehr-kufstein.at\/index.php?rest_route=\/wp\/v2\/pages\/1239\/revisions"}],"up":[{"embeddable":true,"href":"https:\/\/feuerwehr-kufstein.at\/index.php?rest_route=\/wp\/v2\/pages\/1669"}],"wp:attachment":[{"href":"https:\/\/feuerwehr-kufstein.at\/index.php?rest_route=%2Fwp%2Fv2%2Fmedia&parent=1239"}],"curies":[{"name":"wp","href":"https:\/\/api.w.org\/{rel}","templated":true}]}}