{"id":1279,"date":"2018-12-11T16:33:51","date_gmt":"2018-12-11T16:33:51","guid":{"rendered":"https:\/\/k100413-1.kufnet.at\/?page_id=1279"},"modified":"2019-01-02T19:21:36","modified_gmt":"2019-01-02T18:21:36","slug":"last-2","status":"publish","type":"page","link":"https:\/\/feuerwehr-kufstein.at\/?page_id=1279","title":{"rendered":"LAST 2"},"content":{"rendered":"<div class=\"zusatzseitetext_container\">\n<p><span style=\"color: #000000;\"><img decoding=\"async\" class=\"aligncenter wp-image-198 size-large lazyload\" data-src=\"http:\/\/feuerwehr-kufstein.at\/wp-content\/uploads\/2018\/10\/LAST-2-Full-HD-e1544651071778-1024x519.jpg\" alt=\"\" width=\"1024\" height=\"519\" src=\"data:image\/svg+xml;base64,PHN2ZyB3aWR0aD0iMSIgaGVpZ2h0PSIxIiB4bWxucz0iaHR0cDovL3d3dy53My5vcmcvMjAwMC9zdmciPjwvc3ZnPg==\" style=\"--smush-placeholder-width: 1024px; --smush-placeholder-aspect-ratio: 1024\/519;\" \/><\/span><\/p>\n<p style=\"text-align: center;\"><strong><span style=\"color: #000000;\">Lasttransportfahrzeug<\/span><\/strong><br \/>\n<strong><span style=\"color: #000000;\">Baujahr 2013<\/span><\/strong><br \/>\n<strong><span style=\"color: #000000;\">Nissan Navara<\/span><\/strong><br \/>\n<strong><span style=\"color: #000000;\">Rammer<\/span><\/strong><\/p>\n<p>&nbsp;<\/p>\n<p style=\"text-align: center;\"><span style=\"color: #000000;\">Der LAST 2 mit seinen 190 PS dient haupts\u00e4chlich als Zugfahrzeug f\u00fcr unsere Boote. Auf seiner ausziehbaren Ladefl\u00e4che findet sich \u00d6lbindemittel, ein Streuwagen, Schaufeln, Besen, sowie Lampen und ein Feuerl\u00f6scher.<\/span><\/p>\n<p><span style=\"color: #000000;\"><a href=\"http:\/\/feuerwehr-kufstein.at\/wp-content\/uploads\/2018\/10\/DSC05265.jpg\"><img decoding=\"async\" class=\"aligncenter wp-image-439 size-medium lazyload\" data-src=\"http:\/\/feuerwehr-kufstein.at\/wp-content\/uploads\/2018\/10\/DSC05265-300x200.jpg\" alt=\"\" width=\"300\" height=\"200\" data-srcset=\"https:\/\/feuerwehr-kufstein.at\/wp-content\/uploads\/2018\/10\/DSC05265-300x200.jpg 300w, https:\/\/feuerwehr-kufstein.at\/wp-content\/uploads\/2018\/10\/DSC05265-1536x1024.jpg 1536w, https:\/\/feuerwehr-kufstein.at\/wp-content\/uploads\/2018\/10\/DSC05265-2048x1365.jpg 2048w, https:\/\/feuerwehr-kufstein.at\/wp-content\/uploads\/2018\/10\/DSC05265-768x512.jpg 768w, https:\/\/feuerwehr-kufstein.at\/wp-content\/uploads\/2018\/10\/DSC05265-1024x683.jpg 1024w\" data-sizes=\"(max-width: 300px) 100vw, 300px\" src=\"data:image\/svg+xml;base64,PHN2ZyB3aWR0aD0iMSIgaGVpZ2h0PSIxIiB4bWxucz0iaHR0cDovL3d3dy53My5vcmcvMjAwMC9zdmciPjwvc3ZnPg==\" style=\"--smush-placeholder-width: 300px; --smush-placeholder-aspect-ratio: 300\/200;\" \/><\/a><\/span><\/p>\n<p><center><span style=\"color: #000000;\">\u00a0\u00a0\u00a0\u00a0\u00a0\u00a0\u00a0\u00a0\u00a0\u00a0\u00a0\u00a0\u00a0\u00a0\u00a0\u00a0\u00a0\u00a0\u00a0\u00a0\u00a0\u00a0\u00a0<\/span><\/center><\/div>\n","protected":false},"excerpt":{"rendered":"<p>Lasttransportfahrzeug Baujahr 2013 Nissan Navara Rammer &nbsp; Der LAST 2 mit seinen 190 PS dient haupts\u00e4chlich als Zugfahrzeug f\u00fcr unsere Boote. Auf seiner ausziehbaren Ladefl\u00e4che findet sich \u00d6lbindemittel, ein Streuwagen, Schaufeln, Besen, sowie Lampen und ein Feuerl\u00f6scher. \u00a0\u00a0\u00a0\u00a0\u00a0\u00a0\u00a0\u00a0\u00a0\u00a0\u00a0\u00a0\u00a0\u00a0\u00a0\u00a0\u00a0\u00a0\u00a0\u00a0\u00a0\u00a0\u00a0<\/p>\n","protected":false},"author":2,"featured_media":0,"parent":544,"menu_order":10,"comment_status":"closed","ping_status":"closed","template":"","meta":{"footnotes":""},"class_list":["post-1279","page","type-page","status-publish","czr-hentry"],"_links":{"self":[{"href":"https:\/\/feuerwehr-kufstein.at\/index.php?rest_route=\/wp\/v2\/pages\/1279","targetHints":{"allow":["GET"]}}],"collection":[{"href":"https:\/\/feuerwehr-kufstein.at\/index.php?rest_route=\/wp\/v2\/pages"}],"about":[{"href":"https:\/\/feuerwehr-kufstein.at\/index.php?rest_route=\/wp\/v2\/types\/page"}],"author":[{"embeddable":true,"href":"https:\/\/feuerwehr-kufstein.at\/index.php?rest_route=\/wp\/v2\/users\/2"}],"replies":[{"embeddable":true,"href":"https:\/\/feuerwehr-kufstein.at\/index.php?rest_route=%2Fwp%2Fv2%2Fcomments&post=1279"}],"version-history":[{"count":0,"href":"https:\/\/feuerwehr-kufstein.at\/index.php?rest_route=\/wp\/v2\/pages\/1279\/revisions"}],"up":[{"embeddable":true,"href":"https:\/\/feuerwehr-kufstein.at\/index.php?rest_route=\/wp\/v2\/pages\/544"}],"wp:attachment":[{"href":"https:\/\/feuerwehr-kufstein.at\/index.php?rest_route=%2Fwp%2Fv2%2Fmedia&parent=1279"}],"curies":[{"name":"wp","href":"https:\/\/api.w.org\/{rel}","templated":true}]}}