{"id":1305,"date":"2018-12-11T16:54:11","date_gmt":"2018-12-11T16:54:11","guid":{"rendered":"https:\/\/k100413-1.kufnet.at\/?page_id=1305"},"modified":"2024-10-01T14:19:31","modified_gmt":"2024-10-01T13:19:31","slug":"srf","status":"publish","type":"page","link":"https:\/\/feuerwehr-kufstein.at\/?page_id=1305","title":{"rendered":"SRF"},"content":{"rendered":"<p><span style=\"color: #000000;\"><a href=\"https:\/\/feuerwehr-kufstein.at\/wp-content\/uploads\/2018\/10\/SRF-Full-HD.jpg\"><img decoding=\"async\" class=\"aligncenter wp-image-206 size-large lazyload\" data-src=\"https:\/\/feuerwehr-kufstein.at\/wp-content\/uploads\/2018\/10\/SRF-Full-HD-1024x683.jpg\" alt=\"\" width=\"1024\" height=\"683\" data-srcset=\"https:\/\/feuerwehr-kufstein.at\/wp-content\/uploads\/2018\/10\/SRF-Full-HD-1024x683.jpg 1024w, https:\/\/feuerwehr-kufstein.at\/wp-content\/uploads\/2018\/10\/SRF-Full-HD-1536x1024.jpg 1536w, https:\/\/feuerwehr-kufstein.at\/wp-content\/uploads\/2018\/10\/SRF-Full-HD-300x200.jpg 300w, https:\/\/feuerwehr-kufstein.at\/wp-content\/uploads\/2018\/10\/SRF-Full-HD-768x512.jpg 768w, https:\/\/feuerwehr-kufstein.at\/wp-content\/uploads\/2018\/10\/SRF-Full-HD.jpg 1620w\" data-sizes=\"(max-width: 1024px) 100vw, 1024px\" src=\"data:image\/svg+xml;base64,PHN2ZyB3aWR0aD0iMSIgaGVpZ2h0PSIxIiB4bWxucz0iaHR0cDovL3d3dy53My5vcmcvMjAwMC9zdmciPjwvc3ZnPg==\" style=\"--smush-placeholder-width: 1024px; --smush-placeholder-aspect-ratio: 1024\/683;\" \/><\/a><\/span><\/p>\n<p style=\"text-align: center;\"><span style=\"color: #000000;\"><strong>Schweres R\u00fcstfahrzeug mit Allrad &amp; Kran<br \/>\nBaujahr 2010<br \/>\nMAN TGM 19.340<br \/>\nEMPL<br \/>\n<\/strong><strong>Besatzung 1:5<\/strong><\/span><\/p>\n<p>&nbsp;<\/p>\n<p style=\"text-align: center;\"><span style=\"color: #000000;\">Das\u00a0SRF kommt haupts\u00e4chlich bei Verkehrsunf\u00e4llen zum Einsatz. Aber durch seine vielseitige Beladung kann es fast jeden technischen Einsatz bew\u00e4ltigen. Ausgestattet ist dieses Fahrzeug neben einem Hiab-Kran\u00a0auch mit einer 5 to Treibmatic Frontseilwinde von Rotzler. Ebenso geh\u00f6rt eine Verkehrsleiteinrichtung zur Ausstattung.<\/span><\/p>\n<p>&nbsp;<\/p>\n<p>&nbsp;<\/p>\n<p><span style=\"color: #000000;\"><strong>Laderaum 1<br \/>\n<\/strong><a style=\"color: #000000;\" href=\"http:\/\/feuerwehr-kufstein.at\/wp-content\/uploads\/2018\/10\/DSC05067-Full-HD-e1539240272998.jpg\"><img decoding=\"async\" class=\"alignnone wp-image-39 size-medium lazyload\" data-src=\"http:\/\/feuerwehr-kufstein.at\/wp-content\/uploads\/2018\/10\/DSC05067-Full-HD-e1539240272998-200x300.jpg\" alt=\"\" width=\"200\" height=\"300\" data-srcset=\"https:\/\/feuerwehr-kufstein.at\/wp-content\/uploads\/2018\/10\/DSC05067-Full-HD-e1539240272998-200x300.jpg 200w, https:\/\/feuerwehr-kufstein.at\/wp-content\/uploads\/2018\/10\/DSC05067-Full-HD-e1539240272998-1024x1536.jpg 1024w, https:\/\/feuerwehr-kufstein.at\/wp-content\/uploads\/2018\/10\/DSC05067-Full-HD-e1539240272998-768x1152.jpg 768w, https:\/\/feuerwehr-kufstein.at\/wp-content\/uploads\/2018\/10\/DSC05067-Full-HD-e1539240272998-683x1024.jpg 683w, https:\/\/feuerwehr-kufstein.at\/wp-content\/uploads\/2018\/10\/DSC05067-Full-HD-e1539240272998.jpg 1080w\" data-sizes=\"(max-width: 200px) 100vw, 200px\" src=\"data:image\/svg+xml;base64,PHN2ZyB3aWR0aD0iMSIgaGVpZ2h0PSIxIiB4bWxucz0iaHR0cDovL3d3dy53My5vcmcvMjAwMC9zdmciPjwvc3ZnPg==\" style=\"--smush-placeholder-width: 200px; --smush-placeholder-aspect-ratio: 200\/300;\" \/><\/a> <a style=\"color: #000000;\" href=\"http:\/\/feuerwehr-kufstein.at\/wp-content\/uploads\/2018\/10\/DSC05066-Full-HD-e1539073382378.jpg\"><img decoding=\"async\" class=\"alignnone wp-image-38 size-medium lazyload\" data-src=\"http:\/\/feuerwehr-kufstein.at\/wp-content\/uploads\/2018\/10\/DSC05066-Full-HD-e1539073382378-200x300.jpg\" alt=\"\" width=\"200\" height=\"300\" data-srcset=\"https:\/\/feuerwehr-kufstein.at\/wp-content\/uploads\/2018\/10\/DSC05066-Full-HD-e1539073382378-200x300.jpg 200w, https:\/\/feuerwehr-kufstein.at\/wp-content\/uploads\/2018\/10\/DSC05066-Full-HD-e1539073382378-1024x1536.jpg 1024w, https:\/\/feuerwehr-kufstein.at\/wp-content\/uploads\/2018\/10\/DSC05066-Full-HD-e1539073382378-768x1152.jpg 768w, https:\/\/feuerwehr-kufstein.at\/wp-content\/uploads\/2018\/10\/DSC05066-Full-HD-e1539073382378-683x1024.jpg 683w, https:\/\/feuerwehr-kufstein.at\/wp-content\/uploads\/2018\/10\/DSC05066-Full-HD-e1539073382378.jpg 1080w\" data-sizes=\"(max-width: 200px) 100vw, 200px\" src=\"data:image\/svg+xml;base64,PHN2ZyB3aWR0aD0iMSIgaGVpZ2h0PSIxIiB4bWxucz0iaHR0cDovL3d3dy53My5vcmcvMjAwMC9zdmciPjwvc3ZnPg==\" style=\"--smush-placeholder-width: 200px; --smush-placeholder-aspect-ratio: 200\/300;\" \/><\/a><\/span><br \/>\n<span style=\"color: #000000;\">ein Stromaggregat, drei Tauchpumpen, vers. Feuerl\u00f6scher, mehrere Kabeltrommeln, Stative mit Flutlichtscheinwerfer, Hilti Bohrhammer und Fuchsschwanz, eine Trennschleifer, Werkzeugkiste<\/span><\/p>\n<p>&nbsp;<\/p>\n<p><span style=\"color: #000000;\"><strong>Laderaum 2<br \/>\n<\/strong><a style=\"color: #000000;\" href=\"http:\/\/feuerwehr-kufstein.at\/wp-content\/uploads\/2018\/10\/DSC05078-Full-HD-e1539073507878.jpg\"><img decoding=\"async\" class=\"alignnone wp-image-50 size-medium lazyload\" data-src=\"http:\/\/feuerwehr-kufstein.at\/wp-content\/uploads\/2018\/10\/DSC05078-Full-HD-e1539073507878-200x300.jpg\" alt=\"\" width=\"200\" height=\"300\" data-srcset=\"https:\/\/feuerwehr-kufstein.at\/wp-content\/uploads\/2018\/10\/DSC05078-Full-HD-e1539073507878-200x300.jpg 200w, https:\/\/feuerwehr-kufstein.at\/wp-content\/uploads\/2018\/10\/DSC05078-Full-HD-e1539073507878-1024x1536.jpg 1024w, https:\/\/feuerwehr-kufstein.at\/wp-content\/uploads\/2018\/10\/DSC05078-Full-HD-e1539073507878-768x1152.jpg 768w, https:\/\/feuerwehr-kufstein.at\/wp-content\/uploads\/2018\/10\/DSC05078-Full-HD-e1539073507878-683x1024.jpg 683w, https:\/\/feuerwehr-kufstein.at\/wp-content\/uploads\/2018\/10\/DSC05078-Full-HD-e1539073507878.jpg 1080w\" data-sizes=\"(max-width: 200px) 100vw, 200px\" src=\"data:image\/svg+xml;base64,PHN2ZyB3aWR0aD0iMSIgaGVpZ2h0PSIxIiB4bWxucz0iaHR0cDovL3d3dy53My5vcmcvMjAwMC9zdmciPjwvc3ZnPg==\" style=\"--smush-placeholder-width: 200px; --smush-placeholder-aspect-ratio: 200\/300;\" \/><\/a> <a style=\"color: #000000;\" href=\"http:\/\/feuerwehr-kufstein.at\/wp-content\/uploads\/2018\/10\/DSC05077-Full-HD-e1539073498792.jpg\"><img decoding=\"async\" class=\"alignnone wp-image-49 size-medium lazyload\" data-src=\"http:\/\/feuerwehr-kufstein.at\/wp-content\/uploads\/2018\/10\/DSC05077-Full-HD-e1539073498792-200x300.jpg\" alt=\"\" width=\"200\" height=\"300\" data-srcset=\"https:\/\/feuerwehr-kufstein.at\/wp-content\/uploads\/2018\/10\/DSC05077-Full-HD-e1539073498792-200x300.jpg 200w, https:\/\/feuerwehr-kufstein.at\/wp-content\/uploads\/2018\/10\/DSC05077-Full-HD-e1539073498792-1024x1536.jpg 1024w, https:\/\/feuerwehr-kufstein.at\/wp-content\/uploads\/2018\/10\/DSC05077-Full-HD-e1539073498792-768x1152.jpg 768w, https:\/\/feuerwehr-kufstein.at\/wp-content\/uploads\/2018\/10\/DSC05077-Full-HD-e1539073498792-683x1024.jpg 683w, https:\/\/feuerwehr-kufstein.at\/wp-content\/uploads\/2018\/10\/DSC05077-Full-HD-e1539073498792.jpg 1080w\" data-sizes=\"(max-width: 200px) 100vw, 200px\" src=\"data:image\/svg+xml;base64,PHN2ZyB3aWR0aD0iMSIgaGVpZ2h0PSIxIiB4bWxucz0iaHR0cDovL3d3dy53My5vcmcvMjAwMC9zdmciPjwvc3ZnPg==\" style=\"--smush-placeholder-width: 200px; --smush-placeholder-aspect-ratio: 200\/300;\" \/><\/a><\/span><br \/>\n<span style=\"color: #000000;\">eine Akkuschere, Unterbaumaterial, Schwerlastheber mit Aggrgat, Airbagsicherungen, Glasmanagment und Sicherungsmatten, 3 Schnellangriffhaspeln f\u00fcr Schere , Spreizer und Stempel oder Pedalschneider,\u00a0Hebekissen f\u00fcr 17\u00a0 &amp; 24 Tonnen, Stabfast Abst\u00fczsystem, Plasmaschneider<\/span><\/p>\n<p>&nbsp;<\/p>\n<p><span style=\"color: #000000;\"><strong>Laderaum 3<br \/>\n<\/strong><a style=\"color: #000000;\" href=\"http:\/\/feuerwehr-kufstein.at\/wp-content\/uploads\/2018\/10\/DSC05071-Full-HD-e1539073438901.jpg\"><img decoding=\"async\" class=\"alignnone wp-image-43 size-medium lazyload\" data-src=\"http:\/\/feuerwehr-kufstein.at\/wp-content\/uploads\/2018\/10\/DSC05071-Full-HD-e1539073438901-200x300.jpg\" alt=\"\" width=\"200\" height=\"300\" data-srcset=\"https:\/\/feuerwehr-kufstein.at\/wp-content\/uploads\/2018\/10\/DSC05071-Full-HD-e1539073438901-200x300.jpg 200w, https:\/\/feuerwehr-kufstein.at\/wp-content\/uploads\/2018\/10\/DSC05071-Full-HD-e1539073438901-1024x1536.jpg 1024w, https:\/\/feuerwehr-kufstein.at\/wp-content\/uploads\/2018\/10\/DSC05071-Full-HD-e1539073438901-768x1152.jpg 768w, https:\/\/feuerwehr-kufstein.at\/wp-content\/uploads\/2018\/10\/DSC05071-Full-HD-e1539073438901-683x1024.jpg 683w, https:\/\/feuerwehr-kufstein.at\/wp-content\/uploads\/2018\/10\/DSC05071-Full-HD-e1539073438901.jpg 1080w\" data-sizes=\"(max-width: 200px) 100vw, 200px\" src=\"data:image\/svg+xml;base64,PHN2ZyB3aWR0aD0iMSIgaGVpZ2h0PSIxIiB4bWxucz0iaHR0cDovL3d3dy53My5vcmcvMjAwMC9zdmciPjwvc3ZnPg==\" style=\"--smush-placeholder-width: 200px; --smush-placeholder-aspect-ratio: 200\/300;\" \/><\/a> <a style=\"color: #000000;\" href=\"http:\/\/feuerwehr-kufstein.at\/wp-content\/uploads\/2018\/10\/DSC05072-Full-HD-e1539073448268.jpg\"><img decoding=\"async\" class=\"alignnone wp-image-44 size-medium lazyload\" data-src=\"http:\/\/feuerwehr-kufstein.at\/wp-content\/uploads\/2018\/10\/DSC05072-Full-HD-e1539073448268-200x300.jpg\" alt=\"\" width=\"200\" height=\"300\" data-srcset=\"https:\/\/feuerwehr-kufstein.at\/wp-content\/uploads\/2018\/10\/DSC05072-Full-HD-e1539073448268-200x300.jpg 200w, https:\/\/feuerwehr-kufstein.at\/wp-content\/uploads\/2018\/10\/DSC05072-Full-HD-e1539073448268-1024x1536.jpg 1024w, https:\/\/feuerwehr-kufstein.at\/wp-content\/uploads\/2018\/10\/DSC05072-Full-HD-e1539073448268-768x1152.jpg 768w, https:\/\/feuerwehr-kufstein.at\/wp-content\/uploads\/2018\/10\/DSC05072-Full-HD-e1539073448268-683x1024.jpg 683w, https:\/\/feuerwehr-kufstein.at\/wp-content\/uploads\/2018\/10\/DSC05072-Full-HD-e1539073448268.jpg 1080w\" data-sizes=\"(max-width: 200px) 100vw, 200px\" src=\"data:image\/svg+xml;base64,PHN2ZyB3aWR0aD0iMSIgaGVpZ2h0PSIxIiB4bWxucz0iaHR0cDovL3d3dy53My5vcmcvMjAwMC9zdmciPjwvc3ZnPg==\" style=\"--smush-placeholder-width: 200px; --smush-placeholder-aspect-ratio: 200\/300;\" \/><\/a><\/span><br \/>\n<span style=\"color: #000000;\">ein Einbauaggregat, ein Gefas-Schnellangriff, einen Druckluftschlauch, \u00d6lbindemittel und Auffangmaterial, Motor- und Rettungss\u00e4ge mit Schutzausr\u00fcstung, eine Tauchpumpe, Werkzeugwand mit Folienschlauch<\/span><\/p>\n<p>&nbsp;<\/p>\n<p><span style=\"color: #000000;\"><strong>Laderaum 4<br \/>\n<\/strong><a style=\"color: #000000;\" href=\"http:\/\/feuerwehr-kufstein.at\/wp-content\/uploads\/2018\/10\/DSC05075-Full-HD-e1539073478892.jpg\"><img decoding=\"async\" class=\"alignnone wp-image-47 size-medium lazyload\" data-src=\"http:\/\/feuerwehr-kufstein.at\/wp-content\/uploads\/2018\/10\/DSC05075-Full-HD-e1539073478892-200x300.jpg\" alt=\"\" width=\"200\" height=\"300\" data-srcset=\"https:\/\/feuerwehr-kufstein.at\/wp-content\/uploads\/2018\/10\/DSC05075-Full-HD-e1539073478892-200x300.jpg 200w, https:\/\/feuerwehr-kufstein.at\/wp-content\/uploads\/2018\/10\/DSC05075-Full-HD-e1539073478892-1024x1536.jpg 1024w, https:\/\/feuerwehr-kufstein.at\/wp-content\/uploads\/2018\/10\/DSC05075-Full-HD-e1539073478892-768x1152.jpg 768w, https:\/\/feuerwehr-kufstein.at\/wp-content\/uploads\/2018\/10\/DSC05075-Full-HD-e1539073478892-683x1024.jpg 683w, https:\/\/feuerwehr-kufstein.at\/wp-content\/uploads\/2018\/10\/DSC05075-Full-HD-e1539073478892.jpg 1080w\" data-sizes=\"(max-width: 200px) 100vw, 200px\" src=\"data:image\/svg+xml;base64,PHN2ZyB3aWR0aD0iMSIgaGVpZ2h0PSIxIiB4bWxucz0iaHR0cDovL3d3dy53My5vcmcvMjAwMC9zdmciPjwvc3ZnPg==\" style=\"--smush-placeholder-width: 200px; --smush-placeholder-aspect-ratio: 200\/300;\" \/><\/a> <a style=\"color: #000000;\" href=\"http:\/\/feuerwehr-kufstein.at\/wp-content\/uploads\/2018\/10\/DSC05074-Full-HD-e1539073468864.jpg\"><img decoding=\"async\" class=\"alignnone wp-image-46 size-medium lazyload\" data-src=\"http:\/\/feuerwehr-kufstein.at\/wp-content\/uploads\/2018\/10\/DSC05074-Full-HD-e1539073468864-200x300.jpg\" alt=\"\" width=\"200\" height=\"300\" data-srcset=\"https:\/\/feuerwehr-kufstein.at\/wp-content\/uploads\/2018\/10\/DSC05074-Full-HD-e1539073468864-200x300.jpg 200w, https:\/\/feuerwehr-kufstein.at\/wp-content\/uploads\/2018\/10\/DSC05074-Full-HD-e1539073468864-1024x1536.jpg 1024w, https:\/\/feuerwehr-kufstein.at\/wp-content\/uploads\/2018\/10\/DSC05074-Full-HD-e1539073468864-768x1152.jpg 768w, https:\/\/feuerwehr-kufstein.at\/wp-content\/uploads\/2018\/10\/DSC05074-Full-HD-e1539073468864-683x1024.jpg 683w, https:\/\/feuerwehr-kufstein.at\/wp-content\/uploads\/2018\/10\/DSC05074-Full-HD-e1539073468864.jpg 1080w\" data-sizes=\"(max-width: 200px) 100vw, 200px\" src=\"data:image\/svg+xml;base64,PHN2ZyB3aWR0aD0iMSIgaGVpZ2h0PSIxIiB4bWxucz0iaHR0cDovL3d3dy53My5vcmcvMjAwMC9zdmciPjwvc3ZnPg==\" style=\"--smush-placeholder-width: 200px; --smush-placeholder-aspect-ratio: 200\/300;\" \/><\/a><\/span><br \/>\n<span style=\"color: #000000;\">eine Rettungsplattform, Sicherungsmaterial zur Personensicherung und Personenrettung, Gurte zur Tierbergung, Zubeh\u00f6r f\u00fcr Kran und Seilwinde, eine Schaufeltrage und einen Hubzug<\/span><\/p>\n<p>&nbsp;<\/p>\n<p><span style=\"color: #000000;\"><strong>Heck<br \/>\n<\/strong><a style=\"color: #000000;\" href=\"http:\/\/feuerwehr-kufstein.at\/wp-content\/uploads\/2018\/10\/DSC05081-Full-HD-e1539073518605.jpg\"><img decoding=\"async\" class=\"alignnone wp-image-53 size-medium lazyload\" data-src=\"http:\/\/feuerwehr-kufstein.at\/wp-content\/uploads\/2018\/10\/DSC05081-Full-HD-e1539073518605-200x300.jpg\" alt=\"\" width=\"200\" height=\"300\" data-srcset=\"https:\/\/feuerwehr-kufstein.at\/wp-content\/uploads\/2018\/10\/DSC05081-Full-HD-e1539073518605-200x300.jpg 200w, https:\/\/feuerwehr-kufstein.at\/wp-content\/uploads\/2018\/10\/DSC05081-Full-HD-e1539073518605-1024x1536.jpg 1024w, https:\/\/feuerwehr-kufstein.at\/wp-content\/uploads\/2018\/10\/DSC05081-Full-HD-e1539073518605-768x1152.jpg 768w, https:\/\/feuerwehr-kufstein.at\/wp-content\/uploads\/2018\/10\/DSC05081-Full-HD-e1539073518605-683x1024.jpg 683w, https:\/\/feuerwehr-kufstein.at\/wp-content\/uploads\/2018\/10\/DSC05081-Full-HD-e1539073518605.jpg 1080w\" data-sizes=\"(max-width: 200px) 100vw, 200px\" src=\"data:image\/svg+xml;base64,PHN2ZyB3aWR0aD0iMSIgaGVpZ2h0PSIxIiB4bWxucz0iaHR0cDovL3d3dy53My5vcmcvMjAwMC9zdmciPjwvc3ZnPg==\" style=\"--smush-placeholder-width: 200px; --smush-placeholder-aspect-ratio: 200\/300;\" \/><\/a>\u00a0\u00a0\u00a0\u00a0 <a style=\"color: #000000;\" href=\"http:\/\/feuerwehr-kufstein.at\/wp-content\/uploads\/2018\/10\/DSC05079-Full-HD.jpg\"><img decoding=\"async\" class=\"alignnone wp-image-51 size-medium lazyload\" data-src=\"http:\/\/feuerwehr-kufstein.at\/wp-content\/uploads\/2018\/10\/DSC05079-Full-HD-300x200.jpg\" alt=\"\" width=\"300\" height=\"200\" data-srcset=\"https:\/\/feuerwehr-kufstein.at\/wp-content\/uploads\/2018\/10\/DSC05079-Full-HD-300x200.jpg 300w, https:\/\/feuerwehr-kufstein.at\/wp-content\/uploads\/2018\/10\/DSC05079-Full-HD-1536x1024.jpg 1536w, https:\/\/feuerwehr-kufstein.at\/wp-content\/uploads\/2018\/10\/DSC05079-Full-HD-768x512.jpg 768w, https:\/\/feuerwehr-kufstein.at\/wp-content\/uploads\/2018\/10\/DSC05079-Full-HD-1024x683.jpg 1024w, https:\/\/feuerwehr-kufstein.at\/wp-content\/uploads\/2018\/10\/DSC05079-Full-HD.jpg 1620w\" data-sizes=\"(max-width: 300px) 100vw, 300px\" src=\"data:image\/svg+xml;base64,PHN2ZyB3aWR0aD0iMSIgaGVpZ2h0PSIxIiB4bWxucz0iaHR0cDovL3d3dy53My5vcmcvMjAwMC9zdmciPjwvc3ZnPg==\" style=\"--smush-placeholder-width: 300px; --smush-placeholder-aspect-ratio: 300\/200;\" \/><\/a><\/span><br \/>\n<span style=\"color: #000000;\">HIAB Kran mit 750 kg Last bei 14\u00a0m Ausladung. Weiters befindet sich eine Seilwinde am Kran die vorwiegend zur Personenbergung eingesetzt wird.<\/span><\/p>\n<p>&nbsp;<\/p>\n<p><span style=\"color: #000000;\"><strong>Dachbeladung<br \/>\n<\/strong><a style=\"color: #000000;\" href=\"http:\/\/feuerwehr-kufstein.at\/wp-content\/uploads\/2018\/10\/DSC05244.jpg\"><img decoding=\"async\" class=\"alignnone wp-image-432 size-medium lazyload\" data-src=\"http:\/\/feuerwehr-kufstein.at\/wp-content\/uploads\/2018\/10\/DSC05244-300x200.jpg\" alt=\"\" width=\"300\" height=\"200\" data-srcset=\"https:\/\/feuerwehr-kufstein.at\/wp-content\/uploads\/2018\/10\/DSC05244-300x200.jpg 300w, https:\/\/feuerwehr-kufstein.at\/wp-content\/uploads\/2018\/10\/DSC05244-1536x1024.jpg 1536w, https:\/\/feuerwehr-kufstein.at\/wp-content\/uploads\/2018\/10\/DSC05244-2048x1365.jpg 2048w, https:\/\/feuerwehr-kufstein.at\/wp-content\/uploads\/2018\/10\/DSC05244-768x512.jpg 768w, https:\/\/feuerwehr-kufstein.at\/wp-content\/uploads\/2018\/10\/DSC05244-1024x683.jpg 1024w\" data-sizes=\"(max-width: 300px) 100vw, 300px\" src=\"data:image\/svg+xml;base64,PHN2ZyB3aWR0aD0iMSIgaGVpZ2h0PSIxIiB4bWxucz0iaHR0cDovL3d3dy53My5vcmcvMjAwMC9zdmciPjwvc3ZnPg==\" style=\"--smush-placeholder-width: 300px; --smush-placeholder-aspect-ratio: 300\/200;\" \/><\/a><\/span><br \/>\n<span style=\"color: #000000;\">zwei Steckleiternteile, eine Stafflei, Auffahrbohlen, Deckensteher, eine Rettungswanne und ein Dreibein zur Tiefenbergung und ein dreh- und schwenkbarer Lichtmast<\/span><\/p>\n<p>&nbsp;<\/p>\n<p><span style=\"color: #000000;\"><strong>Mannschaftsraum<br \/>\n<\/strong><a style=\"color: #000000;\" href=\"http:\/\/feuerwehr-kufstein.at\/wp-content\/uploads\/2018\/10\/DSC05248.jpg\"><img decoding=\"async\" class=\"alignnone wp-image-433 size-medium lazyload\" data-src=\"http:\/\/feuerwehr-kufstein.at\/wp-content\/uploads\/2018\/10\/DSC05248-300x200.jpg\" alt=\"\" width=\"300\" height=\"200\" data-srcset=\"https:\/\/feuerwehr-kufstein.at\/wp-content\/uploads\/2018\/10\/DSC05248-300x200.jpg 300w, https:\/\/feuerwehr-kufstein.at\/wp-content\/uploads\/2018\/10\/DSC05248-1536x1024.jpg 1536w, https:\/\/feuerwehr-kufstein.at\/wp-content\/uploads\/2018\/10\/DSC05248-2048x1365.jpg 2048w, https:\/\/feuerwehr-kufstein.at\/wp-content\/uploads\/2018\/10\/DSC05248-768x512.jpg 768w, https:\/\/feuerwehr-kufstein.at\/wp-content\/uploads\/2018\/10\/DSC05248-1024x683.jpg 1024w\" data-sizes=\"(max-width: 300px) 100vw, 300px\" src=\"data:image\/svg+xml;base64,PHN2ZyB3aWR0aD0iMSIgaGVpZ2h0PSIxIiB4bWxucz0iaHR0cDovL3d3dy53My5vcmcvMjAwMC9zdmciPjwvc3ZnPg==\" style=\"--smush-placeholder-width: 300px; --smush-placeholder-aspect-ratio: 300\/200;\" \/><\/a><\/span><br \/>\n<span style=\"color: #000000;\">Mittel zur Verkehrsabsicherung, Fw-Gurte, Funkger\u00e4te und \u00a0Handlampen<\/span><\/p>\n<p><span style=\"color: #000000;\"><a style=\"color: #000000;\" href=\"http:\/\/feuerwehr-kufstein.at\/wp-content\/uploads\/2018\/10\/DSC05250.jpg\"><img decoding=\"async\" class=\"alignnone wp-image-434 size-medium lazyload\" data-src=\"http:\/\/feuerwehr-kufstein.at\/wp-content\/uploads\/2018\/10\/DSC05250-300x200.jpg\" alt=\"\" width=\"300\" height=\"200\" data-srcset=\"https:\/\/feuerwehr-kufstein.at\/wp-content\/uploads\/2018\/10\/DSC05250-300x200.jpg 300w, https:\/\/feuerwehr-kufstein.at\/wp-content\/uploads\/2018\/10\/DSC05250-1536x1024.jpg 1536w, https:\/\/feuerwehr-kufstein.at\/wp-content\/uploads\/2018\/10\/DSC05250-2048x1365.jpg 2048w, https:\/\/feuerwehr-kufstein.at\/wp-content\/uploads\/2018\/10\/DSC05250-768x512.jpg 768w, https:\/\/feuerwehr-kufstein.at\/wp-content\/uploads\/2018\/10\/DSC05250-1024x683.jpg 1024w\" data-sizes=\"(max-width: 300px) 100vw, 300px\" src=\"data:image\/svg+xml;base64,PHN2ZyB3aWR0aD0iMSIgaGVpZ2h0PSIxIiB4bWxucz0iaHR0cDovL3d3dy53My5vcmcvMjAwMC9zdmciPjwvc3ZnPg==\" style=\"--smush-placeholder-width: 300px; --smush-placeholder-aspect-ratio: 300\/200;\" \/><\/a><\/span><br \/>\n<span style=\"color: #000000;\">Monitor f\u00fcr die Heckkamera, Kontrolleinheit f\u00fcr die Verkehrsleiteinrichtung, sowie die Fernsteuerungen f\u00fcr die Frontseilwinde und den Kran<\/span><\/p>\n<p>&nbsp;<\/p>\n","protected":false},"excerpt":{"rendered":"<p>Schweres R\u00fcstfahrzeug mit Allrad &amp; Kran Baujahr 2010 MAN TGM 19.340 EMPL Besatzung 1:5 &nbsp; Das\u00a0SRF kommt haupts\u00e4chlich bei Verkehrsunf\u00e4llen zum Einsatz. Aber durch seine vielseitige Beladung kann es fast jeden technischen Einsatz bew\u00e4ltigen. Ausgestattet ist dieses Fahrzeug neben einem Hiab-Kran\u00a0auch mit einer 5 to Treibmatic Frontseilwinde von Rotzler. Ebenso geh\u00f6rt eine Verkehrsleiteinrichtung zur Ausstattung. [&hellip;]<\/p>\n","protected":false},"author":2,"featured_media":0,"parent":544,"menu_order":7,"comment_status":"closed","ping_status":"closed","template":"","meta":{"footnotes":""},"class_list":["post-1305","page","type-page","status-publish","czr-hentry"],"_links":{"self":[{"href":"https:\/\/feuerwehr-kufstein.at\/index.php?rest_route=\/wp\/v2\/pages\/1305","targetHints":{"allow":["GET"]}}],"collection":[{"href":"https:\/\/feuerwehr-kufstein.at\/index.php?rest_route=\/wp\/v2\/pages"}],"about":[{"href":"https:\/\/feuerwehr-kufstein.at\/index.php?rest_route=\/wp\/v2\/types\/page"}],"author":[{"embeddable":true,"href":"https:\/\/feuerwehr-kufstein.at\/index.php?rest_route=\/wp\/v2\/users\/2"}],"replies":[{"embeddable":true,"href":"https:\/\/feuerwehr-kufstein.at\/index.php?rest_route=%2Fwp%2Fv2%2Fcomments&post=1305"}],"version-history":[{"count":0,"href":"https:\/\/feuerwehr-kufstein.at\/index.php?rest_route=\/wp\/v2\/pages\/1305\/revisions"}],"up":[{"embeddable":true,"href":"https:\/\/feuerwehr-kufstein.at\/index.php?rest_route=\/wp\/v2\/pages\/544"}],"wp:attachment":[{"href":"https:\/\/feuerwehr-kufstein.at\/index.php?rest_route=%2Fwp%2Fv2%2Fmedia&parent=1305"}],"curies":[{"name":"wp","href":"https:\/\/api.w.org\/{rel}","templated":true}]}}