{"id":1315,"date":"2018-12-11T17:08:00","date_gmt":"2018-12-11T17:08:00","guid":{"rendered":"https:\/\/k100413-1.kufnet.at\/?page_id=1315"},"modified":"2025-12-04T10:29:59","modified_gmt":"2025-12-04T09:29:59","slug":"khd-technik","status":"publish","type":"page","link":"https:\/\/feuerwehr-kufstein.at\/?page_id=1315","title":{"rendered":"KHD &#038; Technik"},"content":{"rendered":"<p><span style=\"color: #000000;\">Zum Katastrophenhilfsdienst z\u00e4hlen vor allem Sonderfahrzeuge und Ger\u00e4tschaften, welche vom Land Tirol finanziert und den Feuerwehren zur Verf\u00fcgung gestellt werden. Diese sind strategisch \u00fcber das ganze Land bzw. die Bezirke bei gro\u00dfen St\u00fctzpunktfeuerwehren verteilt, k\u00f6nnen jedoch von anderen Feuerwehren im Bedarfsfall sofort angefordert werden.<\/span><\/p>\n<p><span style=\"color: #000000;\">Um die Technik dieser Sonderfahrzeuge zu beherrschen gibt es bei der Feuerwehr Kufstein einen eigenen KHD-Zug. Dieser setzt sich aus einem Teil der Gesamtmannschaft zusammen\u00a0&#8211; welche sich au\u00dfer mit den L\u00f6schfahrzeugen &#8211; auch noch mit der Ausstattungen dieser Sonderfahrzeuge besch\u00e4ftigt. Dazu sind eigene spezielle \u00dcbungen und Schulungen notwendig.<\/span><\/p>\n<p>Nachstehend die Sonderfahrzeuge und Ger\u00e4tschaften, welche bei der Feuerwehr Kufstein stationiert sind.<\/p>\n<p>&nbsp;<\/p>\n<ul>\n<li>\n<h2><span style=\"color: #000000;\">SchweresR\u00fcstFahrzeug (SRF)<\/span><\/h2>\n<\/li>\n<\/ul>\n<h6 style=\"text-align: center;\"><a href=\"https:\/\/feuerwehr-kufstein.at\/?page_id=1305\" target=\"_blank\" rel=\"noopener noreferrer\"><img decoding=\"async\" class=\"alignnone wp-image-36 lazyload\" data-src=\"http:\/\/feuerwehr-kufstein.at\/wp-content\/uploads\/2018\/10\/DSC05064-Full-HD.jpg\" alt=\"\" width=\"500\" height=\"333\" data-srcset=\"https:\/\/feuerwehr-kufstein.at\/wp-content\/uploads\/2018\/10\/DSC05064-Full-HD.jpg 1620w, https:\/\/feuerwehr-kufstein.at\/wp-content\/uploads\/2018\/10\/DSC05064-Full-HD-1536x1024.jpg 1536w, https:\/\/feuerwehr-kufstein.at\/wp-content\/uploads\/2018\/10\/DSC05064-Full-HD-300x200.jpg 300w, https:\/\/feuerwehr-kufstein.at\/wp-content\/uploads\/2018\/10\/DSC05064-Full-HD-768x512.jpg 768w, https:\/\/feuerwehr-kufstein.at\/wp-content\/uploads\/2018\/10\/DSC05064-Full-HD-1024x683.jpg 1024w\" data-sizes=\"(max-width: 500px) 100vw, 500px\" src=\"data:image\/svg+xml;base64,PHN2ZyB3aWR0aD0iMSIgaGVpZ2h0PSIxIiB4bWxucz0iaHR0cDovL3d3dy53My5vcmcvMjAwMC9zdmciPjwvc3ZnPg==\" style=\"--smush-placeholder-width: 500px; --smush-placeholder-aspect-ratio: 500\/333;\" \/><\/a><\/h6>\n<p style=\"text-align: center;\"><span style=\"color: #000000;\">f\u00fcr Details: Bild anklicken<\/span><\/p>\n<p><span style=\"color: #000000;\">Das Schwere R\u00fcstfahrzeug wird meist zur technischen Menschenrettung und Hilfeleistung eingesetzt (Verkehrsunfall, H\u00f6hen- u. Tiefenrettung usw.)<\/span><\/p>\n<ul>\n<li>\n<h2><span style=\"color: #000000;\">GefahrGutFahrzeug (GGF)<\/span><\/h2>\n<\/li>\n<\/ul>\n<h6><a href=\"https:\/\/feuerwehr-kufstein.at\/?page_id=1285\" target=\"_blank\" rel=\"noopener noreferrer\"><img decoding=\"async\" class=\"aligncenter wp-image-99 lazyload\" data-src=\"http:\/\/feuerwehr-kufstein.at\/wp-content\/uploads\/2018\/10\/DSC05127-Full-HD.jpg\" alt=\"\" width=\"500\" height=\"333\" data-srcset=\"https:\/\/feuerwehr-kufstein.at\/wp-content\/uploads\/2018\/10\/DSC05127-Full-HD.jpg 1620w, https:\/\/feuerwehr-kufstein.at\/wp-content\/uploads\/2018\/10\/DSC05127-Full-HD-1536x1024.jpg 1536w, https:\/\/feuerwehr-kufstein.at\/wp-content\/uploads\/2018\/10\/DSC05127-Full-HD-300x200.jpg 300w, https:\/\/feuerwehr-kufstein.at\/wp-content\/uploads\/2018\/10\/DSC05127-Full-HD-768x512.jpg 768w, https:\/\/feuerwehr-kufstein.at\/wp-content\/uploads\/2018\/10\/DSC05127-Full-HD-1024x683.jpg 1024w\" data-sizes=\"(max-width: 500px) 100vw, 500px\" src=\"data:image\/svg+xml;base64,PHN2ZyB3aWR0aD0iMSIgaGVpZ2h0PSIxIiB4bWxucz0iaHR0cDovL3d3dy53My5vcmcvMjAwMC9zdmciPjwvc3ZnPg==\" style=\"--smush-placeholder-width: 500px; --smush-placeholder-aspect-ratio: 500\/333;\" \/><\/a><\/h6>\n<p style=\"text-align: center;\"><span style=\"color: #000000;\">f\u00fcr Details: Bild anklicken<\/span><\/p>\n<p><span style=\"color: #000000;\">Das Gefahrgutfahrzeug kommt bei der Abwehr von chemischen, biologischen und atomaren Gefahren f\u00fcr Mensch und Umwelt zum Einsatz<\/span><\/p>\n<ul>\n<li>\n<h2><span style=\"color: #000000;\">Stromaggregat 80 kVA (StromA)<\/span><\/h2>\n<\/li>\n<\/ul>\n<h6><span style=\"color: #000000;\">\u00a0 \u00a0<a href=\"https:\/\/feuerwehr-kufstein.at\/?page_id=1276\" target=\"_blank\" rel=\"noopener noreferrer\"><img decoding=\"async\" class=\"aligncenter wp-image-183 lazyload\" data-src=\"http:\/\/feuerwehr-kufstein.at\/wp-content\/uploads\/2018\/10\/DSC05211-Full-HD.jpg\" alt=\"\" width=\"500\" height=\"333\" data-srcset=\"https:\/\/feuerwehr-kufstein.at\/wp-content\/uploads\/2018\/10\/DSC05211-Full-HD.jpg 1620w, https:\/\/feuerwehr-kufstein.at\/wp-content\/uploads\/2018\/10\/DSC05211-Full-HD-1536x1024.jpg 1536w, https:\/\/feuerwehr-kufstein.at\/wp-content\/uploads\/2018\/10\/DSC05211-Full-HD-300x200.jpg 300w, https:\/\/feuerwehr-kufstein.at\/wp-content\/uploads\/2018\/10\/DSC05211-Full-HD-768x512.jpg 768w, https:\/\/feuerwehr-kufstein.at\/wp-content\/uploads\/2018\/10\/DSC05211-Full-HD-1024x683.jpg 1024w\" data-sizes=\"(max-width: 500px) 100vw, 500px\" src=\"data:image\/svg+xml;base64,PHN2ZyB3aWR0aD0iMSIgaGVpZ2h0PSIxIiB4bWxucz0iaHR0cDovL3d3dy53My5vcmcvMjAwMC9zdmciPjwvc3ZnPg==\" style=\"--smush-placeholder-width: 500px; --smush-placeholder-aspect-ratio: 500\/333;\" \/><\/a><\/span><\/h6>\n<p style=\"text-align: center;\"><span style=\"color: #000000;\">f\u00fcr Details: Bild anklicken<\/span><\/p>\n<p><span style=\"color: #000000;\">Dieser 80kVA Anh\u00e4nger wird zur Stromerzeugung verwendet um bei einem Stromausfall wichtige Infrastrukturen (z.B. Kommunikationsanlagen) mit Strom versorgen zu k\u00f6nnen<\/span><\/p>\n<ul>\n<li>\n<h2><span style=\"color: #000000;\">Gro\u00dfraumpumpe 6.000 l \/min<\/span><\/h2>\n<\/li>\n<\/ul>\n<p style=\"text-align: center;\"><span style=\"color: #000000;\"><a href=\"https:\/\/feuerwehr-kufstein.at\/?page_id=1239\" target=\"_blank\" rel=\"noopener noreferrer\"><img decoding=\"async\" class=\"aligncenter wp-image-185 lazyload\" data-src=\"http:\/\/feuerwehr-kufstein.at\/wp-content\/uploads\/2018\/10\/DSC05213-Full-HD.jpg\" alt=\"\" width=\"500\" height=\"333\" data-srcset=\"https:\/\/feuerwehr-kufstein.at\/wp-content\/uploads\/2018\/10\/DSC05213-Full-HD.jpg 1620w, https:\/\/feuerwehr-kufstein.at\/wp-content\/uploads\/2018\/10\/DSC05213-Full-HD-1536x1024.jpg 1536w, https:\/\/feuerwehr-kufstein.at\/wp-content\/uploads\/2018\/10\/DSC05213-Full-HD-300x200.jpg 300w, https:\/\/feuerwehr-kufstein.at\/wp-content\/uploads\/2018\/10\/DSC05213-Full-HD-768x512.jpg 768w, https:\/\/feuerwehr-kufstein.at\/wp-content\/uploads\/2018\/10\/DSC05213-Full-HD-1024x683.jpg 1024w\" data-sizes=\"(max-width: 500px) 100vw, 500px\" src=\"data:image\/svg+xml;base64,PHN2ZyB3aWR0aD0iMSIgaGVpZ2h0PSIxIiB4bWxucz0iaHR0cDovL3d3dy53My5vcmcvMjAwMC9zdmciPjwvc3ZnPg==\" style=\"--smush-placeholder-width: 500px; --smush-placeholder-aspect-ratio: 500\/333;\" \/><\/a><\/span><\/p>\n<p>f\u00fcr Details: Bild anklicken<\/p>\n<p><span style=\"color: #000000;\">Die Gro\u00dfraumpumpe kommt bei Hochwasser zum Einsatz um gro\u00dfe Wassermenge bewegen zu k\u00f6nnen, wie z.B. bei Tiefgaragen und Unterf\u00fchrungen<\/span><\/p>\n<ul>\n<li>\n<h2><span style=\"color: #000000;\">Drehleiter mit Korb &#8211; 42 Meter (DLK 38-12)<\/span><\/h2>\n<\/li>\n<\/ul>\n<h6 style=\"text-align: center;\"><a href=\"https:\/\/feuerwehr-kufstein.at\/?page_id=11783\"><img decoding=\"async\" class=\"alignnone wp-image-11794 lazyload\" data-src=\"https:\/\/feuerwehr-kufstein.at\/wp-content\/uploads\/2025\/11\/3f4a23c9-f4da-495d-87f6-62ab98f5d484-1024x684.jpeg\" alt=\"\" width=\"500\" height=\"334\" data-srcset=\"https:\/\/feuerwehr-kufstein.at\/wp-content\/uploads\/2025\/11\/3f4a23c9-f4da-495d-87f6-62ab98f5d484-1024x684.jpeg 1024w, https:\/\/feuerwehr-kufstein.at\/wp-content\/uploads\/2025\/11\/3f4a23c9-f4da-495d-87f6-62ab98f5d484-300x200.jpeg 300w, https:\/\/feuerwehr-kufstein.at\/wp-content\/uploads\/2025\/11\/3f4a23c9-f4da-495d-87f6-62ab98f5d484-768x513.jpeg 768w, https:\/\/feuerwehr-kufstein.at\/wp-content\/uploads\/2025\/11\/3f4a23c9-f4da-495d-87f6-62ab98f5d484-1536x1026.jpeg 1536w, https:\/\/feuerwehr-kufstein.at\/wp-content\/uploads\/2025\/11\/3f4a23c9-f4da-495d-87f6-62ab98f5d484.jpeg 1600w\" data-sizes=\"(max-width: 500px) 100vw, 500px\" src=\"data:image\/svg+xml;base64,PHN2ZyB3aWR0aD0iMSIgaGVpZ2h0PSIxIiB4bWxucz0iaHR0cDovL3d3dy53My5vcmcvMjAwMC9zdmciPjwvc3ZnPg==\" style=\"--smush-placeholder-width: 500px; --smush-placeholder-aspect-ratio: 500\/334;\" \/><\/a><\/h6>\n<p style=\"text-align: center;\"><span style=\"color: #000000;\">\u00a0 f\u00fcr Details: Bild anklicken<\/span><\/p>\n<p><span style=\"color: #000000;\">Drehleitern sind ebenfalls Sonderfahrzeuge. Sie werden sowohl von den Gemeinden als auch vom Land Tirol finanziert.<\/span><br \/>\n<span style=\"color: #000000;\">Die\u00a0Drehleiter der FF Kufstein ist mit ihren 37 Metern die gr\u00f6\u00dfte im Bezirk. Sie kommt vor allem bei Br\u00e4nden, wie z.B. Hochh\u00e4usern oder Dachst\u00fchlen zum Einsatz, wird aber auch f\u00fcr die Personenrettung aus gro\u00dfen H\u00f6hen oder Tiefen ben\u00f6tigt.<\/span><\/p>\n<ul>\n<li>\n<h2><span style=\"color: #000000;\">\u00d6lsperre 210 Meter<\/span><\/h2>\n<\/li>\n<\/ul>\n<h6 style=\"text-align: center;\"><span style=\"color: #000000;\"><a href=\"https:\/\/feuerwehr-kufstein.at\/?page_id=1236\" target=\"_blank\" rel=\"noopener noreferrer\"><img decoding=\"async\" class=\"aligncenter wp-image-157 lazyload\" data-src=\"http:\/\/feuerwehr-kufstein.at\/wp-content\/uploads\/2018\/10\/DSC05185-Full-HD.jpg\" alt=\"\" width=\"500\" height=\"333\" data-srcset=\"https:\/\/feuerwehr-kufstein.at\/wp-content\/uploads\/2018\/10\/DSC05185-Full-HD.jpg 1620w, https:\/\/feuerwehr-kufstein.at\/wp-content\/uploads\/2018\/10\/DSC05185-Full-HD-1536x1024.jpg 1536w, https:\/\/feuerwehr-kufstein.at\/wp-content\/uploads\/2018\/10\/DSC05185-Full-HD-300x200.jpg 300w, https:\/\/feuerwehr-kufstein.at\/wp-content\/uploads\/2018\/10\/DSC05185-Full-HD-768x512.jpg 768w, https:\/\/feuerwehr-kufstein.at\/wp-content\/uploads\/2018\/10\/DSC05185-Full-HD-1024x683.jpg 1024w\" data-sizes=\"(max-width: 500px) 100vw, 500px\" src=\"data:image\/svg+xml;base64,PHN2ZyB3aWR0aD0iMSIgaGVpZ2h0PSIxIiB4bWxucz0iaHR0cDovL3d3dy53My5vcmcvMjAwMC9zdmciPjwvc3ZnPg==\" style=\"--smush-placeholder-width: 500px; --smush-placeholder-aspect-ratio: 500\/333;\" \/><\/a><\/span><\/h6>\n<p style=\"text-align: center;\"><span style=\"color: #000000;\">f\u00fcr Details: Bild anklicken<\/span><\/p>\n<p><span style=\"color: #000000;\">Die \u00d6lsperre kommt beim Gew\u00e4sserschutz zum Einsatz wenn schwimmf\u00e4hige Betriebsstoffe wie \u00d6l, Benzin usw. in Gew\u00e4sser gelangen um deren Ausbreitung zu verhindern und die Stoffe absaugen bzw. binden zu k\u00f6nnen.<\/span><\/p>\n<div class=\"zusatzseitetext_container\">\n<ul>\n<li class=\"align_center\">\n<h2><span style=\"color: #000000;\">L\u00f6schwasserbeh\u00e4lter<\/span><\/h2>\n<\/li>\n<\/ul>\n<p><span style=\"color: #000000;\"><a href=\"https:\/\/feuerwehr-kufstein.at\/?page_id=1596\" target=\"_blank\" rel=\"noopener noreferrer\"><img decoding=\"async\" class=\"aligncenter wp-image-350 lazyload\" data-src=\"http:\/\/feuerwehr-kufstein.at\/wp-content\/uploads\/2018\/10\/DSC00511.jpg\" alt=\"\" width=\"500\" height=\"333\" src=\"data:image\/svg+xml;base64,PHN2ZyB3aWR0aD0iMSIgaGVpZ2h0PSIxIiB4bWxucz0iaHR0cDovL3d3dy53My5vcmcvMjAwMC9zdmciPjwvc3ZnPg==\" style=\"--smush-placeholder-width: 500px; --smush-placeholder-aspect-ratio: 500\/333;\" \/><\/a><\/span><\/p>\n<\/div>\n<p style=\"text-align: center;\"><span style=\"color: #000000;\">f\u00fcr Details: Bild anklicken<\/span><\/p>\n<div class=\"zusatzseitetext_container\">\n<p><span style=\"color: #000000;\">Diese kommen bei Br\u00e4nden in unwegsamen Gel\u00e4nde (Waldbrand, usw.) zum Einsatz.\u00a0Sie fassen ca. 550 l (Bambi Bucket)\u00a0u. 500 l (Renzler) Wasser.<\/span><\/p>\n<\/div>\n<p>&nbsp;<\/p>\n<div class=\"zusatzseitetext_container\">\n<p>&nbsp;<\/p>\n<p class=\"align_center\">\n<\/div>\n","protected":false},"excerpt":{"rendered":"<p>Zum Katastrophenhilfsdienst z\u00e4hlen vor allem Sonderfahrzeuge und Ger\u00e4tschaften, welche vom Land Tirol finanziert und den Feuerwehren zur Verf\u00fcgung gestellt werden. Diese sind strategisch \u00fcber das ganze Land bzw. die Bezirke bei gro\u00dfen St\u00fctzpunktfeuerwehren verteilt, k\u00f6nnen jedoch von anderen Feuerwehren im Bedarfsfall sofort angefordert werden. Um die Technik dieser Sonderfahrzeuge zu beherrschen gibt es bei der [&hellip;]<\/p>\n","protected":false},"author":2,"featured_media":0,"parent":499,"menu_order":2,"comment_status":"closed","ping_status":"closed","template":"","meta":{"footnotes":""},"class_list":["post-1315","page","type-page","status-publish","czr-hentry"],"_links":{"self":[{"href":"https:\/\/feuerwehr-kufstein.at\/index.php?rest_route=\/wp\/v2\/pages\/1315","targetHints":{"allow":["GET"]}}],"collection":[{"href":"https:\/\/feuerwehr-kufstein.at\/index.php?rest_route=\/wp\/v2\/pages"}],"about":[{"href":"https:\/\/feuerwehr-kufstein.at\/index.php?rest_route=\/wp\/v2\/types\/page"}],"author":[{"embeddable":true,"href":"https:\/\/feuerwehr-kufstein.at\/index.php?rest_route=\/wp\/v2\/users\/2"}],"replies":[{"embeddable":true,"href":"https:\/\/feuerwehr-kufstein.at\/index.php?rest_route=%2Fwp%2Fv2%2Fcomments&post=1315"}],"version-history":[{"count":0,"href":"https:\/\/feuerwehr-kufstein.at\/index.php?rest_route=\/wp\/v2\/pages\/1315\/revisions"}],"up":[{"embeddable":true,"href":"https:\/\/feuerwehr-kufstein.at\/index.php?rest_route=\/wp\/v2\/pages\/499"}],"wp:attachment":[{"href":"https:\/\/feuerwehr-kufstein.at\/index.php?rest_route=%2Fwp%2Fv2%2Fmedia&parent=1315"}],"curies":[{"name":"wp","href":"https:\/\/api.w.org\/{rel}","templated":true}]}}