{"id":1596,"date":"2018-12-14T15:09:54","date_gmt":"2018-12-14T14:09:54","guid":{"rendered":"https:\/\/k100413-1.kufnet.at\/?page_id=1596"},"modified":"2022-09-09T15:58:09","modified_gmt":"2022-09-09T14:58:09","slug":"untergeschoss","status":"publish","type":"page","link":"https:\/\/feuerwehr-kufstein.at\/?page_id=1596","title":{"rendered":"Untergeschoss"},"content":{"rendered":"<h2 style=\"text-align: center;\"><span style=\"color: #000000;\"><em><strong>Tiefgarage \/Materiallager<\/strong><\/em><\/span><\/h2>\n<p style=\"text-align: center;\"><span style=\"color: #000000;\">Zu den bestehenden Lagerr\u00e4umen unter der Fahrzeughalle wurden im Zuge des Neubaus 2022 unter dem Zubau neue Tiefgaragenstellpl\u00e4tze f\u00fcr diverse Anh\u00e4nger und ein Katastrophenlager errichtet.<\/span><\/p>\n<div id='gallery-1' class='czr-gallery row flex-row czr-gallery-style gallery galleryid-1596 gallery-columns-4 gallery-size-thumbnail'><figure class='gallery-item col col-auto'>\r\n                        <div class='gallery-icon landscape czr-gallery-icon'>\r\n                              <a data-lb-type=\"grouped-gallery\" title=\"Zufahrt unter dem Neubau\" href=https:\/\/feuerwehr-kufstein.at\/wp-content\/uploads\/2022\/09\/IMG_20220908_164525-scaled.jpg class=\"bg-link\"><\/a><img decoding=\"async\" width=\"150\" height=\"150\" data-src=\"https:\/\/feuerwehr-kufstein.at\/wp-content\/uploads\/2022\/09\/IMG_20220908_164525-150x150.jpg\" class=\"attachment-thumbnail size-thumbnail no-lazy lazyload\" alt=\"\" data-sizes=\"(min-width: 1200px) 255px, (min-width: 992px) 210px, (min-width: 768px) 150px, (min-width: 576px) 105px, calc( 50vw - 30px )\" aria-describedby=\"gallery-1-8925\" data-srcset=\"https:\/\/feuerwehr-kufstein.at\/wp-content\/uploads\/2022\/09\/IMG_20220908_164525-150x150.jpg 150w, https:\/\/feuerwehr-kufstein.at\/wp-content\/uploads\/2022\/09\/IMG_20220908_164525-510x510.jpg 510w\" src=\"data:image\/svg+xml;base64,PHN2ZyB3aWR0aD0iMSIgaGVpZ2h0PSIxIiB4bWxucz0iaHR0cDovL3d3dy53My5vcmcvMjAwMC9zdmciPjwvc3ZnPg==\" style=\"--smush-placeholder-width: 150px; --smush-placeholder-aspect-ratio: 150\/150;\" \/>\r\n                        <\/div>\r\n                              <figcaption class='wp-caption-text gallery-caption' id='gallery-1-8925'>\r\n                              Zufahrt unter dem Neubau\r\n                              <\/figcaption><\/figure><figure class='gallery-item col col-auto'>\r\n                        <div class='gallery-icon landscape czr-gallery-icon'>\r\n                              <a data-lb-type=\"grouped-gallery\" title=\"Garagen f\u00fcr\" href=https:\/\/feuerwehr-kufstein.at\/wp-content\/uploads\/2022\/09\/IMG_20220908_164510-scaled.jpg class=\"bg-link\"><\/a><img decoding=\"async\" width=\"150\" height=\"150\" data-src=\"https:\/\/feuerwehr-kufstein.at\/wp-content\/uploads\/2022\/09\/IMG_20220908_164510-150x150.jpg\" class=\"attachment-thumbnail size-thumbnail no-lazy lazyload\" alt=\"\" data-sizes=\"(min-width: 1200px) 255px, (min-width: 992px) 210px, (min-width: 768px) 150px, (min-width: 576px) 105px, calc( 50vw - 30px )\" aria-describedby=\"gallery-1-8926\" data-srcset=\"https:\/\/feuerwehr-kufstein.at\/wp-content\/uploads\/2022\/09\/IMG_20220908_164510-150x150.jpg 150w, https:\/\/feuerwehr-kufstein.at\/wp-content\/uploads\/2022\/09\/IMG_20220908_164510-510x510.jpg 510w\" src=\"data:image\/svg+xml;base64,PHN2ZyB3aWR0aD0iMSIgaGVpZ2h0PSIxIiB4bWxucz0iaHR0cDovL3d3dy53My5vcmcvMjAwMC9zdmciPjwvc3ZnPg==\" style=\"--smush-placeholder-width: 150px; --smush-placeholder-aspect-ratio: 150\/150;\" \/>\r\n                        <\/div>\r\n                              <figcaption class='wp-caption-text gallery-caption' id='gallery-1-8926'>\r\n                              Garagen f\u00fcr\r\n                              <\/figcaption><\/figure><figure class='gallery-item col col-auto'>\r\n                        <div class='gallery-icon landscape czr-gallery-icon'>\r\n                              <a data-lb-type=\"grouped-gallery\" title=\"\u00d6lsperre\" href=https:\/\/feuerwehr-kufstein.at\/wp-content\/uploads\/2022\/09\/IMG_20220908_164310-2-scaled.jpg class=\"bg-link\"><\/a><img decoding=\"async\" width=\"150\" height=\"150\" data-src=\"https:\/\/feuerwehr-kufstein.at\/wp-content\/uploads\/2022\/09\/IMG_20220908_164310-2-150x150.jpg\" class=\"attachment-thumbnail size-thumbnail no-lazy lazyload\" alt=\"\" data-sizes=\"(min-width: 1200px) 255px, (min-width: 992px) 210px, (min-width: 768px) 150px, (min-width: 576px) 105px, calc( 50vw - 30px )\" aria-describedby=\"gallery-1-8950\" data-srcset=\"https:\/\/feuerwehr-kufstein.at\/wp-content\/uploads\/2022\/09\/IMG_20220908_164310-2-150x150.jpg 150w, https:\/\/feuerwehr-kufstein.at\/wp-content\/uploads\/2022\/09\/IMG_20220908_164310-2-510x510.jpg 510w\" src=\"data:image\/svg+xml;base64,PHN2ZyB3aWR0aD0iMSIgaGVpZ2h0PSIxIiB4bWxucz0iaHR0cDovL3d3dy53My5vcmcvMjAwMC9zdmciPjwvc3ZnPg==\" style=\"--smush-placeholder-width: 150px; --smush-placeholder-aspect-ratio: 150\/150;\" \/>\r\n                        <\/div>\r\n                              <figcaption class='wp-caption-text gallery-caption' id='gallery-1-8950'>\r\n                              \u00d6lsperre\r\n                              <\/figcaption><\/figure><figure class='gallery-item col col-auto'>\r\n                        <div class='gallery-icon landscape czr-gallery-icon'>\r\n                              <a data-lb-type=\"grouped-gallery\" title=\"L\u00fcfter, Stromaggregat\" href=https:\/\/feuerwehr-kufstein.at\/wp-content\/uploads\/2022\/09\/IMG_20220908_164231-scaled.jpg class=\"bg-link\"><\/a><img decoding=\"async\" width=\"150\" height=\"150\" data-src=\"https:\/\/feuerwehr-kufstein.at\/wp-content\/uploads\/2022\/09\/IMG_20220908_164231-150x150.jpg\" class=\"attachment-thumbnail size-thumbnail no-lazy lazyload\" alt=\"\" data-sizes=\"(min-width: 1200px) 255px, (min-width: 992px) 210px, (min-width: 768px) 150px, (min-width: 576px) 105px, calc( 50vw - 30px )\" aria-describedby=\"gallery-1-8949\" data-srcset=\"https:\/\/feuerwehr-kufstein.at\/wp-content\/uploads\/2022\/09\/IMG_20220908_164231-150x150.jpg 150w, https:\/\/feuerwehr-kufstein.at\/wp-content\/uploads\/2022\/09\/IMG_20220908_164231-510x510.jpg 510w\" src=\"data:image\/svg+xml;base64,PHN2ZyB3aWR0aD0iMSIgaGVpZ2h0PSIxIiB4bWxucz0iaHR0cDovL3d3dy53My5vcmcvMjAwMC9zdmciPjwvc3ZnPg==\" style=\"--smush-placeholder-width: 150px; --smush-placeholder-aspect-ratio: 150\/150;\" \/>\r\n                        <\/div>\r\n                              <figcaption class='wp-caption-text gallery-caption' id='gallery-1-8949'>\r\n                              L\u00fcfter, Stromaggregat\r\n                              <\/figcaption><\/figure><figure class='gallery-item col col-auto'>\r\n                        <div class='gallery-icon landscape czr-gallery-icon'>\r\n                              <a data-lb-type=\"grouped-gallery\" title=\"KAT-Lager mit Sands\u00e4cken,\" href=https:\/\/feuerwehr-kufstein.at\/wp-content\/uploads\/2022\/09\/IMG_20220908_164435-scaled.jpg class=\"bg-link\"><\/a><img decoding=\"async\" width=\"150\" height=\"150\" data-src=\"https:\/\/feuerwehr-kufstein.at\/wp-content\/uploads\/2022\/09\/IMG_20220908_164435-150x150.jpg\" class=\"attachment-thumbnail size-thumbnail no-lazy lazyload\" alt=\"\" data-sizes=\"(min-width: 1200px) 255px, (min-width: 992px) 210px, (min-width: 768px) 150px, (min-width: 576px) 105px, calc( 50vw - 30px )\" aria-describedby=\"gallery-1-8928\" data-srcset=\"https:\/\/feuerwehr-kufstein.at\/wp-content\/uploads\/2022\/09\/IMG_20220908_164435-150x150.jpg 150w, https:\/\/feuerwehr-kufstein.at\/wp-content\/uploads\/2022\/09\/IMG_20220908_164435-510x510.jpg 510w\" src=\"data:image\/svg+xml;base64,PHN2ZyB3aWR0aD0iMSIgaGVpZ2h0PSIxIiB4bWxucz0iaHR0cDovL3d3dy53My5vcmcvMjAwMC9zdmciPjwvc3ZnPg==\" style=\"--smush-placeholder-width: 150px; --smush-placeholder-aspect-ratio: 150\/150;\" \/>\r\n                        <\/div>\r\n                              <figcaption class='wp-caption-text gallery-caption' id='gallery-1-8928'>\r\n                              KAT-Lager mit Sands\u00e4cken,\r\n                              <\/figcaption><\/figure><figure class='gallery-item col col-auto'>\r\n                        <div class='gallery-icon landscape czr-gallery-icon'>\r\n                              <a data-lb-type=\"grouped-gallery\" title=\"Hochwasserbarrieren\" href=https:\/\/feuerwehr-kufstein.at\/wp-content\/uploads\/2022\/09\/IMG_20220908_164444-scaled.jpg class=\"bg-link\"><\/a><img decoding=\"async\" width=\"150\" height=\"150\" data-src=\"https:\/\/feuerwehr-kufstein.at\/wp-content\/uploads\/2022\/09\/IMG_20220908_164444-150x150.jpg\" class=\"attachment-thumbnail size-thumbnail no-lazy lazyload\" alt=\"\" data-sizes=\"(min-width: 1200px) 255px, (min-width: 992px) 210px, (min-width: 768px) 150px, (min-width: 576px) 105px, calc( 50vw - 30px )\" aria-describedby=\"gallery-1-8927\" data-srcset=\"https:\/\/feuerwehr-kufstein.at\/wp-content\/uploads\/2022\/09\/IMG_20220908_164444-150x150.jpg 150w, https:\/\/feuerwehr-kufstein.at\/wp-content\/uploads\/2022\/09\/IMG_20220908_164444-510x510.jpg 510w\" src=\"data:image\/svg+xml;base64,PHN2ZyB3aWR0aD0iMSIgaGVpZ2h0PSIxIiB4bWxucz0iaHR0cDovL3d3dy53My5vcmcvMjAwMC9zdmciPjwvc3ZnPg==\" style=\"--smush-placeholder-width: 150px; --smush-placeholder-aspect-ratio: 150\/150;\" \/>\r\n                        <\/div>\r\n                              <figcaption class='wp-caption-text gallery-caption' id='gallery-1-8927'>\r\n                              Hochwasserbarrieren\r\n                              <\/figcaption><\/figure><figure class='gallery-item col col-auto'>\r\n                        <div class='gallery-icon landscape czr-gallery-icon'>\r\n                              <a data-lb-type=\"grouped-gallery\" title=\"L\u00f6schwasserbeh\u00e4lter\" href=https:\/\/feuerwehr-kufstein.at\/wp-content\/uploads\/2022\/09\/IMG_20220908_164347-scaled.jpg class=\"bg-link\"><\/a><img decoding=\"async\" width=\"150\" height=\"150\" data-src=\"https:\/\/feuerwehr-kufstein.at\/wp-content\/uploads\/2022\/09\/IMG_20220908_164347-150x150.jpg\" class=\"attachment-thumbnail size-thumbnail no-lazy lazyload\" alt=\"\" data-sizes=\"(min-width: 1200px) 255px, (min-width: 992px) 210px, (min-width: 768px) 150px, (min-width: 576px) 105px, calc( 50vw - 30px )\" aria-describedby=\"gallery-1-8929\" data-srcset=\"https:\/\/feuerwehr-kufstein.at\/wp-content\/uploads\/2022\/09\/IMG_20220908_164347-150x150.jpg 150w, https:\/\/feuerwehr-kufstein.at\/wp-content\/uploads\/2022\/09\/IMG_20220908_164347-510x510.jpg 510w\" src=\"data:image\/svg+xml;base64,PHN2ZyB3aWR0aD0iMSIgaGVpZ2h0PSIxIiB4bWxucz0iaHR0cDovL3d3dy53My5vcmcvMjAwMC9zdmciPjwvc3ZnPg==\" style=\"--smush-placeholder-width: 150px; --smush-placeholder-aspect-ratio: 150\/150;\" \/>\r\n                        <\/div>\r\n                              <figcaption class='wp-caption-text gallery-caption' id='gallery-1-8929'>\r\n                              L\u00f6schwasserbeh\u00e4lter\r\n                              <\/figcaption><\/figure><figure class='gallery-item col col-auto'>\r\n                        <div class='gallery-icon landscape czr-gallery-icon'>\r\n                              <a data-lb-type=\"grouped-gallery\" title=\"Dekoeinheit, \u00d6lbindemittel usw.\" href=https:\/\/feuerwehr-kufstein.at\/wp-content\/uploads\/2018\/10\/DSC00509-scaled.jpg class=\"bg-link\"><\/a><img decoding=\"async\" width=\"150\" height=\"150\" data-src=\"https:\/\/feuerwehr-kufstein.at\/wp-content\/uploads\/2018\/10\/DSC00509-150x150.jpg\" class=\"attachment-thumbnail size-thumbnail no-lazy lazyload\" alt=\"\" data-sizes=\"(min-width: 1200px) 255px, (min-width: 992px) 210px, (min-width: 768px) 150px, (min-width: 576px) 105px, calc( 50vw - 30px )\" aria-describedby=\"gallery-1-333\" data-srcset=\"https:\/\/feuerwehr-kufstein.at\/wp-content\/uploads\/2018\/10\/DSC00509-150x150.jpg 150w, https:\/\/feuerwehr-kufstein.at\/wp-content\/uploads\/2018\/10\/DSC00509-510x510.jpg 510w\" src=\"data:image\/svg+xml;base64,PHN2ZyB3aWR0aD0iMSIgaGVpZ2h0PSIxIiB4bWxucz0iaHR0cDovL3d3dy53My5vcmcvMjAwMC9zdmciPjwvc3ZnPg==\" style=\"--smush-placeholder-width: 150px; --smush-placeholder-aspect-ratio: 150\/150;\" \/>\r\n                        <\/div>\r\n                              <figcaption class='wp-caption-text gallery-caption' id='gallery-1-333'>\r\n                              Dekoeinheit, \u00d6lbindemittel usw.\r\n                              <\/figcaption><\/figure>\r\n                  <\/div>\n\n<h2 style=\"text-align: center;\"><span style=\"color: #000000;\"><em><strong>\u00a0Schlauchwaschanlage<\/strong><\/em><\/span><\/h2>\n<p style=\"text-align: center;\"><span style=\"color: #000000;\">Hier werden die Schl\u00e4uche gewaschen\u00a0<\/span><span style=\"color: #000000;\">\u00fcberpr\u00fcft\u00a0<\/span><span style=\"color: #000000;\">und gelagert.<\/span><\/p>\n<div id='gallery-2' class='czr-gallery row flex-row czr-gallery-style gallery galleryid-1596 gallery-columns-4 gallery-size-thumbnail'><figure class='gallery-item col col-auto'>\r\n                        <div class='gallery-icon portrait czr-gallery-icon'>\r\n                              <a data-lb-type=\"grouped-gallery\" title=\"Schlauchwaschanlage\" href=https:\/\/feuerwehr-kufstein.at\/wp-content\/uploads\/2018\/10\/DSC00485-e1539178116995-scaled.jpg class=\"bg-link\"><\/a><img decoding=\"async\" width=\"150\" height=\"150\" data-src=\"https:\/\/feuerwehr-kufstein.at\/wp-content\/uploads\/2018\/10\/DSC00485-e1539178116995-150x150.jpg\" class=\"attachment-thumbnail size-thumbnail no-lazy lazyload\" alt=\"\" data-sizes=\"(min-width: 1200px) 255px, (min-width: 992px) 210px, (min-width: 768px) 150px, (min-width: 576px) 105px, calc( 50vw - 30px )\" aria-describedby=\"gallery-2-351\" data-srcset=\"https:\/\/feuerwehr-kufstein.at\/wp-content\/uploads\/2018\/10\/DSC00485-e1539178116995-150x150.jpg 150w, https:\/\/feuerwehr-kufstein.at\/wp-content\/uploads\/2018\/10\/DSC00485-e1539178116995-510x510.jpg 510w\" src=\"data:image\/svg+xml;base64,PHN2ZyB3aWR0aD0iMSIgaGVpZ2h0PSIxIiB4bWxucz0iaHR0cDovL3d3dy53My5vcmcvMjAwMC9zdmciPjwvc3ZnPg==\" style=\"--smush-placeholder-width: 150px; --smush-placeholder-aspect-ratio: 150\/150;\" \/>\r\n                        <\/div>\r\n                              <figcaption class='wp-caption-text gallery-caption' id='gallery-2-351'>\r\n                              Schlauchwaschanlage\r\n                              <\/figcaption><\/figure><figure class='gallery-item col col-auto'>\r\n                        <div class='gallery-icon landscape czr-gallery-icon'>\r\n                              <a data-lb-type=\"grouped-gallery\" title=\"Schlauchwaschanlage\" href=https:\/\/feuerwehr-kufstein.at\/wp-content\/uploads\/2018\/10\/DSC00484-scaled.jpg class=\"bg-link\"><\/a><img decoding=\"async\" width=\"150\" height=\"150\" data-src=\"https:\/\/feuerwehr-kufstein.at\/wp-content\/uploads\/2018\/10\/DSC00484-150x150.jpg\" class=\"attachment-thumbnail size-thumbnail no-lazy lazyload\" alt=\"\" data-sizes=\"(min-width: 1200px) 255px, (min-width: 992px) 210px, (min-width: 768px) 150px, (min-width: 576px) 105px, calc( 50vw - 30px )\" aria-describedby=\"gallery-2-328\" data-srcset=\"https:\/\/feuerwehr-kufstein.at\/wp-content\/uploads\/2018\/10\/DSC00484-150x150.jpg 150w, https:\/\/feuerwehr-kufstein.at\/wp-content\/uploads\/2018\/10\/DSC00484-510x510.jpg 510w\" src=\"data:image\/svg+xml;base64,PHN2ZyB3aWR0aD0iMSIgaGVpZ2h0PSIxIiB4bWxucz0iaHR0cDovL3d3dy53My5vcmcvMjAwMC9zdmciPjwvc3ZnPg==\" style=\"--smush-placeholder-width: 150px; --smush-placeholder-aspect-ratio: 150\/150;\" \/>\r\n                        <\/div>\r\n                              <figcaption class='wp-caption-text gallery-caption' id='gallery-2-328'>\r\n                              Schlauchwaschanlage\r\n                              <\/figcaption><\/figure><figure class='gallery-item col col-auto'>\r\n                        <div class='gallery-icon landscape czr-gallery-icon'>\r\n                              <a data-lb-type=\"grouped-gallery\" title=\"Reserveschl\u00e4uche\" href=https:\/\/feuerwehr-kufstein.at\/wp-content\/uploads\/2019\/01\/DSC00489-scaled.jpg class=\"bg-link\"><\/a><img decoding=\"async\" width=\"150\" height=\"150\" data-src=\"https:\/\/feuerwehr-kufstein.at\/wp-content\/uploads\/2019\/01\/DSC00489-150x150.jpg\" class=\"attachment-thumbnail size-thumbnail no-lazy lazyload\" alt=\"\" data-sizes=\"(min-width: 1200px) 255px, (min-width: 992px) 210px, (min-width: 768px) 150px, (min-width: 576px) 105px, calc( 50vw - 30px )\" aria-describedby=\"gallery-2-2382\" data-srcset=\"https:\/\/feuerwehr-kufstein.at\/wp-content\/uploads\/2019\/01\/DSC00489-150x150.jpg 150w, https:\/\/feuerwehr-kufstein.at\/wp-content\/uploads\/2019\/01\/DSC00489-510x510.jpg 510w\" src=\"data:image\/svg+xml;base64,PHN2ZyB3aWR0aD0iMSIgaGVpZ2h0PSIxIiB4bWxucz0iaHR0cDovL3d3dy53My5vcmcvMjAwMC9zdmciPjwvc3ZnPg==\" style=\"--smush-placeholder-width: 150px; --smush-placeholder-aspect-ratio: 150\/150;\" \/>\r\n                        <\/div>\r\n                              <figcaption class='wp-caption-text gallery-caption' id='gallery-2-2382'>\r\n                              Reserveschl\u00e4uche\r\n                              <\/figcaption><\/figure><figure class='gallery-item col col-auto'>\r\n                        <div class='gallery-icon landscape czr-gallery-icon'>\r\n                              <a data-lb-type=\"grouped-gallery\" title=\"frisch gewaschen\" href=https:\/\/feuerwehr-kufstein.at\/wp-content\/uploads\/2019\/01\/DSC00487-scaled.jpg class=\"bg-link\"><\/a><img decoding=\"async\" width=\"150\" height=\"150\" data-src=\"https:\/\/feuerwehr-kufstein.at\/wp-content\/uploads\/2019\/01\/DSC00487-150x150.jpg\" class=\"attachment-thumbnail size-thumbnail no-lazy lazyload\" alt=\"\" data-sizes=\"(min-width: 1200px) 255px, (min-width: 992px) 210px, (min-width: 768px) 150px, (min-width: 576px) 105px, calc( 50vw - 30px )\" aria-describedby=\"gallery-2-2384\" data-srcset=\"https:\/\/feuerwehr-kufstein.at\/wp-content\/uploads\/2019\/01\/DSC00487-150x150.jpg 150w, https:\/\/feuerwehr-kufstein.at\/wp-content\/uploads\/2019\/01\/DSC00487-510x510.jpg 510w\" src=\"data:image\/svg+xml;base64,PHN2ZyB3aWR0aD0iMSIgaGVpZ2h0PSIxIiB4bWxucz0iaHR0cDovL3d3dy53My5vcmcvMjAwMC9zdmciPjwvc3ZnPg==\" style=\"--smush-placeholder-width: 150px; --smush-placeholder-aspect-ratio: 150\/150;\" \/>\r\n                        <\/div>\r\n                              <figcaption class='wp-caption-text gallery-caption' id='gallery-2-2384'>\r\n                              frisch gewaschen\r\n                              <\/figcaption><\/figure>\r\n                  <\/div>\n\n<h2 style=\"text-align: center;\"><span style=\"color: #000000;\"><strong><em>Schlauchturm<\/em><\/strong><\/span><\/h2>\n<p style=\"text-align: center;\"><span style=\"color: #000000; font-family: 'Times New Roman', Times, serif; text-align: center;\">Nach dem Waschen werden hier die Schl\u00e4uche zum Trocknen aufgeh\u00e4ngt<\/span><\/p>\n<p style=\"text-align: left;\"><a style=\"font-family: 'Times New Roman', Times, serif;\" href=\"https:\/\/feuerwehr-kufstein.at\/wp-content\/uploads\/2018\/10\/DSC00500-e1539178455488.jpg\"><img decoding=\"async\" class=\"wp-image-330 size-medium aligncenter lazyload\" data-src=\"https:\/\/feuerwehr-kufstein.at\/wp-content\/uploads\/2018\/10\/DSC00500-e1539178455488-200x300.jpg\" alt=\"\" width=\"200\" height=\"300\" data-srcset=\"https:\/\/feuerwehr-kufstein.at\/wp-content\/uploads\/2018\/10\/DSC00500-e1539178455488-200x300.jpg 200w, https:\/\/feuerwehr-kufstein.at\/wp-content\/uploads\/2018\/10\/DSC00500-e1539178455488-1024x1536.jpg 1024w, https:\/\/feuerwehr-kufstein.at\/wp-content\/uploads\/2018\/10\/DSC00500-e1539178455488-1365x2048.jpg 1365w, https:\/\/feuerwehr-kufstein.at\/wp-content\/uploads\/2018\/10\/DSC00500-e1539178455488-768x1152.jpg 768w, https:\/\/feuerwehr-kufstein.at\/wp-content\/uploads\/2018\/10\/DSC00500-e1539178455488-683x1024.jpg 683w, https:\/\/feuerwehr-kufstein.at\/wp-content\/uploads\/2018\/10\/DSC00500-e1539178455488-scaled.jpg 1707w\" data-sizes=\"(max-width: 200px) 100vw, 200px\" src=\"data:image\/svg+xml;base64,PHN2ZyB3aWR0aD0iMSIgaGVpZ2h0PSIxIiB4bWxucz0iaHR0cDovL3d3dy53My5vcmcvMjAwMC9zdmciPjwvc3ZnPg==\" style=\"--smush-placeholder-width: 200px; --smush-placeholder-aspect-ratio: 200\/300;\" \/><\/a><\/p>\n<p>&nbsp;<\/p>\n<h2 style=\"text-align: center;\"><span style=\"color: #000000;\"><em><strong>Waschk\u00fcche<\/strong><\/em><\/span><\/h2>\n<p style=\"text-align: center;\"><span style=\"color: #000000; font-family: 'Times New Roman', Times, serif; text-align: center;\">Hier wird die verschmutze Einsatzbekleidung gewaschen<\/span><\/p>\n<p style=\"text-align: center;\"><span style=\"color: #000000;\"><a href=\"https:\/\/feuerwehr-kufstein.at\/wp-content\/uploads\/2018\/10\/DSC00482.jpg\"><img decoding=\"async\" class=\"aligncenter wp-image-327 size-medium lazyload\" data-src=\"https:\/\/feuerwehr-kufstein.at\/wp-content\/uploads\/2018\/10\/DSC00482-300x200.jpg\" alt=\"\" width=\"300\" height=\"200\" data-srcset=\"https:\/\/feuerwehr-kufstein.at\/wp-content\/uploads\/2018\/10\/DSC00482-300x200.jpg 300w, https:\/\/feuerwehr-kufstein.at\/wp-content\/uploads\/2018\/10\/DSC00482-1536x1024.jpg 1536w, https:\/\/feuerwehr-kufstein.at\/wp-content\/uploads\/2018\/10\/DSC00482-2048x1365.jpg 2048w, https:\/\/feuerwehr-kufstein.at\/wp-content\/uploads\/2018\/10\/DSC00482-768x512.jpg 768w, https:\/\/feuerwehr-kufstein.at\/wp-content\/uploads\/2018\/10\/DSC00482-1024x683.jpg 1024w\" data-sizes=\"(max-width: 300px) 100vw, 300px\" src=\"data:image\/svg+xml;base64,PHN2ZyB3aWR0aD0iMSIgaGVpZ2h0PSIxIiB4bWxucz0iaHR0cDovL3d3dy53My5vcmcvMjAwMC9zdmciPjwvc3ZnPg==\" style=\"--smush-placeholder-width: 300px; --smush-placeholder-aspect-ratio: 300\/200;\" \/><\/a><\/span><\/p>\n<p>&nbsp;<\/p>\n<h2 style=\"text-align: center;\"><\/h2>\n<p>&nbsp;<\/p>\n","protected":false},"excerpt":{"rendered":"<p>Tiefgarage \/Materiallager Zu den bestehenden Lagerr\u00e4umen unter der Fahrzeughalle wurden im Zuge des Neubaus 2022 unter dem Zubau neue Tiefgaragenstellpl\u00e4tze f\u00fcr diverse Anh\u00e4nger und ein Katastrophenlager errichtet. \u00a0Schlauchwaschanlage Hier werden die Schl\u00e4uche gewaschen\u00a0\u00fcberpr\u00fcft\u00a0und gelagert. Schlauchturm Nach dem Waschen werden hier die Schl\u00e4uche zum Trocknen aufgeh\u00e4ngt &nbsp; Waschk\u00fcche Hier wird die verschmutze Einsatzbekleidung gewaschen &nbsp; &nbsp;<\/p>\n","protected":false},"author":4,"featured_media":0,"parent":543,"menu_order":3,"comment_status":"closed","ping_status":"closed","template":"","meta":{"footnotes":""},"class_list":["post-1596","page","type-page","status-publish","czr-hentry"],"_links":{"self":[{"href":"https:\/\/feuerwehr-kufstein.at\/index.php?rest_route=\/wp\/v2\/pages\/1596","targetHints":{"allow":["GET"]}}],"collection":[{"href":"https:\/\/feuerwehr-kufstein.at\/index.php?rest_route=\/wp\/v2\/pages"}],"about":[{"href":"https:\/\/feuerwehr-kufstein.at\/index.php?rest_route=\/wp\/v2\/types\/page"}],"author":[{"embeddable":true,"href":"https:\/\/feuerwehr-kufstein.at\/index.php?rest_route=\/wp\/v2\/users\/4"}],"replies":[{"embeddable":true,"href":"https:\/\/feuerwehr-kufstein.at\/index.php?rest_route=%2Fwp%2Fv2%2Fcomments&post=1596"}],"version-history":[{"count":0,"href":"https:\/\/feuerwehr-kufstein.at\/index.php?rest_route=\/wp\/v2\/pages\/1596\/revisions"}],"up":[{"embeddable":true,"href":"https:\/\/feuerwehr-kufstein.at\/index.php?rest_route=\/wp\/v2\/pages\/543"}],"wp:attachment":[{"href":"https:\/\/feuerwehr-kufstein.at\/index.php?rest_route=%2Fwp%2Fv2%2Fmedia&parent=1596"}],"curies":[{"name":"wp","href":"https:\/\/api.w.org\/{rel}","templated":true}]}}