{"id":2846,"date":"2019-05-02T19:02:01","date_gmt":"2019-05-02T18:02:01","guid":{"rendered":"http:\/\/www.feuerwehr-kufstein.at\/?page_id=2846"},"modified":"2023-07-06T15:48:18","modified_gmt":"2023-07-06T14:48:18","slug":"pumpen","status":"publish","type":"page","link":"https:\/\/feuerwehr-kufstein.at\/?page_id=2846","title":{"rendered":"PUMPEN"},"content":{"rendered":"<h2 style=\"text-align: center;\"><span style=\"color: #000000;\">Bei der Feuerwehr Kufstein sind folgende Pumpen im Einsatz<\/span><\/h2>\n<h2><\/h2>\n<h2 style=\"text-align: center;\"><span style=\"color: #000000;\">Gro\u00dfraumpumpe<\/span><\/h2>\n<p><span style=\"color: #000000;\"><a href=\"https:\/\/feuerwehr-kufstein.at\/wp-content\/uploads\/2018\/10\/DSC05214-Full-HD.jpg\"><img loading=\"lazy\" decoding=\"async\" class=\"aligncenter wp-image-186 size-medium\" src=\"https:\/\/feuerwehr-kufstein.at\/wp-content\/uploads\/2018\/10\/DSC05214-Full-HD-300x200.jpg\" alt=\"\" width=\"300\" height=\"200\" srcset=\"https:\/\/feuerwehr-kufstein.at\/wp-content\/uploads\/2018\/10\/DSC05214-Full-HD-300x200.jpg 300w, https:\/\/feuerwehr-kufstein.at\/wp-content\/uploads\/2018\/10\/DSC05214-Full-HD-1536x1024.jpg 1536w, https:\/\/feuerwehr-kufstein.at\/wp-content\/uploads\/2018\/10\/DSC05214-Full-HD-768x512.jpg 768w, https:\/\/feuerwehr-kufstein.at\/wp-content\/uploads\/2018\/10\/DSC05214-Full-HD-1024x683.jpg 1024w, https:\/\/feuerwehr-kufstein.at\/wp-content\/uploads\/2018\/10\/DSC05214-Full-HD.jpg 1620w\" sizes=\"auto, (max-width: 300px) 100vw, 300px\" \/><\/a><\/span><\/p>\n<p style=\"text-align: center;\"><span style=\"color: #000000;\">Hersteller DIAPUMPE<\/span><br \/>\n<span style=\"color: #000000;\">Motor Deutz 2330 ccm<\/span><br \/>\n<span style=\"color: #000000;\">F\u00f6rderleistung 6000 l\/min<\/span><br \/>\n<span style=\"color: #000000;\">Ansaugh\u00f6he max. 8 m<\/span><br \/>\n<span style=\"color: #000000;\">F\u00f6rderh\u00f6he max. 27 m<\/span><br \/>\n<span style=\"color: #000000;\">Tankinhalt 120 l Diesel\/24 h Dauerbetrieb<br \/>\nVerwendung zum Auspumpen von sehr gro\u00dfen R\u00e4umen z.B. Tiefgaragen, Turnhallen, usw.<\/span><\/p>\n<p>&nbsp;<\/p>\n<p>&nbsp;<\/p>\n<h2 style=\"text-align: center;\"><span style=\"color: #000000;\">Einbaupumpen<\/span><\/h2>\n<p style=\"text-align: center;\"><span style=\"color: #000000;\"><a href=\"https:\/\/feuerwehr-kufstein.at\/wp-content\/uploads\/2019\/04\/DSC06528.jpg\"><img loading=\"lazy\" decoding=\"async\" class=\"alignnone wp-image-3217 size-medium\" src=\"https:\/\/feuerwehr-kufstein.at\/wp-content\/uploads\/2019\/04\/DSC06528-300x200.jpg\" alt=\"\" width=\"300\" height=\"200\" srcset=\"https:\/\/feuerwehr-kufstein.at\/wp-content\/uploads\/2019\/04\/DSC06528-300x200.jpg 300w, https:\/\/feuerwehr-kufstein.at\/wp-content\/uploads\/2019\/04\/DSC06528-1536x1024.jpg 1536w, https:\/\/feuerwehr-kufstein.at\/wp-content\/uploads\/2019\/04\/DSC06528-2048x1365.jpg 2048w, https:\/\/feuerwehr-kufstein.at\/wp-content\/uploads\/2019\/04\/DSC06528-768x512.jpg 768w, https:\/\/feuerwehr-kufstein.at\/wp-content\/uploads\/2019\/04\/DSC06528-1024x683.jpg 1024w\" sizes=\"auto, (max-width: 300px) 100vw, 300px\" \/><\/a><a href=\"https:\/\/feuerwehr-kufstein.at\/wp-content\/uploads\/2019\/04\/DSC06527.jpg\">\u00a0\u00a0\u00a0<\/a><a href=\"https:\/\/feuerwehr-kufstein.at\/wp-content\/uploads\/2019\/11\/IMG-20191130-WA0019-e1576926779648.jpg\"><img loading=\"lazy\" decoding=\"async\" class=\"alignnone wp-image-4814 size-medium\" src=\"https:\/\/feuerwehr-kufstein.at\/wp-content\/uploads\/2019\/11\/IMG-20191130-WA0019-e1576926779648-300x200.jpg\" alt=\"\" width=\"300\" height=\"200\" srcset=\"https:\/\/feuerwehr-kufstein.at\/wp-content\/uploads\/2019\/11\/IMG-20191130-WA0019-e1576926779648-300x200.jpg 300w, https:\/\/feuerwehr-kufstein.at\/wp-content\/uploads\/2019\/11\/IMG-20191130-WA0019-e1576926779648-768x513.jpg 768w, https:\/\/feuerwehr-kufstein.at\/wp-content\/uploads\/2019\/11\/IMG-20191130-WA0019-e1576926779648.jpg 780w\" sizes=\"auto, (max-width: 300px) 100vw, 300px\" \/><\/a><\/span><\/p>\n<p style=\"text-align: center;\"><span style=\"color: #000000;\">Typ NH 25 bzw. NH 35<\/span><br \/>\n<span style=\"color: #000000;\">Hersteller Rosenbauer<\/span><br \/>\n<span style=\"color: #000000;\">Nennleistung Normaldruck 2500 l\/min bzw. 3.500l\/min bei 10 bar<\/span><br \/>\n<span style=\"color: #000000;\">Nennleistung Hochdruck 400 l\/min bei 40 bar<\/span><br \/>\n<span style=\"color: #000000;\">bei Ansaugh\u00f6he 3 m<\/span><br \/>\n<span style=\"color: #000000;\">Einbaupumpe in Tank 1und 2 zur L\u00f6schwasserf\u00f6rderung<\/span><\/p>\n<p>&nbsp;<\/p>\n<h2><\/h2>\n<h2 style=\"text-align: center;\"><span style=\"color: #000000;\">Tragkraftspritzen\u00a0<\/span><\/h2>\n<p style=\"text-align: center;\"><span style=\"color: #000000;\"><a href=\"https:\/\/feuerwehr-kufstein.at\/?attachment_id=3213\"><img loading=\"lazy\" decoding=\"async\" class=\"alignnone wp-image-3213 size-medium\" src=\"https:\/\/feuerwehr-kufstein.at\/wp-content\/uploads\/2019\/04\/DSC06537-300x200.jpg\" alt=\"\" width=\"300\" height=\"200\" srcset=\"https:\/\/feuerwehr-kufstein.at\/wp-content\/uploads\/2019\/04\/DSC06537-300x200.jpg 300w, https:\/\/feuerwehr-kufstein.at\/wp-content\/uploads\/2019\/04\/DSC06537-1536x1024.jpg 1536w, https:\/\/feuerwehr-kufstein.at\/wp-content\/uploads\/2019\/04\/DSC06537-2048x1365.jpg 2048w, https:\/\/feuerwehr-kufstein.at\/wp-content\/uploads\/2019\/04\/DSC06537-768x512.jpg 768w, https:\/\/feuerwehr-kufstein.at\/wp-content\/uploads\/2019\/04\/DSC06537-1024x683.jpg 1024w\" sizes=\"auto, (max-width: 300px) 100vw, 300px\" \/><\/a><\/span><\/p>\n<p style=\"text-align: center;\"><span style=\"color: #000000;\">Typ TS 12 Fox<\/span><br \/>\n<span style=\"color: #000000;\">Hersteller ROSENBAUER<\/span><br \/>\n<span style=\"color: #000000;\">Motor BMW Boxer 46 PS<br \/>\nGewicht ca. 150 kg<br \/>\nAnsaugh\u00f6he max. 7 m<\/span><br \/>\n<span style=\"color: #000000;\">Nennf\u00f6rderleistung 1.200 l\/min bei 10 bar Ausgangsdruck u. 3 m Saugh\u00f6he<\/span><br \/>\n<span style=\"color: #000000;\">Anschl\u00fcsse 1 A-Saugeingang und\u00a0<\/span><span style=\"color: #000000;\">2 B-Druckausg\u00e4nge<br \/>\nVerwendung zur L\u00f6schwasserf\u00f6rderung<\/span><\/p>\n<p>&nbsp;<\/p>\n<p>&nbsp;<\/p>\n<p style=\"text-align: center;\"><span style=\"color: #000000;\"><a href=\"https:\/\/feuerwehr-kufstein.at\/wp-content\/uploads\/2019\/04\/DSC06690.jpg\"><img loading=\"lazy\" decoding=\"async\" class=\"alignnone wp-image-3311 size-medium\" src=\"https:\/\/feuerwehr-kufstein.at\/wp-content\/uploads\/2019\/04\/DSC06690-300x200.jpg\" alt=\"\" width=\"300\" height=\"200\" srcset=\"https:\/\/feuerwehr-kufstein.at\/wp-content\/uploads\/2019\/04\/DSC06690-300x200.jpg 300w, https:\/\/feuerwehr-kufstein.at\/wp-content\/uploads\/2019\/04\/DSC06690-1536x1027.jpg 1536w, https:\/\/feuerwehr-kufstein.at\/wp-content\/uploads\/2019\/04\/DSC06690-768x513.jpg 768w, https:\/\/feuerwehr-kufstein.at\/wp-content\/uploads\/2019\/04\/DSC06690-1024x684.jpg 1024w, https:\/\/feuerwehr-kufstein.at\/wp-content\/uploads\/2019\/04\/DSC06690.jpg 1616w\" sizes=\"auto, (max-width: 300px) 100vw, 300px\" \/><\/a><\/span><\/p>\n<p style=\"text-align: center;\"><span style=\"color: #000000;\">Typ Otter<br \/>\nHersteller ROSENBAUER<br \/>\nMotor Briggs &amp; Stratton 4-Takt 13 kW (18 PS)<br \/>\nGewicht ca. 60 kg<\/span><br \/>\n<span style=\"color: #000000;\">Ansaugh\u00f6he max. 7,5 m<\/span><br \/>\n<span style=\"color: #000000;\">Nennf\u00f6rderleistung von 500 l\/min bei 6 bar u. 3m Saugh\u00f6he<br \/>\nAnschl\u00fcsse 1 B-Saugeingang und 1 B-Druckausgang<br \/>\nVerwendung zur L\u00f6schwasserf\u00f6rderung\u00a0<\/span><\/p>\n<p>&nbsp;<\/p>\n<h2><\/h2>\n<h2 style=\"text-align: center;\">Gefahrstoffpumpen<\/h2>\n<p style=\"text-align: center;\"><span style=\"color: #000000;\"><a href=\"https:\/\/feuerwehr-kufstein.at\/wp-content\/uploads\/2019\/04\/DSC06521.jpg\"><img loading=\"lazy\" decoding=\"async\" class=\"alignnone wp-image-3222 size-medium\" src=\"https:\/\/feuerwehr-kufstein.at\/wp-content\/uploads\/2019\/04\/DSC06521-e1554198514419-200x300.jpg\" alt=\"\" width=\"200\" height=\"300\" srcset=\"https:\/\/feuerwehr-kufstein.at\/wp-content\/uploads\/2019\/04\/DSC06521-e1554198514419-200x300.jpg 200w, https:\/\/feuerwehr-kufstein.at\/wp-content\/uploads\/2019\/04\/DSC06521-e1554198514419-1024x1536.jpg 1024w, https:\/\/feuerwehr-kufstein.at\/wp-content\/uploads\/2019\/04\/DSC06521-e1554198514419-1365x2048.jpg 1365w, https:\/\/feuerwehr-kufstein.at\/wp-content\/uploads\/2019\/04\/DSC06521-e1554198514419-768x1152.jpg 768w, https:\/\/feuerwehr-kufstein.at\/wp-content\/uploads\/2019\/04\/DSC06521-e1554198514419-683x1024.jpg 683w, https:\/\/feuerwehr-kufstein.at\/wp-content\/uploads\/2019\/04\/DSC06521-e1554198514419-scaled.jpg 1707w\" sizes=\"auto, (max-width: 200px) 100vw, 200px\" \/><\/a><\/span><\/p>\n<p style=\"text-align: center;\"><span style=\"color: #000000;\">Typ ELRO GP 20\/10 Ex<\/span><br \/>\n<span style=\"color: #000000;\">Hersteller CRANE PROCESS FLOW TECHNOLOGIES GmbH<\/span><br \/>\n<span style=\"color: #000000;\">E-Motor Drehstrom 415 V\/2,75 kW<\/span><span style=\"color: #000000;\"><br \/>\nEdelstahl\/Hypalon Ausf\u00fchrung <\/span><br \/>\n<span style=\"color: #000000;\">Gewicht 98 kg<\/span><br \/>\n<span style=\"color: #000000;\">F\u00f6rderleistung 150 bis 300 l\/min; max. 1,5 bar; max. Saugh\u00f6he 9,5 m<br \/>\nVerwendung zum Umpumpen von fl\u00fcssigen bis z\u00e4hfl\u00fcssigen Stoffen\/Chemikalien<\/span><\/p>\n<p>&nbsp;<\/p>\n<p>&nbsp;<\/p>\n<p style=\"text-align: center;\"><span style=\"color: #000000;\"><a href=\"https:\/\/feuerwehr-kufstein.at\/wp-content\/uploads\/2019\/04\/DSC06519-e1554198561204.jpg\"><img loading=\"lazy\" decoding=\"async\" class=\"alignnone wp-image-3223 size-medium\" src=\"https:\/\/feuerwehr-kufstein.at\/wp-content\/uploads\/2019\/04\/DSC06519-e1554198561204-200x300.jpg\" alt=\"\" width=\"200\" height=\"300\" srcset=\"https:\/\/feuerwehr-kufstein.at\/wp-content\/uploads\/2019\/04\/DSC06519-e1554198561204-200x300.jpg 200w, https:\/\/feuerwehr-kufstein.at\/wp-content\/uploads\/2019\/04\/DSC06519-e1554198561204-1024x1536.jpg 1024w, https:\/\/feuerwehr-kufstein.at\/wp-content\/uploads\/2019\/04\/DSC06519-e1554198561204-1365x2048.jpg 1365w, https:\/\/feuerwehr-kufstein.at\/wp-content\/uploads\/2019\/04\/DSC06519-e1554198561204-768x1152.jpg 768w, https:\/\/feuerwehr-kufstein.at\/wp-content\/uploads\/2019\/04\/DSC06519-e1554198561204-683x1024.jpg 683w, https:\/\/feuerwehr-kufstein.at\/wp-content\/uploads\/2019\/04\/DSC06519-e1554198561204-scaled.jpg 1707w\" sizes=\"auto, (max-width: 200px) 100vw, 200px\" \/><\/a><\/span><\/p>\n<p style=\"text-align: center;\"><span style=\"color: #000000;\">\u00a0Typ MAST TUP 3-1,5 E<br \/>\nHersteller W. MAST KG<br \/>\nE-Motor 400 V\/3 kW<br \/>\nEdelstahl\/Fluorelastomer Ausf\u00fchrung (Korndurchlass bis 10 mm)<br \/>\nGewicht 70 kg<br \/>\nF\u00f6rderleistung 650 l\/min; max. 2 bar; max. Saugh\u00f6he 8,4 m (selbstansaugend)<br \/>\nVerwendung zum Umpumpen von S\u00e4uren, Laugen u. brennbaren Fl\u00fcssigkeiten<\/span><\/p>\n<p>&nbsp;<\/p>\n<p style=\"text-align: center;\"><span style=\"color: #000000;\"><a href=\"https:\/\/feuerwehr-kufstein.at\/wp-content\/uploads\/2019\/04\/DSC06534-1.jpg\"><img loading=\"lazy\" decoding=\"async\" class=\"alignnone wp-image-3226 size-medium\" src=\"https:\/\/feuerwehr-kufstein.at\/wp-content\/uploads\/2019\/04\/DSC06534-1-300x200.jpg\" alt=\"\" width=\"300\" height=\"200\" srcset=\"https:\/\/feuerwehr-kufstein.at\/wp-content\/uploads\/2019\/04\/DSC06534-1-300x200.jpg 300w, https:\/\/feuerwehr-kufstein.at\/wp-content\/uploads\/2019\/04\/DSC06534-1-1536x1024.jpg 1536w, https:\/\/feuerwehr-kufstein.at\/wp-content\/uploads\/2019\/04\/DSC06534-1-2048x1365.jpg 2048w, https:\/\/feuerwehr-kufstein.at\/wp-content\/uploads\/2019\/04\/DSC06534-1-768x512.jpg 768w, https:\/\/feuerwehr-kufstein.at\/wp-content\/uploads\/2019\/04\/DSC06534-1-1024x683.jpg 1024w\" sizes=\"auto, (max-width: 300px) 100vw, 300px\" \/><\/a><\/span><\/p>\n<p style=\"text-align: center;\"><span style=\"color: #000000;\">Fasspumpe F 410 Ex<\/span><br \/>\n<span style=\"color: #000000;\">Hersteller Flux Ger\u00e4te GmbH<\/span><br \/>\n<span style=\"color: #000000;\">E-Motor 220 V\/460 W<\/span><br \/>\n<span style=\"color: #000000;\">Zum Auspumpen von F\u00e4ssern u. IBC Containern<\/span><\/p>\n<p>&nbsp;<\/p>\n<h2><\/h2>\n<h2 style=\"text-align: center;\"><span style=\"color: #000000;\">Schmutzwasserpumpen\/Tauchpumpen<\/span><\/h2>\n<p style=\"text-align: center;\"><span style=\"color: #000000;\"><a href=\"https:\/\/feuerwehr-kufstein.at\/wp-content\/uploads\/2019\/04\/DSC06546-e1554200048769.jpg\"><img loading=\"lazy\" decoding=\"async\" class=\"alignnone wp-image-3210 size-medium\" src=\"https:\/\/feuerwehr-kufstein.at\/wp-content\/uploads\/2019\/04\/DSC06546-e1554200048769-200x300.jpg\" alt=\"\" width=\"200\" height=\"300\" srcset=\"https:\/\/feuerwehr-kufstein.at\/wp-content\/uploads\/2019\/04\/DSC06546-e1554200048769-200x300.jpg 200w, https:\/\/feuerwehr-kufstein.at\/wp-content\/uploads\/2019\/04\/DSC06546-e1554200048769-1024x1536.jpg 1024w, https:\/\/feuerwehr-kufstein.at\/wp-content\/uploads\/2019\/04\/DSC06546-e1554200048769-1365x2048.jpg 1365w, https:\/\/feuerwehr-kufstein.at\/wp-content\/uploads\/2019\/04\/DSC06546-e1554200048769-768x1152.jpg 768w, https:\/\/feuerwehr-kufstein.at\/wp-content\/uploads\/2019\/04\/DSC06546-e1554200048769-683x1024.jpg 683w, https:\/\/feuerwehr-kufstein.at\/wp-content\/uploads\/2019\/04\/DSC06546-e1554200048769-scaled.jpg 1707w\" sizes=\"auto, (max-width: 200px) 100vw, 200px\" \/><\/a><\/span><\/p>\n<p style=\"text-align: center;\">Typ Nautilus 8\/1<br \/>\n<span style=\"color: #000000;\">Hersteller Rosenbauer<\/span><br \/>\n<span style=\"color: #000000;\">E-Motor 400 V\/2,8 kW<br \/>\nKornngr\u00f6\u00dfe max. 10 mm<\/span><br \/>\n<span style=\"color: #000000;\">F\u00f6rderh\u00f6he max.18m<br \/>\n<\/span><span style=\"color: #000000;\">F\u00f6rderleistung max. 1330 l\/min (800 l\/min bei 1 bar)<\/span><br \/>\n<span style=\"color: #000000;\">Gewicht 30 kg<br \/>\n<\/span><\/p>\n<p>&nbsp;<\/p>\n<p style=\"text-align: center;\"><span style=\"color: #000000;\"><a href=\"https:\/\/feuerwehr-kufstein.at\/wp-content\/uploads\/2019\/04\/DSC06544-1.jpg\"><img loading=\"lazy\" decoding=\"async\" class=\"alignnone wp-image-3230 size-medium\" src=\"https:\/\/feuerwehr-kufstein.at\/wp-content\/uploads\/2019\/04\/DSC06544-1-300x200.jpg\" alt=\"\" width=\"300\" height=\"200\" srcset=\"https:\/\/feuerwehr-kufstein.at\/wp-content\/uploads\/2019\/04\/DSC06544-1-300x200.jpg 300w, https:\/\/feuerwehr-kufstein.at\/wp-content\/uploads\/2019\/04\/DSC06544-1-1536x1024.jpg 1536w, https:\/\/feuerwehr-kufstein.at\/wp-content\/uploads\/2019\/04\/DSC06544-1-2048x1365.jpg 2048w, https:\/\/feuerwehr-kufstein.at\/wp-content\/uploads\/2019\/04\/DSC06544-1-768x512.jpg 768w, https:\/\/feuerwehr-kufstein.at\/wp-content\/uploads\/2019\/04\/DSC06544-1-1024x683.jpg 1024w\" sizes=\"auto, (max-width: 300px) 100vw, 300px\" \/><\/a><\/span><\/p>\n<p style=\"text-align: center;\"><span style=\"color: #000000;\">Typ Nautilus 4\/1<\/span><br \/>\n<span style=\"color: #000000;\">Hersteller Rosenbauer<\/span><br \/>\n<span style=\"color: #000000;\">E-Motor 230 V\/1,49 kW<br \/>\nKornngr\u00f6\u00dfe max. 8 mm<\/span><br \/>\n<span style=\"color: #000000;\">F\u00f6rderh\u00f6he max.14 m<br \/>\n<\/span><span style=\"color: #000000;\">F\u00f6rderleistung max. 710 l\/min (400 l\/min bei 1 bar)<\/span><br \/>\n<span style=\"color: #000000;\">Gewicht 23 kg<br \/>\n<\/span><\/p>\n<p>&nbsp;<\/p>\n<p style=\"text-align: center;\"><span style=\"color: #000000;\"><a href=\"https:\/\/feuerwehr-kufstein.at\/wp-content\/uploads\/2019\/04\/DSC06525-e1554200177368.jpg\"><img loading=\"lazy\" decoding=\"async\" class=\"alignnone wp-image-3216 size-medium\" src=\"https:\/\/feuerwehr-kufstein.at\/wp-content\/uploads\/2019\/04\/DSC06525-e1554200177368-200x300.jpg\" alt=\"\" width=\"200\" height=\"300\" srcset=\"https:\/\/feuerwehr-kufstein.at\/wp-content\/uploads\/2019\/04\/DSC06525-e1554200177368-200x300.jpg 200w, https:\/\/feuerwehr-kufstein.at\/wp-content\/uploads\/2019\/04\/DSC06525-e1554200177368-1024x1536.jpg 1024w, https:\/\/feuerwehr-kufstein.at\/wp-content\/uploads\/2019\/04\/DSC06525-e1554200177368-1365x2048.jpg 1365w, https:\/\/feuerwehr-kufstein.at\/wp-content\/uploads\/2019\/04\/DSC06525-e1554200177368-768x1152.jpg 768w, https:\/\/feuerwehr-kufstein.at\/wp-content\/uploads\/2019\/04\/DSC06525-e1554200177368-683x1024.jpg 683w, https:\/\/feuerwehr-kufstein.at\/wp-content\/uploads\/2019\/04\/DSC06525-e1554200177368-scaled.jpg 1707w\" sizes=\"auto, (max-width: 200px) 100vw, 200px\" \/><\/a><\/span><\/p>\n<p style=\"text-align: center;\"><span style=\"color: #000000;\">Typ T 12<\/span><br \/>\n<span style=\"color: #000000;\">Hersteller MAST Pumpen<\/span><br \/>\n<span style=\"color: #000000;\">E-Motor 400 V\/3,0 kW<br \/>\nKornngr\u00f6\u00dfe max. 15 mm<\/span><br \/>\n<span style=\"color: #000000;\">F\u00f6rderh\u00f6he max.20 m<br \/>\n<\/span><span style=\"color: #000000;\">F\u00f6rderleistung max. 1300 l\/min\u00a0<\/span><br \/>\n<span style=\"color: #000000;\">Gewicht 39 kg<br \/>\n<\/span><\/p>\n<p>&nbsp;<\/p>\n<p style=\"text-align: center;\"><a href=\"https:\/\/feuerwehr-kufstein.at\/wp-content\/uploads\/2019\/04\/DSC06530-e1554200349794.jpg\"><img loading=\"lazy\" decoding=\"async\" class=\"alignnone wp-image-3215 size-medium\" src=\"https:\/\/feuerwehr-kufstein.at\/wp-content\/uploads\/2019\/04\/DSC06530-e1554200349794-200x300.jpg\" alt=\"\" width=\"200\" height=\"300\" srcset=\"https:\/\/feuerwehr-kufstein.at\/wp-content\/uploads\/2019\/04\/DSC06530-e1554200349794-200x300.jpg 200w, https:\/\/feuerwehr-kufstein.at\/wp-content\/uploads\/2019\/04\/DSC06530-e1554200349794-1024x1536.jpg 1024w, https:\/\/feuerwehr-kufstein.at\/wp-content\/uploads\/2019\/04\/DSC06530-e1554200349794-1365x2048.jpg 1365w, https:\/\/feuerwehr-kufstein.at\/wp-content\/uploads\/2019\/04\/DSC06530-e1554200349794-768x1152.jpg 768w, https:\/\/feuerwehr-kufstein.at\/wp-content\/uploads\/2019\/04\/DSC06530-e1554200349794-683x1024.jpg 683w, https:\/\/feuerwehr-kufstein.at\/wp-content\/uploads\/2019\/04\/DSC06530-e1554200349794-scaled.jpg 1707w\" sizes=\"auto, (max-width: 200px) 100vw, 200px\" \/><\/a><\/p>\n<p style=\"text-align: center;\"><span style=\"color: #000000;\">Typ T 8<\/span><br \/>\n<span style=\"color: #000000;\">Hersteller MAST Pumpen<\/span><br \/>\n<span style=\"color: #000000;\">E-Motor 400 V\/2,0 kW<br \/>\nKornngr\u00f6\u00dfe max. 8 mm<\/span><br \/>\n<span style=\"color: #000000;\">F\u00f6rderh\u00f6he max.18 m<br \/>\n<\/span><span style=\"color: #000000;\">F\u00f6rderleistung max. 800 l\/min\u00a0<\/span><br \/>\n<span style=\"color: #000000;\">Gewicht 23 kg<\/span><\/p>\n<p>&nbsp;<\/p>\n<p>&nbsp;<\/p>\n<p style=\"text-align: center;\"><span style=\"color: #000000;\"><a href=\"https:\/\/feuerwehr-kufstein.at\/wp-content\/uploads\/2019\/04\/DSC06543-e1554200892620.jpg\"><img loading=\"lazy\" decoding=\"async\" class=\"alignnone wp-image-3212 size-medium\" src=\"https:\/\/feuerwehr-kufstein.at\/wp-content\/uploads\/2019\/04\/DSC06543-e1554200892620-200x300.jpg\" alt=\"\" width=\"200\" height=\"300\" srcset=\"https:\/\/feuerwehr-kufstein.at\/wp-content\/uploads\/2019\/04\/DSC06543-e1554200892620-200x300.jpg 200w, https:\/\/feuerwehr-kufstein.at\/wp-content\/uploads\/2019\/04\/DSC06543-e1554200892620-1024x1536.jpg 1024w, https:\/\/feuerwehr-kufstein.at\/wp-content\/uploads\/2019\/04\/DSC06543-e1554200892620-1365x2048.jpg 1365w, https:\/\/feuerwehr-kufstein.at\/wp-content\/uploads\/2019\/04\/DSC06543-e1554200892620-768x1152.jpg 768w, https:\/\/feuerwehr-kufstein.at\/wp-content\/uploads\/2019\/04\/DSC06543-e1554200892620-683x1024.jpg 683w, https:\/\/feuerwehr-kufstein.at\/wp-content\/uploads\/2019\/04\/DSC06543-e1554200892620-scaled.jpg 1707w\" sizes=\"auto, (max-width: 200px) 100vw, 200px\" \/><\/a><\/span><\/p>\n<p style=\"text-align: center;\"><span style=\"color: #000000;\">Typ T 6 L<\/span><br \/>\n<span style=\"color: #000000;\">Hersteller MAST Pumpen<\/span><br \/>\n<span style=\"color: #000000;\">E-Motor 230 V\/1,6 kW<br \/>\nKornngr\u00f6\u00dfe max. 8 mm<\/span><br \/>\n<span style=\"color: #000000;\">F\u00f6rderh\u00f6he max.18 m<br \/>\n<\/span><span style=\"color: #000000;\">F\u00f6rderleistung max. 660 l\/min\u00a0<\/span><br \/>\n<span style=\"color: #000000;\">Gewicht 20,5 kg<\/span><\/p>\n<p>&nbsp;<\/p>\n<p style=\"text-align: center;\">\n","protected":false},"excerpt":{"rendered":"<p>Bei der Feuerwehr Kufstein sind folgende Pumpen im Einsatz Gro\u00dfraumpumpe Hersteller DIAPUMPE Motor Deutz 2330 ccm F\u00f6rderleistung 6000 l\/min Ansaugh\u00f6he max. 8 m F\u00f6rderh\u00f6he max. 27 m Tankinhalt 120 l Diesel\/24 h Dauerbetrieb Verwendung zum Auspumpen von sehr gro\u00dfen R\u00e4umen z.B. Tiefgaragen, Turnhallen, usw. &nbsp; &nbsp; Einbaupumpen \u00a0\u00a0\u00a0 Typ NH 25 bzw. NH 35 Hersteller [&hellip;]<\/p>\n","protected":false},"author":4,"featured_media":0,"parent":0,"menu_order":0,"comment_status":"closed","ping_status":"closed","template":"","meta":{"footnotes":""},"class_list":["post-2846","page","type-page","status-publish","czr-hentry"],"_links":{"self":[{"href":"https:\/\/feuerwehr-kufstein.at\/index.php?rest_route=\/wp\/v2\/pages\/2846","targetHints":{"allow":["GET"]}}],"collection":[{"href":"https:\/\/feuerwehr-kufstein.at\/index.php?rest_route=\/wp\/v2\/pages"}],"about":[{"href":"https:\/\/feuerwehr-kufstein.at\/index.php?rest_route=\/wp\/v2\/types\/page"}],"author":[{"embeddable":true,"href":"https:\/\/feuerwehr-kufstein.at\/index.php?rest_route=\/wp\/v2\/users\/4"}],"replies":[{"embeddable":true,"href":"https:\/\/feuerwehr-kufstein.at\/index.php?rest_route=%2Fwp%2Fv2%2Fcomments&post=2846"}],"version-history":[{"count":48,"href":"https:\/\/feuerwehr-kufstein.at\/index.php?rest_route=\/wp\/v2\/pages\/2846\/revisions"}],"predecessor-version":[{"id":9876,"href":"https:\/\/feuerwehr-kufstein.at\/index.php?rest_route=\/wp\/v2\/pages\/2846\/revisions\/9876"}],"wp:attachment":[{"href":"https:\/\/feuerwehr-kufstein.at\/index.php?rest_route=%2Fwp%2Fv2%2Fmedia&parent=2846"}],"curies":[{"name":"wp","href":"https:\/\/api.w.org\/{rel}","templated":true}]}}