{"id":548,"date":"2018-11-01T10:04:18","date_gmt":"2018-11-01T10:04:18","guid":{"rendered":"https:\/\/k100413-1.kufnet.at\/?page_id=548"},"modified":"2025-04-24T15:19:20","modified_gmt":"2025-04-24T14:19:20","slug":"ats-fuellstation","status":"publish","type":"page","link":"https:\/\/feuerwehr-kufstein.at\/?page_id=548","title":{"rendered":"Atemschutz-F\u00fcllstation"},"content":{"rendered":"<div class=\"zusatzseitetext_container\">\n<p class=\"fliesstext2\"><span style=\"color: #000000;\">Die Atemschutz-F\u00fcllstation des Bezirksfeuerwehrverbandes Kufstein\u00a0besteht seit 30 Jahren. Sie wurde im Jahr 2005\u00a0modernisiert und vergr\u00f6\u00dfert.<\/span><\/p>\n<p class=\"fliesstext2\" style=\"text-align: center;\"><span style=\"color: #000000;\">Hier werden j\u00e4hrlich ca. 4000 Atemschutzflaschen f\u00fcr die Feuerwehren des Bezirks\u00a0gef\u00fcllt. Au\u00dferdem werden\u00a0technische \u00dcberpr\u00fcfungen, Reparaturen\u00a0f\u00fcr Atemschutzger\u00e4te, Atemschutzmasken und Gefahrgut-Schutzanz\u00fcgen durchgef\u00fchrt.<\/span><\/p>\n<p style=\"text-align: center;\"><span style=\"color: #000000;\"><a style=\"color: #000000;\" href=\"https:\/\/feuerwehr-kufstein.at\/wp-content\/uploads\/2018\/10\/DSC00595.jpg\"><img decoding=\"async\" class=\"alignnone wp-image-315 size-medium lazyload\" data-src=\"https:\/\/feuerwehr-kufstein.at\/wp-content\/uploads\/2018\/10\/DSC00595-300x200.jpg\" alt=\"\" width=\"300\" height=\"200\" data-srcset=\"https:\/\/feuerwehr-kufstein.at\/wp-content\/uploads\/2018\/10\/DSC00595-300x200.jpg 300w, https:\/\/feuerwehr-kufstein.at\/wp-content\/uploads\/2018\/10\/DSC00595-1536x1024.jpg 1536w, https:\/\/feuerwehr-kufstein.at\/wp-content\/uploads\/2018\/10\/DSC00595-2048x1365.jpg 2048w, https:\/\/feuerwehr-kufstein.at\/wp-content\/uploads\/2018\/10\/DSC00595-768x512.jpg 768w, https:\/\/feuerwehr-kufstein.at\/wp-content\/uploads\/2018\/10\/DSC00595-1024x683.jpg 1024w\" data-sizes=\"(max-width: 300px) 100vw, 300px\" src=\"data:image\/svg+xml;base64,PHN2ZyB3aWR0aD0iMSIgaGVpZ2h0PSIxIiB4bWxucz0iaHR0cDovL3d3dy53My5vcmcvMjAwMC9zdmciPjwvc3ZnPg==\" style=\"--smush-placeholder-width: 300px; --smush-placeholder-aspect-ratio: 300\/200;\" \/><\/a><a style=\"color: #000000;\" href=\"https:\/\/feuerwehr-kufstein.at\/wp-content\/uploads\/2018\/10\/DSC00591.jpg\"><img decoding=\"async\" class=\"alignnone wp-image-313 size-medium lazyload\" data-src=\"https:\/\/feuerwehr-kufstein.at\/wp-content\/uploads\/2018\/10\/DSC00591-300x200.jpg\" alt=\"\" width=\"300\" height=\"200\" data-srcset=\"https:\/\/feuerwehr-kufstein.at\/wp-content\/uploads\/2018\/10\/DSC00591-300x200.jpg 300w, https:\/\/feuerwehr-kufstein.at\/wp-content\/uploads\/2018\/10\/DSC00591-1536x1024.jpg 1536w, https:\/\/feuerwehr-kufstein.at\/wp-content\/uploads\/2018\/10\/DSC00591-2048x1365.jpg 2048w, https:\/\/feuerwehr-kufstein.at\/wp-content\/uploads\/2018\/10\/DSC00591-768x512.jpg 768w, https:\/\/feuerwehr-kufstein.at\/wp-content\/uploads\/2018\/10\/DSC00591-1024x683.jpg 1024w\" data-sizes=\"(max-width: 300px) 100vw, 300px\" src=\"data:image\/svg+xml;base64,PHN2ZyB3aWR0aD0iMSIgaGVpZ2h0PSIxIiB4bWxucz0iaHR0cDovL3d3dy53My5vcmcvMjAwMC9zdmciPjwvc3ZnPg==\" style=\"--smush-placeholder-width: 300px; --smush-placeholder-aspect-ratio: 300\/200;\" \/><\/a><\/span><\/p>\n<p style=\"text-align: center;\"><span style=\"color: #000000;\">Im ganzen Bezirk Kufstein sind ca. 1800 Atemschutzflaschen bei den Feuerwehren in Verwendung. Um nach\u00a0\u00dcbungen oder\u00a0Eins\u00e4tzen sofort wieder einsatzbereit zu sein k\u00f6nnen die Feuerwehren des Bezirks ihre leeren ATS Flaschen gegen\u00a0die in der ATS F\u00fcllstation lagernden vollen Flaschen austauschen .<\/span><\/p>\n<p style=\"text-align: center;\"><span style=\"color: #000000;\"><a style=\"color: #000000;\" href=\"https:\/\/feuerwehr-kufstein.at\/wp-content\/uploads\/2018\/10\/DSC00590.jpg\"><img decoding=\"async\" class=\"alignnone wp-image-312 size-medium lazyload\" data-src=\"https:\/\/feuerwehr-kufstein.at\/wp-content\/uploads\/2018\/10\/DSC00590-300x200.jpg\" alt=\"\" width=\"300\" height=\"200\" data-srcset=\"https:\/\/feuerwehr-kufstein.at\/wp-content\/uploads\/2018\/10\/DSC00590-300x200.jpg 300w, https:\/\/feuerwehr-kufstein.at\/wp-content\/uploads\/2018\/10\/DSC00590-1536x1024.jpg 1536w, https:\/\/feuerwehr-kufstein.at\/wp-content\/uploads\/2018\/10\/DSC00590-2048x1365.jpg 2048w, https:\/\/feuerwehr-kufstein.at\/wp-content\/uploads\/2018\/10\/DSC00590-768x512.jpg 768w, https:\/\/feuerwehr-kufstein.at\/wp-content\/uploads\/2018\/10\/DSC00590-1024x683.jpg 1024w\" data-sizes=\"(max-width: 300px) 100vw, 300px\" src=\"data:image\/svg+xml;base64,PHN2ZyB3aWR0aD0iMSIgaGVpZ2h0PSIxIiB4bWxucz0iaHR0cDovL3d3dy53My5vcmcvMjAwMC9zdmciPjwvc3ZnPg==\" style=\"--smush-placeholder-width: 300px; --smush-placeholder-aspect-ratio: 300\/200;\" \/><\/a><a style=\"color: #000000;\" href=\"https:\/\/feuerwehr-kufstein.at\/wp-content\/uploads\/2018\/10\/DSC00587.jpg\"><img decoding=\"async\" class=\"alignnone wp-image-314 size-medium lazyload\" data-src=\"https:\/\/feuerwehr-kufstein.at\/wp-content\/uploads\/2018\/10\/DSC00587-300x200.jpg\" alt=\"\" width=\"300\" height=\"200\" data-srcset=\"https:\/\/feuerwehr-kufstein.at\/wp-content\/uploads\/2018\/10\/DSC00587-300x200.jpg 300w, https:\/\/feuerwehr-kufstein.at\/wp-content\/uploads\/2018\/10\/DSC00587-1536x1024.jpg 1536w, https:\/\/feuerwehr-kufstein.at\/wp-content\/uploads\/2018\/10\/DSC00587-2048x1365.jpg 2048w, https:\/\/feuerwehr-kufstein.at\/wp-content\/uploads\/2018\/10\/DSC00587-768x512.jpg 768w, https:\/\/feuerwehr-kufstein.at\/wp-content\/uploads\/2018\/10\/DSC00587-1024x683.jpg 1024w\" data-sizes=\"(max-width: 300px) 100vw, 300px\" src=\"data:image\/svg+xml;base64,PHN2ZyB3aWR0aD0iMSIgaGVpZ2h0PSIxIiB4bWxucz0iaHR0cDovL3d3dy53My5vcmcvMjAwMC9zdmciPjwvc3ZnPg==\" style=\"--smush-placeholder-width: 300px; --smush-placeholder-aspect-ratio: 300\/200;\" \/><\/a><\/span><\/p>\n<p><span style=\"color: #000000;\">Bei\u00a0gr\u00f6\u00dferen Eins\u00e4tzen, wo die Kapazit\u00e4t der lagernden\u00a0vollen ATS Flaschen knapp werden k\u00f6nnte, wird die Mannschaft der F\u00fcllstation\u00a0alarmiert.<\/span><\/p>\n<p><span style=\"color: #000000;\">Ihre Aufgabe ist es die Versorgung der Einsatzkr\u00e4fte vor Ort mit vollen Atemschutzflaschen sicherzustellen d.h. die eintreffenden leeren Flaschen werden in der ATS F\u00fcllstation sofort wieder bef\u00fcllt\u00a0um immer gen\u00fcgend volle ATS Flaschen vorr\u00e4tig zu haben.<\/span><\/p>\n<\/div>\n<h2 style=\"text-align: center;\">Leitung der ATS F\u00fcllstation<\/h2>\n<div id='gallery-1' class='czr-gallery row flex-row czr-gallery-style gallery galleryid-548 gallery-columns-4 gallery-size-medium'><figure class='gallery-item col col-auto'>\r\n                        <div class='gallery-icon portrait czr-gallery-icon'>\r\n                              <a data-lb-type=\"grouped-gallery\" title=\"HBI Hans-Peter Wohlschlager &#8211; Leiter der Bezirks-ATS-F\u00fcllstation Kufstein\" href=https:\/\/feuerwehr-kufstein.at\/wp-content\/uploads\/2025\/04\/Portrait_Hans-Peter-Wohlschlager_copyright_alexgretter_0476-1_72dpi.jpg class=\"bg-link\"><\/a><img decoding=\"async\" width=\"200\" height=\"300\" data-src=\"https:\/\/feuerwehr-kufstein.at\/wp-content\/uploads\/2025\/04\/Portrait_Hans-Peter-Wohlschlager_copyright_alexgretter_0476-1_72dpi-200x300.jpg\" class=\"attachment-medium size-medium no-lazy lazyload\" alt=\"\" data-sizes=\"(min-width: 1200px) 255px, (min-width: 992px) 210px, (min-width: 768px) 150px, (min-width: 576px) 105px, calc( 50vw - 30px )\" aria-describedby=\"gallery-1-11415\" data-srcset=\"https:\/\/feuerwehr-kufstein.at\/wp-content\/uploads\/2025\/04\/Portrait_Hans-Peter-Wohlschlager_copyright_alexgretter_0476-1_72dpi-200x300.jpg 200w, https:\/\/feuerwehr-kufstein.at\/wp-content\/uploads\/2025\/04\/Portrait_Hans-Peter-Wohlschlager_copyright_alexgretter_0476-1_72dpi-683x1024.jpg 683w, https:\/\/feuerwehr-kufstein.at\/wp-content\/uploads\/2025\/04\/Portrait_Hans-Peter-Wohlschlager_copyright_alexgretter_0476-1_72dpi-768x1152.jpg 768w, https:\/\/feuerwehr-kufstein.at\/wp-content\/uploads\/2025\/04\/Portrait_Hans-Peter-Wohlschlager_copyright_alexgretter_0476-1_72dpi-1024x1536.jpg 1024w, https:\/\/feuerwehr-kufstein.at\/wp-content\/uploads\/2025\/04\/Portrait_Hans-Peter-Wohlschlager_copyright_alexgretter_0476-1_72dpi.jpg 1280w\" src=\"data:image\/svg+xml;base64,PHN2ZyB3aWR0aD0iMSIgaGVpZ2h0PSIxIiB4bWxucz0iaHR0cDovL3d3dy53My5vcmcvMjAwMC9zdmciPjwvc3ZnPg==\" style=\"--smush-placeholder-width: 200px; --smush-placeholder-aspect-ratio: 200\/300;\" \/>\r\n                        <\/div>\r\n                              <figcaption class='wp-caption-text gallery-caption' id='gallery-1-11415'>\r\n                              HBI Hans-Peter Wohlschlager &#8211; Leiter der Bezirks-ATS-F\u00fcllstation Kufstein\r\n                              <\/figcaption><\/figure><figure class='gallery-item col col-auto'>\r\n                        <div class='gallery-icon portrait czr-gallery-icon'>\r\n                              <a data-lb-type=\"grouped-gallery\" title=\"BM Patrick Gugglberger &#8211; Stv. Leiter der Bezirks-ATS-F\u00fcllstation Kufstein\" href=https:\/\/feuerwehr-kufstein.at\/wp-content\/uploads\/2025\/04\/Portrait_Patrick-Gugglberger_copyright_alexgretter_0405-1_72dpi.jpg class=\"bg-link\"><\/a><img decoding=\"async\" width=\"200\" height=\"300\" data-src=\"https:\/\/feuerwehr-kufstein.at\/wp-content\/uploads\/2025\/04\/Portrait_Patrick-Gugglberger_copyright_alexgretter_0405-1_72dpi-200x300.jpg\" class=\"attachment-medium size-medium no-lazy lazyload\" alt=\"\" data-sizes=\"(min-width: 1200px) 255px, (min-width: 992px) 210px, (min-width: 768px) 150px, (min-width: 576px) 105px, calc( 50vw - 30px )\" aria-describedby=\"gallery-1-11416\" data-srcset=\"https:\/\/feuerwehr-kufstein.at\/wp-content\/uploads\/2025\/04\/Portrait_Patrick-Gugglberger_copyright_alexgretter_0405-1_72dpi-200x300.jpg 200w, https:\/\/feuerwehr-kufstein.at\/wp-content\/uploads\/2025\/04\/Portrait_Patrick-Gugglberger_copyright_alexgretter_0405-1_72dpi-683x1024.jpg 683w, https:\/\/feuerwehr-kufstein.at\/wp-content\/uploads\/2025\/04\/Portrait_Patrick-Gugglberger_copyright_alexgretter_0405-1_72dpi-768x1152.jpg 768w, https:\/\/feuerwehr-kufstein.at\/wp-content\/uploads\/2025\/04\/Portrait_Patrick-Gugglberger_copyright_alexgretter_0405-1_72dpi-1024x1536.jpg 1024w, https:\/\/feuerwehr-kufstein.at\/wp-content\/uploads\/2025\/04\/Portrait_Patrick-Gugglberger_copyright_alexgretter_0405-1_72dpi.jpg 1280w\" src=\"data:image\/svg+xml;base64,PHN2ZyB3aWR0aD0iMSIgaGVpZ2h0PSIxIiB4bWxucz0iaHR0cDovL3d3dy53My5vcmcvMjAwMC9zdmciPjwvc3ZnPg==\" style=\"--smush-placeholder-width: 200px; --smush-placeholder-aspect-ratio: 200\/300;\" \/>\r\n                        <\/div>\r\n                              <figcaption class='wp-caption-text gallery-caption' id='gallery-1-11416'>\r\n                              BM Patrick Gugglberger &#8211; Stv. Leiter der Bezirks-ATS-F\u00fcllstation Kufstein\r\n                              <\/figcaption><\/figure>\r\n                  <\/div>\n\n","protected":false},"excerpt":{"rendered":"<p>Die Atemschutz-F\u00fcllstation des Bezirksfeuerwehrverbandes Kufstein\u00a0besteht seit 30 Jahren. Sie wurde im Jahr 2005\u00a0modernisiert und vergr\u00f6\u00dfert. Hier werden j\u00e4hrlich ca. 4000 Atemschutzflaschen f\u00fcr die Feuerwehren des Bezirks\u00a0gef\u00fcllt. Au\u00dferdem werden\u00a0technische \u00dcberpr\u00fcfungen, Reparaturen\u00a0f\u00fcr Atemschutzger\u00e4te, Atemschutzmasken und Gefahrgut-Schutzanz\u00fcgen durchgef\u00fchrt. Im ganzen Bezirk Kufstein sind ca. 1800 Atemschutzflaschen bei den Feuerwehren in Verwendung. Um nach\u00a0\u00dcbungen oder\u00a0Eins\u00e4tzen sofort wieder einsatzbereit zu [&hellip;]<\/p>\n","protected":false},"author":2,"featured_media":0,"parent":498,"menu_order":4,"comment_status":"closed","ping_status":"closed","template":"","meta":{"footnotes":""},"class_list":["post-548","page","type-page","status-publish","czr-hentry"],"_links":{"self":[{"href":"https:\/\/feuerwehr-kufstein.at\/index.php?rest_route=\/wp\/v2\/pages\/548","targetHints":{"allow":["GET"]}}],"collection":[{"href":"https:\/\/feuerwehr-kufstein.at\/index.php?rest_route=\/wp\/v2\/pages"}],"about":[{"href":"https:\/\/feuerwehr-kufstein.at\/index.php?rest_route=\/wp\/v2\/types\/page"}],"author":[{"embeddable":true,"href":"https:\/\/feuerwehr-kufstein.at\/index.php?rest_route=\/wp\/v2\/users\/2"}],"replies":[{"embeddable":true,"href":"https:\/\/feuerwehr-kufstein.at\/index.php?rest_route=%2Fwp%2Fv2%2Fcomments&post=548"}],"version-history":[{"count":0,"href":"https:\/\/feuerwehr-kufstein.at\/index.php?rest_route=\/wp\/v2\/pages\/548\/revisions"}],"up":[{"embeddable":true,"href":"https:\/\/feuerwehr-kufstein.at\/index.php?rest_route=\/wp\/v2\/pages\/498"}],"wp:attachment":[{"href":"https:\/\/feuerwehr-kufstein.at\/index.php?rest_route=%2Fwp%2Fv2%2Fmedia&parent=548"}],"curies":[{"name":"wp","href":"https:\/\/api.w.org\/{rel}","templated":true}]}}