{"id":549,"date":"2018-11-01T10:04:18","date_gmt":"2018-11-01T10:04:18","guid":{"rendered":"https:\/\/k100413-1.kufnet.at\/?page_id=549"},"modified":"2025-05-22T15:59:43","modified_gmt":"2025-05-22T14:59:43","slug":"ats-uebungsstollen","status":"publish","type":"page","link":"https:\/\/feuerwehr-kufstein.at\/?page_id=549","title":{"rendered":"Atemschutz-\u00dcbungsstollen"},"content":{"rendered":"<div class=\"zusatzseitetext_container\">\n<p><span style=\"color: #000000;\">Der Feuerwehr Kufstein wurde\u00a0von\u00a0der Stadt Kufstein ein alter Luftschutzstollen\u00a0zur Verf\u00fcgung gestellt.<\/span><\/p>\n<p><span style=\"color: #000000;\">Dieser wurde in Eigenregie zu einer anspruchsvollen Atemschutz-\u00dcbungsstrecke umgebaut, die nicht nur der Feuerwehr Kufstein zur Verf\u00fcgung steht, sondern auch von allen anderen interessierten Feuerwehren genutzt werden kann (siehe unten).<\/span><\/p>\n<\/div>\n<p><span style=\"color: #000000;\">Auf dieser \u00dcbungsstrecke geht es darum<\/span><\/p>\n<ul>\n<li><span style=\"color: #000000;\">sich unter erschwerten Sichtbedingungen (Dunkelheit\u00a0u. k\u00fcnstlichem Rauch)\u00a0in beengten Platzverh\u00e4ltnissen zu bewegen und zu orientieren,<\/span><\/li>\n<li><span style=\"color: #000000;\">seine Atemschutzausr\u00fcstung blind zu beherrschen, da die Ger\u00e4te teilweise abgenommen werden m\u00fcssen\u00a0um Hindernisse \u00fcberwinden zu k\u00f6nnen,<\/span><\/li>\n<li><span style=\"color: #000000;\">den psychischen Stress der durch eingespielte L\u00e4rm- und Lichteffekte noch verst\u00e4rkt wird zu bew\u00e4ltigen,<\/span><\/li>\n<li><span style=\"color: #000000;\">die Kommunikation zwischen Trupp und Trupp\u00fcberwachung per Funk zu trainieren, und<\/span><\/li>\n<li><span style=\"color: #000000;\">die vom \u00dcbungsleiter zugeteilten Aufgaben zu erf\u00fcllen.<\/span><\/li>\n<\/ul>\n<div class=\"zusatzseitetext_container\">\n<p><span style=\"color: #000000;\">Hier k\u00f6nnen optimal die Bedingungen f\u00fcr einen Atemschutz-Ger\u00e4tetr\u00e4ger bei einem Wohnungsbrand\u00a0bzw. Einsatz in verengten R\u00e4umen simuliert werden.<\/span><\/p>\n<p><span style=\"color: #000000;\">Nicht trainiert wird hier eine Real-Hei\u00dfausbildung, bei der\u00a0die Gew\u00f6hnung an gro\u00dfe Temperaturen und\u00a0das Kennenlernen von verschiedenen Arten der Rauchgasdurchz\u00fcndung\u00a0(Flash Over,\u00a0Backdraft) im Vordergrund stehen.<\/span><\/p>\n<\/div>\n<p>&nbsp;<\/p>\n<h3 style=\"text-align: center;\"><span style=\"color: #000000;\"><strong>Unsere \u00dcbungsstrecke steht auch anderen Feuerwehren zur Verf\u00fcgung<\/strong><\/span><\/h3>\n<p style=\"text-align: center;\"><span style=\"color: #000000;\">Sollten Sie Interesse haben so richten Sie bitte ihre Anfrage per Mail an:<br \/>\n<strong>Hans-Peter Wohlschlager<\/strong>: <a href=\"mailto:hp.wohlschlager@feuerwehr.tirol\">hp.wohlschlager@feuerwehr.tirol<\/a><br \/>\n<strong>Patrick Gugglberger<\/strong>: <a href=\"mailto:p.gugglberger@feuerwehr.tirol\">p.gugglberger@feuerwehr.tirol<\/a><\/span><\/p>\n<div id='gallery-1' class='czr-gallery row flex-row czr-gallery-style gallery galleryid-549 gallery-columns-4 gallery-size-medium'><figure class='gallery-item col col-auto'>\r\n                        <div class='gallery-icon portrait czr-gallery-icon'>\r\n                              <a data-lb-type=\"grouped-gallery\" title=\"HBI Hans-Peter Wohlschlager &#8211; Leiter der Bezirks-ATS-F\u00fcllstation Kufstein\" href=https:\/\/feuerwehr-kufstein.at\/wp-content\/uploads\/2025\/04\/Portrait_Hans-Peter-Wohlschlager_copyright_alexgretter_0476-1_72dpi.jpg class=\"bg-link\"><\/a><img decoding=\"async\" width=\"200\" height=\"300\" data-src=\"https:\/\/feuerwehr-kufstein.at\/wp-content\/uploads\/2025\/04\/Portrait_Hans-Peter-Wohlschlager_copyright_alexgretter_0476-1_72dpi-200x300.jpg\" class=\"attachment-medium size-medium no-lazy lazyload\" alt=\"\" data-sizes=\"(min-width: 1200px) 255px, (min-width: 992px) 210px, (min-width: 768px) 150px, (min-width: 576px) 105px, calc( 50vw - 30px )\" aria-describedby=\"gallery-1-11415\" data-srcset=\"https:\/\/feuerwehr-kufstein.at\/wp-content\/uploads\/2025\/04\/Portrait_Hans-Peter-Wohlschlager_copyright_alexgretter_0476-1_72dpi-200x300.jpg 200w, https:\/\/feuerwehr-kufstein.at\/wp-content\/uploads\/2025\/04\/Portrait_Hans-Peter-Wohlschlager_copyright_alexgretter_0476-1_72dpi-683x1024.jpg 683w, https:\/\/feuerwehr-kufstein.at\/wp-content\/uploads\/2025\/04\/Portrait_Hans-Peter-Wohlschlager_copyright_alexgretter_0476-1_72dpi-768x1152.jpg 768w, https:\/\/feuerwehr-kufstein.at\/wp-content\/uploads\/2025\/04\/Portrait_Hans-Peter-Wohlschlager_copyright_alexgretter_0476-1_72dpi-1024x1536.jpg 1024w, https:\/\/feuerwehr-kufstein.at\/wp-content\/uploads\/2025\/04\/Portrait_Hans-Peter-Wohlschlager_copyright_alexgretter_0476-1_72dpi.jpg 1280w\" src=\"data:image\/svg+xml;base64,PHN2ZyB3aWR0aD0iMSIgaGVpZ2h0PSIxIiB4bWxucz0iaHR0cDovL3d3dy53My5vcmcvMjAwMC9zdmciPjwvc3ZnPg==\" style=\"--smush-placeholder-width: 200px; --smush-placeholder-aspect-ratio: 200\/300;\" \/>\r\n                        <\/div>\r\n                              <figcaption class='wp-caption-text gallery-caption' id='gallery-1-11415'>\r\n                              HBI Hans-Peter Wohlschlager &#8211; Leiter der Bezirks-ATS-F\u00fcllstation Kufstein\r\n                              <\/figcaption><\/figure><figure class='gallery-item col col-auto'>\r\n                        <div class='gallery-icon portrait czr-gallery-icon'>\r\n                              <a data-lb-type=\"grouped-gallery\" title=\"BM Patrick Gugglberger &#8211; Stv. Leiter der Bezirks-ATS-F\u00fcllstation Kufstein\" href=https:\/\/feuerwehr-kufstein.at\/wp-content\/uploads\/2025\/04\/Portrait_Patrick-Gugglberger_copyright_alexgretter_0405-1_72dpi.jpg class=\"bg-link\"><\/a><img decoding=\"async\" width=\"200\" height=\"300\" data-src=\"https:\/\/feuerwehr-kufstein.at\/wp-content\/uploads\/2025\/04\/Portrait_Patrick-Gugglberger_copyright_alexgretter_0405-1_72dpi-200x300.jpg\" class=\"attachment-medium size-medium no-lazy lazyload\" alt=\"\" data-sizes=\"(min-width: 1200px) 255px, (min-width: 992px) 210px, (min-width: 768px) 150px, (min-width: 576px) 105px, calc( 50vw - 30px )\" aria-describedby=\"gallery-1-11416\" data-srcset=\"https:\/\/feuerwehr-kufstein.at\/wp-content\/uploads\/2025\/04\/Portrait_Patrick-Gugglberger_copyright_alexgretter_0405-1_72dpi-200x300.jpg 200w, https:\/\/feuerwehr-kufstein.at\/wp-content\/uploads\/2025\/04\/Portrait_Patrick-Gugglberger_copyright_alexgretter_0405-1_72dpi-683x1024.jpg 683w, https:\/\/feuerwehr-kufstein.at\/wp-content\/uploads\/2025\/04\/Portrait_Patrick-Gugglberger_copyright_alexgretter_0405-1_72dpi-768x1152.jpg 768w, https:\/\/feuerwehr-kufstein.at\/wp-content\/uploads\/2025\/04\/Portrait_Patrick-Gugglberger_copyright_alexgretter_0405-1_72dpi-1024x1536.jpg 1024w, https:\/\/feuerwehr-kufstein.at\/wp-content\/uploads\/2025\/04\/Portrait_Patrick-Gugglberger_copyright_alexgretter_0405-1_72dpi.jpg 1280w\" src=\"data:image\/svg+xml;base64,PHN2ZyB3aWR0aD0iMSIgaGVpZ2h0PSIxIiB4bWxucz0iaHR0cDovL3d3dy53My5vcmcvMjAwMC9zdmciPjwvc3ZnPg==\" style=\"--smush-placeholder-width: 200px; --smush-placeholder-aspect-ratio: 200\/300;\" \/>\r\n                        <\/div>\r\n                              <figcaption class='wp-caption-text gallery-caption' id='gallery-1-11416'>\r\n                              BM Patrick Gugglberger &#8211; Stv. Leiter der Bezirks-ATS-F\u00fcllstation Kufstein\r\n                              <\/figcaption><\/figure>\r\n                  <\/div>\n\n<h2 style=\"text-align: center;\"><span style=\"color: #000000;\">und informieren Sie sich vorab in unserem<br \/>\n<span style=\"color: #0000ff;\"><a style=\"color: #0000ff;\" href=\"https:\/\/feuerwehr-kufstein.at\/wp-content\/uploads\/2023\/04\/Infoblatt_ATS_STOLLEN.pdf\" target=\"_blank\" rel=\"attachment noopener wp-att-1105\">ATS-\u00dcBUNGSSTOLLEN-INFOBLATT<\/a><\/span><\/span><\/h2>\n<p>&nbsp;<\/p>\n<div class=\"zusatzseitetext_container\">\n<div id='gallery-2' class='czr-gallery row flex-row czr-gallery-style gallery galleryid-549 gallery-columns-4 gallery-size-medium'><figure class='gallery-item col col-auto'>\r\n                        <div class='gallery-icon landscape czr-gallery-icon'>\r\n                              <a data-lb-type=\"grouped-gallery\" href=https:\/\/feuerwehr-kufstein.at\/wp-content\/uploads\/2023\/06\/297984015_10166680024945385_5267814931223949197_n.jpg class=\"bg-link\"><\/a><img decoding=\"async\" width=\"300\" height=\"300\" data-src=\"https:\/\/feuerwehr-kufstein.at\/wp-content\/uploads\/2023\/06\/297984015_10166680024945385_5267814931223949197_n-300x300.jpg\" class=\"attachment-medium size-medium no-lazy lazyload\" alt=\"\" data-sizes=\"(min-width: 1200px) 255px, (min-width: 992px) 210px, (min-width: 768px) 150px, (min-width: 576px) 105px, calc( 50vw - 30px )\" data-srcset=\"https:\/\/feuerwehr-kufstein.at\/wp-content\/uploads\/2023\/06\/297984015_10166680024945385_5267814931223949197_n-300x300.jpg 300w, https:\/\/feuerwehr-kufstein.at\/wp-content\/uploads\/2023\/06\/297984015_10166680024945385_5267814931223949197_n-1024x1024.jpg 1024w, https:\/\/feuerwehr-kufstein.at\/wp-content\/uploads\/2023\/06\/297984015_10166680024945385_5267814931223949197_n-150x150.jpg 150w, https:\/\/feuerwehr-kufstein.at\/wp-content\/uploads\/2023\/06\/297984015_10166680024945385_5267814931223949197_n-768x768.jpg 768w, https:\/\/feuerwehr-kufstein.at\/wp-content\/uploads\/2023\/06\/297984015_10166680024945385_5267814931223949197_n-510x510.jpg 510w, https:\/\/feuerwehr-kufstein.at\/wp-content\/uploads\/2023\/06\/297984015_10166680024945385_5267814931223949197_n.jpg 1440w\" src=\"data:image\/svg+xml;base64,PHN2ZyB3aWR0aD0iMSIgaGVpZ2h0PSIxIiB4bWxucz0iaHR0cDovL3d3dy53My5vcmcvMjAwMC9zdmciPjwvc3ZnPg==\" style=\"--smush-placeholder-width: 300px; --smush-placeholder-aspect-ratio: 300\/300;\" \/>\r\n                        <\/div><\/figure><figure class='gallery-item col col-auto'>\r\n                        <div class='gallery-icon portrait czr-gallery-icon'>\r\n                              <a data-lb-type=\"grouped-gallery\" href=https:\/\/feuerwehr-kufstein.at\/wp-content\/uploads\/2018\/10\/DSC02447a-scaled.jpg class=\"bg-link\"><\/a><img decoding=\"async\" width=\"200\" height=\"300\" data-src=\"https:\/\/feuerwehr-kufstein.at\/wp-content\/uploads\/2018\/10\/DSC02447a-200x300.jpg\" class=\"attachment-medium size-medium no-lazy lazyload\" alt=\"\" data-sizes=\"(min-width: 1200px) 255px, (min-width: 992px) 210px, (min-width: 768px) 150px, (min-width: 576px) 105px, calc( 50vw - 30px )\" data-srcset=\"https:\/\/feuerwehr-kufstein.at\/wp-content\/uploads\/2018\/10\/DSC02447a-200x300.jpg 200w, https:\/\/feuerwehr-kufstein.at\/wp-content\/uploads\/2018\/10\/DSC02447a-1024x1536.jpg 1024w, https:\/\/feuerwehr-kufstein.at\/wp-content\/uploads\/2018\/10\/DSC02447a-1365x2048.jpg 1365w, https:\/\/feuerwehr-kufstein.at\/wp-content\/uploads\/2018\/10\/DSC02447a-768x1152.jpg 768w, https:\/\/feuerwehr-kufstein.at\/wp-content\/uploads\/2018\/10\/DSC02447a-683x1024.jpg 683w, https:\/\/feuerwehr-kufstein.at\/wp-content\/uploads\/2018\/10\/DSC02447a-scaled.jpg 1707w\" src=\"data:image\/svg+xml;base64,PHN2ZyB3aWR0aD0iMSIgaGVpZ2h0PSIxIiB4bWxucz0iaHR0cDovL3d3dy53My5vcmcvMjAwMC9zdmciPjwvc3ZnPg==\" style=\"--smush-placeholder-width: 200px; --smush-placeholder-aspect-ratio: 200\/300;\" \/>\r\n                        <\/div><\/figure><figure class='gallery-item col col-auto'>\r\n                        <div class='gallery-icon landscape czr-gallery-icon'>\r\n                              <a data-lb-type=\"grouped-gallery\" href=https:\/\/feuerwehr-kufstein.at\/wp-content\/uploads\/2018\/10\/DSC02462-1-scaled.jpg class=\"bg-link\"><\/a><img decoding=\"async\" width=\"300\" height=\"200\" data-src=\"https:\/\/feuerwehr-kufstein.at\/wp-content\/uploads\/2018\/10\/DSC02462-1-300x200.jpg\" class=\"attachment-medium size-medium no-lazy lazyload\" alt=\"\" data-sizes=\"(min-width: 1200px) 255px, (min-width: 992px) 210px, (min-width: 768px) 150px, (min-width: 576px) 105px, calc( 50vw - 30px )\" data-srcset=\"https:\/\/feuerwehr-kufstein.at\/wp-content\/uploads\/2018\/10\/DSC02462-1-300x200.jpg 300w, https:\/\/feuerwehr-kufstein.at\/wp-content\/uploads\/2018\/10\/DSC02462-1-1536x1024.jpg 1536w, https:\/\/feuerwehr-kufstein.at\/wp-content\/uploads\/2018\/10\/DSC02462-1-2048x1365.jpg 2048w, https:\/\/feuerwehr-kufstein.at\/wp-content\/uploads\/2018\/10\/DSC02462-1-768x512.jpg 768w, https:\/\/feuerwehr-kufstein.at\/wp-content\/uploads\/2018\/10\/DSC02462-1-1024x683.jpg 1024w\" src=\"data:image\/svg+xml;base64,PHN2ZyB3aWR0aD0iMSIgaGVpZ2h0PSIxIiB4bWxucz0iaHR0cDovL3d3dy53My5vcmcvMjAwMC9zdmciPjwvc3ZnPg==\" style=\"--smush-placeholder-width: 300px; --smush-placeholder-aspect-ratio: 300\/200;\" \/>\r\n                        <\/div><\/figure><figure class='gallery-item col col-auto'>\r\n                        <div class='gallery-icon landscape czr-gallery-icon'>\r\n                              <a data-lb-type=\"grouped-gallery\" href=https:\/\/feuerwehr-kufstein.at\/wp-content\/uploads\/2018\/10\/DSC02463-1-scaled.jpg class=\"bg-link\"><\/a><img decoding=\"async\" width=\"300\" height=\"200\" data-src=\"https:\/\/feuerwehr-kufstein.at\/wp-content\/uploads\/2018\/10\/DSC02463-1-300x200.jpg\" class=\"attachment-medium size-medium no-lazy lazyload\" alt=\"\" data-sizes=\"(min-width: 1200px) 255px, (min-width: 992px) 210px, (min-width: 768px) 150px, (min-width: 576px) 105px, calc( 50vw - 30px )\" data-srcset=\"https:\/\/feuerwehr-kufstein.at\/wp-content\/uploads\/2018\/10\/DSC02463-1-300x200.jpg 300w, https:\/\/feuerwehr-kufstein.at\/wp-content\/uploads\/2018\/10\/DSC02463-1-1536x1024.jpg 1536w, https:\/\/feuerwehr-kufstein.at\/wp-content\/uploads\/2018\/10\/DSC02463-1-2048x1365.jpg 2048w, https:\/\/feuerwehr-kufstein.at\/wp-content\/uploads\/2018\/10\/DSC02463-1-768x512.jpg 768w, https:\/\/feuerwehr-kufstein.at\/wp-content\/uploads\/2018\/10\/DSC02463-1-1024x683.jpg 1024w\" src=\"data:image\/svg+xml;base64,PHN2ZyB3aWR0aD0iMSIgaGVpZ2h0PSIxIiB4bWxucz0iaHR0cDovL3d3dy53My5vcmcvMjAwMC9zdmciPjwvc3ZnPg==\" style=\"--smush-placeholder-width: 300px; --smush-placeholder-aspect-ratio: 300\/200;\" \/>\r\n                        <\/div><\/figure>\r\n                  <\/div>\n\n<h3 style=\"text-align: center;\"><\/h3>\n<p style=\"text-align: center;\">\n<\/div>\n","protected":false},"excerpt":{"rendered":"<p>Der Feuerwehr Kufstein wurde\u00a0von\u00a0der Stadt Kufstein ein alter Luftschutzstollen\u00a0zur Verf\u00fcgung gestellt. Dieser wurde in Eigenregie zu einer anspruchsvollen Atemschutz-\u00dcbungsstrecke umgebaut, die nicht nur der Feuerwehr Kufstein zur Verf\u00fcgung steht, sondern auch von allen anderen interessierten Feuerwehren genutzt werden kann (siehe unten). Auf dieser \u00dcbungsstrecke geht es darum sich unter erschwerten Sichtbedingungen (Dunkelheit\u00a0u. k\u00fcnstlichem Rauch)\u00a0in beengten [&hellip;]<\/p>\n","protected":false},"author":2,"featured_media":0,"parent":498,"menu_order":5,"comment_status":"closed","ping_status":"closed","template":"","meta":{"footnotes":""},"class_list":["post-549","page","type-page","status-publish","czr-hentry"],"_links":{"self":[{"href":"https:\/\/feuerwehr-kufstein.at\/index.php?rest_route=\/wp\/v2\/pages\/549","targetHints":{"allow":["GET"]}}],"collection":[{"href":"https:\/\/feuerwehr-kufstein.at\/index.php?rest_route=\/wp\/v2\/pages"}],"about":[{"href":"https:\/\/feuerwehr-kufstein.at\/index.php?rest_route=\/wp\/v2\/types\/page"}],"author":[{"embeddable":true,"href":"https:\/\/feuerwehr-kufstein.at\/index.php?rest_route=\/wp\/v2\/users\/2"}],"replies":[{"embeddable":true,"href":"https:\/\/feuerwehr-kufstein.at\/index.php?rest_route=%2Fwp%2Fv2%2Fcomments&post=549"}],"version-history":[{"count":0,"href":"https:\/\/feuerwehr-kufstein.at\/index.php?rest_route=\/wp\/v2\/pages\/549\/revisions"}],"up":[{"embeddable":true,"href":"https:\/\/feuerwehr-kufstein.at\/index.php?rest_route=\/wp\/v2\/pages\/498"}],"wp:attachment":[{"href":"https:\/\/feuerwehr-kufstein.at\/index.php?rest_route=%2Fwp%2Fv2%2Fmedia&parent=549"}],"curies":[{"name":"wp","href":"https:\/\/api.w.org\/{rel}","templated":true}]}}