{"id":568,"date":"2018-11-01T10:05:41","date_gmt":"2018-11-01T10:05:41","guid":{"rendered":"https:\/\/k100413-1.kufnet.at\/?page_id=568"},"modified":"2025-12-04T10:27:25","modified_gmt":"2025-12-04T09:27:25","slug":"branddienst","status":"publish","type":"page","link":"https:\/\/feuerwehr-kufstein.at\/?page_id=568","title":{"rendered":"Branddienst"},"content":{"rendered":"<p><span style=\"color: #000000;\"><img decoding=\"async\" class=\"aligncenter wp-image-821 size-large lazyload\" data-src=\"http:\/\/feuerwehr-kufstein.at\/wp-content\/uploads\/2018\/11\/DSC05424-e1543518773109-1024x420.jpg\" alt=\"\" width=\"1024\" height=\"420\" data-srcset=\"https:\/\/feuerwehr-kufstein.at\/wp-content\/uploads\/2018\/11\/DSC05424-e1543518773109-1024x420.jpg 1024w, https:\/\/feuerwehr-kufstein.at\/wp-content\/uploads\/2018\/11\/DSC05424-e1543518773109-1536x631.jpg 1536w, https:\/\/feuerwehr-kufstein.at\/wp-content\/uploads\/2018\/11\/DSC05424-e1543518773109-300x123.jpg 300w, https:\/\/feuerwehr-kufstein.at\/wp-content\/uploads\/2018\/11\/DSC05424-e1543518773109-768x315.jpg 768w, https:\/\/feuerwehr-kufstein.at\/wp-content\/uploads\/2018\/11\/DSC05424-e1543518773109.jpg 1615w\" data-sizes=\"(max-width: 1024px) 100vw, 1024px\" src=\"data:image\/svg+xml;base64,PHN2ZyB3aWR0aD0iMSIgaGVpZ2h0PSIxIiB4bWxucz0iaHR0cDovL3d3dy53My5vcmcvMjAwMC9zdmciPjwvc3ZnPg==\" style=\"--smush-placeholder-width: 1024px; --smush-placeholder-aspect-ratio: 1024\/420;\" \/><\/span><\/p>\n<h3 data-start=\"116\" data-end=\"178\">Aufgaben und Herausforderungen der Stadtfeuerwehr Kufstein<\/h3>\n<p data-start=\"180\" data-end=\"344\">Das L\u00f6schen von Br\u00e4nden ist nach wie vor eine zentrale Aufgabe der Feuerwehr. Dennoch hat sich das Einsatzspektrum in den vergangenen Jahrzehnten stark erweitert.<\/p>\n<p data-start=\"346\" data-end=\"913\">Einerseits, weil Feuerwehren heute zu einer Vielzahl an Eins\u00e4tzen gerufen werden, die nicht unmittelbar mit Feuer zu tun haben \u2013 etwa Verkehrsunf\u00e4lle, Menschen- und Tierrettungen sowie vielf\u00e4ltige technische Hilfeleistungen.<br data-start=\"570\" data-end=\"573\" \/>Andererseits werden Br\u00e4nde dank moderner Brandmeldeanlagen, Rauchmelder und strengerer baulicher Vorschriften in der Regel fr\u00fcher erkannt und breiten sich weniger schnell aus. Wenn es jedoch brennt, ist aufgrund der hohen Brandlast moderner Materialien \u2013 insbesondere von Kunststoffen \u2013 mit wesentlich gef\u00e4hrlicheren Bedingungen zu rechnen.<\/p>\n<p data-start=\"915\" data-end=\"963\">Durch den verst\u00e4rkten Einsatz von Kunststoffen<\/p>\n<ul data-start=\"964\" data-end=\"1191\">\n<li data-start=\"964\" data-end=\"1001\">\n<p data-start=\"966\" data-end=\"1001\">sind Rauchgase giftiger geworden,<\/p>\n<\/li>\n<li data-start=\"1002\" data-end=\"1057\">\n<p data-start=\"1004\" data-end=\"1057\">entstehen deutlich h\u00f6here Verbrennungstemperaturen,<\/p>\n<\/li>\n<li data-start=\"1058\" data-end=\"1191\">\n<p data-start=\"1060\" data-end=\"1191\">und die dichte Bauweise moderner Fenster und T\u00fcren erh\u00f6ht das Risiko einer Rauchgasdurchz\u00fcndung oder sogar einer Rauchgasexplosion.<\/p>\n<\/li>\n<\/ul>\n<p data-start=\"1193\" data-end=\"1335\">Die h\u00e4ufigsten Brandursachen liegen heute bei menschlichem Fehlverhalten sowie technischen Defekten, vor allem im Bereich elektrischer Ger\u00e4te.<\/p>\n<hr data-start=\"1337\" data-end=\"1340\" \/>\n<h3 data-start=\"1342\" data-end=\"1386\">Technik, Ausbildung und Professionalit\u00e4t<\/h3>\n<p data-start=\"1388\" data-end=\"1586\">F\u00fcr die vielf\u00e4ltigen Einsatzsituationen stehen der Stadtfeuerwehr Kufstein modernste <a href=\"http:\/\/feuerwehr-kufstein.at\/?page_id=544\">Fahrzeuge<\/a>, L\u00f6schger\u00e4te, unterschiedliche L\u00f6schmittel sowie umfassende pers\u00f6nliche Schutzausr\u00fcstung zur Verf\u00fcgung.<\/p>\n<p data-start=\"1588\" data-end=\"1916\">Um diese Ausr\u00fcstung im Ernstfall optimal einsetzen zu k\u00f6nnen, trainieren unsere Einsatzkr\u00e4fte regelm\u00e4\u00dfig verschiedene Einsatzszenarien. Die Ausbildung erfolgt sowohl intern als auch an der <a href=\"https:\/\/www.feuerwehr.tirol\/\">Landes-Feuerwehrschule Tirol<\/a>, bei Fortbildungen mit externen Experten, <a href=\"https:\/\/www.fire-fighting.eu\/\" target=\"_blank\" rel=\"noopener\">Real-Hei\u00dfausbildungen<\/a> und in Zusammenarbeit mit anderen Feuerwehren.<\/p>\n<hr data-start=\"1918\" data-end=\"1921\" \/>\n<h3 data-start=\"1923\" data-end=\"1945\">Unser Grundsatz:<\/h3>\n<p data-start=\"1946\" data-end=\"1986\"><strong data-start=\"1946\" data-end=\"1986\">Menschenrettung vor Brandbek\u00e4mpfung!<\/strong><\/p>\n","protected":false},"excerpt":{"rendered":"<p>Aufgaben und Herausforderungen der Stadtfeuerwehr Kufstein Das L\u00f6schen von Br\u00e4nden ist nach wie vor eine zentrale Aufgabe der Feuerwehr. Dennoch hat sich das Einsatzspektrum in den vergangenen Jahrzehnten stark erweitert. Einerseits, weil Feuerwehren heute zu einer Vielzahl an Eins\u00e4tzen gerufen werden, die nicht unmittelbar mit Feuer zu tun haben \u2013 etwa Verkehrsunf\u00e4lle, Menschen- und Tierrettungen [&hellip;]<\/p>\n","protected":false},"author":2,"featured_media":0,"parent":499,"menu_order":1,"comment_status":"closed","ping_status":"closed","template":"","meta":{"footnotes":""},"class_list":["post-568","page","type-page","status-publish","czr-hentry"],"_links":{"self":[{"href":"https:\/\/feuerwehr-kufstein.at\/index.php?rest_route=\/wp\/v2\/pages\/568","targetHints":{"allow":["GET"]}}],"collection":[{"href":"https:\/\/feuerwehr-kufstein.at\/index.php?rest_route=\/wp\/v2\/pages"}],"about":[{"href":"https:\/\/feuerwehr-kufstein.at\/index.php?rest_route=\/wp\/v2\/types\/page"}],"author":[{"embeddable":true,"href":"https:\/\/feuerwehr-kufstein.at\/index.php?rest_route=\/wp\/v2\/users\/2"}],"replies":[{"embeddable":true,"href":"https:\/\/feuerwehr-kufstein.at\/index.php?rest_route=%2Fwp%2Fv2%2Fcomments&post=568"}],"version-history":[{"count":0,"href":"https:\/\/feuerwehr-kufstein.at\/index.php?rest_route=\/wp\/v2\/pages\/568\/revisions"}],"up":[{"embeddable":true,"href":"https:\/\/feuerwehr-kufstein.at\/index.php?rest_route=\/wp\/v2\/pages\/499"}],"wp:attachment":[{"href":"https:\/\/feuerwehr-kufstein.at\/index.php?rest_route=%2Fwp%2Fv2%2Fmedia&parent=568"}],"curies":[{"name":"wp","href":"https:\/\/api.w.org\/{rel}","templated":true}]}}