{"id":572,"date":"2018-11-01T10:05:41","date_gmt":"2018-11-01T10:05:41","guid":{"rendered":"https:\/\/k100413-1.kufnet.at\/?page_id=572"},"modified":"2021-04-15T13:45:27","modified_gmt":"2021-04-15T12:45:27","slug":"wasserdienst","status":"publish","type":"page","link":"https:\/\/feuerwehr-kufstein.at\/?page_id=572","title":{"rendered":"Wasserdienst"},"content":{"rendered":"<p style=\"text-align: center;\"><iframe title=\"YouTube video player\" data-src=\"https:\/\/www.youtube.com\/embed\/iU75FTxNl-k?controls=0\" width=\"560\" height=\"315\" frameborder=\"0\" allowfullscreen=\"allowfullscreen\" src=\"data:image\/svg+xml;base64,PHN2ZyB3aWR0aD0iMSIgaGVpZ2h0PSIxIiB4bWxucz0iaHR0cDovL3d3dy53My5vcmcvMjAwMC9zdmciPjwvc3ZnPg==\" data-load-mode=\"1\"><span data-mce-type=\"bookmark\" style=\"display: inline-block; width: 0px; overflow: hidden; line-height: 0;\" class=\"mce_SELRES_start lazyload\">\ufeff<\/span><\/iframe><\/p>\n<h3 style=\"text-align: center;\"><span style=\"color: #000000;\">Seit 1992\u00a0unterh\u00e4lt die Freiwillige Feuerwehr Kufstein eine Rettungsschwimmer- und Taucherstaffel.<\/span><\/h3>\n<p><span style=\"color: #000000;\"><a href=\"https:\/\/feuerwehr-kufstein.at\/wp-content\/uploads\/2018\/10\/DSC00612.jpg\"><img decoding=\"async\" class=\"aligncenter wp-image-335 lazyload\" data-src=\"http:\/\/feuerwehr-kufstein.at\/wp-content\/uploads\/2018\/10\/DSC00612.jpg\" alt=\"\" width=\"500\" height=\"333\" src=\"data:image\/svg+xml;base64,PHN2ZyB3aWR0aD0iMSIgaGVpZ2h0PSIxIiB4bWxucz0iaHR0cDovL3d3dy53My5vcmcvMjAwMC9zdmciPjwvc3ZnPg==\" style=\"--smush-placeholder-width: 500px; --smush-placeholder-aspect-ratio: 500\/333;\" \/><\/a><\/span><\/p>\n<p><span style=\"color: #000000;\">Diese ist f\u00fcr die Rettung aus flie\u00dfenden und stehenden Gew\u00e4ssern im Bezirk Kufstein, sowie den angrenzenden Bezirken und dem benachbarten Bayern zust\u00e4ndig.<\/span><\/p>\n<p><span style=\"color: #000000;\">Bei einer Alarmierung der Schwimmer oder Taucher (je nach Einsatzzweck) wird zeitgleich ein Notarzthubschrauber &#8211; meist der in der N\u00e4he stationierte <em>Heli 3<\/em> der Firma <span style=\"color: #0000ff;\"><a style=\"color: #0000ff;\" href=\"http:\/\/www.notarzthelicopter.at\/web\/html\/\" target=\"_blank\" rel=\"noopener noreferrer\">SHS<\/a><\/span>\u00a0&#8211;\u00a0mitalarmiert. Dieser landet neben dem Ger\u00e4tehaus, nimmt dort zwei Schwimmer\u00a0bzw. Taucher auf, und fliegt sie direkt zum Einsatzort.<\/span><\/p>\n<p style=\"text-align: center;\"><iframe data-src=\"https:\/\/www.youtube.com\/embed\/MNjkIyqJvJ4?start=134\" width=\"560\" height=\"315\" frameborder=\"0\" allowfullscreen=\"allowfullscreen\" src=\"data:image\/svg+xml;base64,PHN2ZyB3aWR0aD0iMSIgaGVpZ2h0PSIxIiB4bWxucz0iaHR0cDovL3d3dy53My5vcmcvMjAwMC9zdmciPjwvc3ZnPg==\" class=\"lazyload\" data-load-mode=\"1\"><\/iframe><\/p>\n<div class=\"zusatzseitetext_container\">\n<p><span style=\"color: #000000;\">Die Vorteile des Hubschraubers sind dabei:<\/span><\/p>\n<ul>\n<li><span style=\"color: #000000;\">K\u00fcrzest m\u00f6gliche &#8222;Anfahrtszeit&#8220; zum\u00a0Einsatzgebiet,<\/span><\/li>\n<li><span style=\"color: #000000;\">leichtere und schnellere\u00a0Auffindbarkeit der Person(en) in Notlage, da man von der Luft aus einen besseren \u00dcberblick\u00a0 hat,<\/span><\/li>\n<li><span style=\"color: #000000;\">bei Rettung der Person(en) aus der Notlage ist sofort ein Notarzt zur weiteren Betreuung vor Ort.<\/span><\/li>\n<\/ul>\n<p class=\"align_center\" style=\"text-align: center;\"><span style=\"font-size: medium; color: #000000;\"><a href=\"https:\/\/feuerwehr-kufstein.at\/wp-content\/uploads\/2018\/11\/DSC03277.jpg\"><img decoding=\"async\" class=\"alignnone wp-image-856 lazyload\" data-src=\"http:\/\/feuerwehr-kufstein.at\/wp-content\/uploads\/2018\/11\/DSC03277.jpg\" alt=\"\" width=\"500\" height=\"333\" data-srcset=\"https:\/\/feuerwehr-kufstein.at\/wp-content\/uploads\/2018\/11\/DSC03277.jpg 1620w, https:\/\/feuerwehr-kufstein.at\/wp-content\/uploads\/2018\/11\/DSC03277-1536x1024.jpg 1536w, https:\/\/feuerwehr-kufstein.at\/wp-content\/uploads\/2018\/11\/DSC03277-300x200.jpg 300w, https:\/\/feuerwehr-kufstein.at\/wp-content\/uploads\/2018\/11\/DSC03277-768x512.jpg 768w, https:\/\/feuerwehr-kufstein.at\/wp-content\/uploads\/2018\/11\/DSC03277-1024x683.jpg 1024w\" data-sizes=\"(max-width: 500px) 100vw, 500px\" src=\"data:image\/svg+xml;base64,PHN2ZyB3aWR0aD0iMSIgaGVpZ2h0PSIxIiB4bWxucz0iaHR0cDovL3d3dy53My5vcmcvMjAwMC9zdmciPjwvc3ZnPg==\" style=\"--smush-placeholder-width: 500px; --smush-placeholder-aspect-ratio: 500\/333;\" \/><\/a><\/span><\/p>\n<p style=\"text-align: center;\"><span style=\"color: #000000;\">Die anderen Schwimmer bzw. Taucher werden sofort\u00a0mit\u00a0einem Mannschaftstransportfahrzeug an die Einsatzstelle nachgebracht.<\/span><\/p>\n<p><span style=\"color: #000000;\"><a href=\"https:\/\/feuerwehr-kufstein.at\/wp-content\/uploads\/2018\/11\/DSC03123.jpg\"><img decoding=\"async\" class=\"aligncenter wp-image-853 lazyload\" data-src=\"http:\/\/feuerwehr-kufstein.at\/wp-content\/uploads\/2018\/11\/DSC03123.jpg\" alt=\"\" width=\"500\" height=\"333\" data-srcset=\"https:\/\/feuerwehr-kufstein.at\/wp-content\/uploads\/2018\/11\/DSC03123.jpg 1620w, https:\/\/feuerwehr-kufstein.at\/wp-content\/uploads\/2018\/11\/DSC03123-1536x1024.jpg 1536w, https:\/\/feuerwehr-kufstein.at\/wp-content\/uploads\/2018\/11\/DSC03123-300x200.jpg 300w, https:\/\/feuerwehr-kufstein.at\/wp-content\/uploads\/2018\/11\/DSC03123-768x512.jpg 768w, https:\/\/feuerwehr-kufstein.at\/wp-content\/uploads\/2018\/11\/DSC03123-1024x683.jpg 1024w\" data-sizes=\"(max-width: 500px) 100vw, 500px\" src=\"data:image\/svg+xml;base64,PHN2ZyB3aWR0aD0iMSIgaGVpZ2h0PSIxIiB4bWxucz0iaHR0cDovL3d3dy53My5vcmcvMjAwMC9zdmciPjwvc3ZnPg==\" style=\"--smush-placeholder-width: 500px; --smush-placeholder-aspect-ratio: 500\/333;\" \/><\/a><\/span><\/p>\n<p><a href=\"https:\/\/feuerwehr-kufstein.at\/wp-content\/uploads\/2020\/08\/boot_inn.jpg\" rel=\"attachment wp-att-6028\"><img decoding=\"async\" class=\"aligncenter wp-image-6028 lazyload\" data-src=\"https:\/\/feuerwehr-kufstein.at\/wp-content\/uploads\/2020\/08\/boot_inn-1024x683.jpg\" alt=\"\" width=\"500\" height=\"333\" data-srcset=\"https:\/\/feuerwehr-kufstein.at\/wp-content\/uploads\/2020\/08\/boot_inn-1024x683.jpg 1024w, https:\/\/feuerwehr-kufstein.at\/wp-content\/uploads\/2020\/08\/boot_inn-300x200.jpg 300w, https:\/\/feuerwehr-kufstein.at\/wp-content\/uploads\/2020\/08\/boot_inn-768x512.jpg 768w, https:\/\/feuerwehr-kufstein.at\/wp-content\/uploads\/2020\/08\/boot_inn-1536x1024.jpg 1536w, https:\/\/feuerwehr-kufstein.at\/wp-content\/uploads\/2020\/08\/boot_inn.jpg 2048w\" data-sizes=\"(max-width: 500px) 100vw, 500px\" src=\"data:image\/svg+xml;base64,PHN2ZyB3aWR0aD0iMSIgaGVpZ2h0PSIxIiB4bWxucz0iaHR0cDovL3d3dy53My5vcmcvMjAwMC9zdmciPjwvc3ZnPg==\" style=\"--smush-placeholder-width: 500px; --smush-placeholder-aspect-ratio: 500\/333;\" \/><\/a><\/p>\n<p style=\"text-align: center;\"><span style=\"color: #000000;\">Sollte sich das Ungl\u00fcck auf dem Inn ereignen\u00a0kommt auch das 204 PS starke\u00a0A-Boot\u00a0zum Einsatz.<\/span><\/p>\n<p><span style=\"font-size: medium; color: #000000;\"><a href=\"https:\/\/feuerwehr-kufstein.at\/wp-content\/uploads\/2018\/10\/DSC03287.jpg\"><img decoding=\"async\" class=\"aligncenter wp-image-417 lazyload\" data-src=\"http:\/\/feuerwehr-kufstein.at\/wp-content\/uploads\/2018\/10\/DSC03287.jpg\" alt=\"\" width=\"500\" height=\"333\" src=\"data:image\/svg+xml;base64,PHN2ZyB3aWR0aD0iMSIgaGVpZ2h0PSIxIiB4bWxucz0iaHR0cDovL3d3dy53My5vcmcvMjAwMC9zdmciPjwvc3ZnPg==\" style=\"--smush-placeholder-width: 500px; --smush-placeholder-aspect-ratio: 500\/333;\" \/><\/a><\/span><\/p>\n<p style=\"text-align: center;\"><span style=\"color: #000000;\"><span style=\"text-align: center;\">Bei Eins\u00e4tzen auf Seen in der N\u00e4heren Umgebung\u00a0verwenden wir hingegen unser\u00a0<\/span>Boot 2<span style=\"text-align: center;\">.<\/span><\/span><\/p>\n<p style=\"text-align: center;\"><span style=\"color: #000000;\">Die Boote werden jeweils mit einem Bootsf\u00fchrer\u00a0und mindestens zwei\u00a0Rettungsschwimmern o. Tauchern\u00a0besetzt.<\/span><\/p>\n<p>&nbsp;<\/p>\n<p><span style=\"color: #000000;\">In der kalten Jahreszeit kommt f\u00fcr die Rettung von ins Eis eingebrochenen Personen unser aufblasbarer Eisretter zum Einsatz.<\/span><\/p>\n<p><span style=\"color: #000000;\"><a href=\"https:\/\/feuerwehr-kufstein.at\/wp-content\/uploads\/2018\/12\/10.png\"><img decoding=\"async\" class=\"aligncenter wp-image-1775 lazyload\" data-src=\"http:\/\/feuerwehr-kufstein.at\/wp-content\/uploads\/2018\/12\/10.png\" alt=\"\" width=\"500\" height=\"326\" data-srcset=\"https:\/\/feuerwehr-kufstein.at\/wp-content\/uploads\/2018\/12\/10.png 800w, https:\/\/feuerwehr-kufstein.at\/wp-content\/uploads\/2018\/12\/10-300x195.png 300w, https:\/\/feuerwehr-kufstein.at\/wp-content\/uploads\/2018\/12\/10-768x500.png 768w\" data-sizes=\"(max-width: 500px) 100vw, 500px\" src=\"data:image\/svg+xml;base64,PHN2ZyB3aWR0aD0iMSIgaGVpZ2h0PSIxIiB4bWxucz0iaHR0cDovL3d3dy53My5vcmcvMjAwMC9zdmciPjwvc3ZnPg==\" style=\"--smush-placeholder-width: 500px; --smush-placeholder-aspect-ratio: 500\/326;\" \/><\/a><\/span><\/p>\n<p style=\"text-align: center;\"><span style=\"color: #000000;\">Dieser wird ebenfalls mit zwei Rettungsschwimmern an den Ungl\u00fccksort geflogen.<\/span><\/p>\n<p>&nbsp;<\/p>\n<p>&nbsp;<\/p>\n<\/div>\n","protected":false},"excerpt":{"rendered":"<p>\ufeff Seit 1992\u00a0unterh\u00e4lt die Freiwillige Feuerwehr Kufstein eine Rettungsschwimmer- und Taucherstaffel. Diese ist f\u00fcr die Rettung aus flie\u00dfenden und stehenden Gew\u00e4ssern im Bezirk Kufstein, sowie den angrenzenden Bezirken und dem benachbarten Bayern zust\u00e4ndig. Bei einer Alarmierung der Schwimmer oder Taucher (je nach Einsatzzweck) wird zeitgleich ein Notarzthubschrauber &#8211; meist der in der N\u00e4he stationierte Heli [&hellip;]<\/p>\n","protected":false},"author":2,"featured_media":0,"parent":499,"menu_order":4,"comment_status":"closed","ping_status":"closed","template":"","meta":{"footnotes":""},"class_list":["post-572","page","type-page","status-publish","czr-hentry"],"_links":{"self":[{"href":"https:\/\/feuerwehr-kufstein.at\/index.php?rest_route=\/wp\/v2\/pages\/572","targetHints":{"allow":["GET"]}}],"collection":[{"href":"https:\/\/feuerwehr-kufstein.at\/index.php?rest_route=\/wp\/v2\/pages"}],"about":[{"href":"https:\/\/feuerwehr-kufstein.at\/index.php?rest_route=\/wp\/v2\/types\/page"}],"author":[{"embeddable":true,"href":"https:\/\/feuerwehr-kufstein.at\/index.php?rest_route=\/wp\/v2\/users\/2"}],"replies":[{"embeddable":true,"href":"https:\/\/feuerwehr-kufstein.at\/index.php?rest_route=%2Fwp%2Fv2%2Fcomments&post=572"}],"version-history":[{"count":0,"href":"https:\/\/feuerwehr-kufstein.at\/index.php?rest_route=\/wp\/v2\/pages\/572\/revisions"}],"up":[{"embeddable":true,"href":"https:\/\/feuerwehr-kufstein.at\/index.php?rest_route=\/wp\/v2\/pages\/499"}],"wp:attachment":[{"href":"https:\/\/feuerwehr-kufstein.at\/index.php?rest_route=%2Fwp%2Fv2%2Fmedia&parent=572"}],"curies":[{"name":"wp","href":"https:\/\/api.w.org\/{rel}","templated":true}]}}