{"id":584,"date":"2018-11-01T10:06:49","date_gmt":"2018-11-01T10:06:49","guid":{"rendered":"https:\/\/k100413-1.kufnet.at\/?page_id=584"},"modified":"2019-06-05T09:40:58","modified_gmt":"2019-06-05T08:40:58","slug":"alarmierung","status":"publish","type":"page","link":"https:\/\/feuerwehr-kufstein.at\/?page_id=584","title":{"rendered":"Alarmierung"},"content":{"rendered":"<p><span style=\"color: #000000;\">Bei einer Alarmierung\u00a0r\u00fccken die ersten Fahrzeuge in der Regel nach ca. 3 bis 5 Minuten zum Einsatz aus. Dies ist jedoch nur m\u00f6glich, weil Kameraden in Betrieben besch\u00e4ftigt sind<\/span><\/p>\n<ul>\n<li><span style=\"color: #000000;\">die sich im Stadtgebiet befinden<\/span><\/li>\n<li><span style=\"color: #000000;\">und die Arbeitnehmer ihren Arbeitsplatz bei Alarmierung sofort verlassen d\u00fcrfen.<\/span><\/li>\n<\/ul>\n<p style=\"text-align: center;\"><span style=\"color: #000000;\"><strong>An dieser Stelle daher ein herzliches Dankesch\u00f6n an die Kufsteiner Unternehmerinnen und Unternehmer,<\/strong><\/span><\/p>\n<p style=\"text-align: center;\"><strong><span style=\"color: #000000;\">die unsere Mitglieder w\u00e4hrend der Arbeitszeit dienstfrei stellen.<\/span><\/strong><\/p>\n<p>&nbsp;<\/p>\n<div class=\"zusatzseitetext_container\">\n<p><span style=\"color: #000000;\"><strong>Funkmeldeempf\u00e4nger \u00a0&#8211; &#8220; P I E P S E R &#8222;<\/strong><\/span><br \/>\n<span style=\"color: #000000;\">Die Feuerwehr Kufstein verf\u00fcgt seit 1986 \u00fcber eine stille Alarmierung mittels Piepser. Seit 2006 erfolgt die landesweite Alarmierung\u00a0aller Feuerwehren\u00a0durch die <span style=\"color: #0000ff;\"><a style=\"color: #0000ff;\" href=\"https:\/\/www.leitstelle.tirol\/\" target=\"_blank\" rel=\"noopener noreferrer\">Leitstelle Tirol<\/a><\/span>. Jeder aktive Feuerwehrmann\/-frau\u00a0in unserer Wehr ist\u00a0mit einem digitalen Funkmeldeempf\u00e4nger ausgestattet, der ihn im\u00a0Alarmfall durch ein akustisches Signal und eine Textmeldung informiert, dass ein Einsatz ansteht und er ins Ger\u00e4tehaus einr\u00fccken soll.<\/span><\/p>\n<p><span style=\"color: #000000;\"><img decoding=\"async\" class=\"wp-image-2375 aligncenter lazyload\" data-src=\"https:\/\/feuerwehr-kufstein.at\/wp-content\/uploads\/2019\/01\/Pager.jpg\" alt=\"\" width=\"333\" height=\"500\" src=\"data:image\/svg+xml;base64,PHN2ZyB3aWR0aD0iMSIgaGVpZ2h0PSIxIiB4bWxucz0iaHR0cDovL3d3dy53My5vcmcvMjAwMC9zdmciPjwvc3ZnPg==\" style=\"--smush-placeholder-width: 333px; --smush-placeholder-aspect-ratio: 333\/500;\" \/><\/span><\/p>\n<p><span style=\"color: #000000;\">Das hei\u00dft aber auch, dass die Bev\u00f6lkerung nicht mehr informiert ist, wenn ein Einsatz stattfindet, und so der Eindruck entstehen k\u00f6nnte, dass die Feuerwehr eh nichts zu tun hat. Dem ist aber nicht so! Im Schnitt wird die Feuerwehr Kufstein\u00a0pro Jahr zu ca. 300 Eins\u00e4tzen gerufen.<\/span><\/p>\n<p><span style=\"color: #000000;\">Vorteil dieser Alarmierung\u00a0ist jedoch, dass die Bev\u00f6lkerung in den Nachtstunden nicht durch\u00a0Sirenengeheul aus dem Schlaf gerissen wird &#8211; was in manchen N\u00e4chten durchaus mehrmals\u00a0vorkommen kann.<\/span><\/p>\n<p>&nbsp;<\/p>\n<p><span style=\"color: #000000;\"><strong>F U N K S I R E N E<\/strong><\/span><\/p>\n<p><span style=\"color: #000000;\">Da Sirenen aus Zivilschutzgr\u00fcnden \u00f6sterreichweit vorgeschrieben sind,\u00a0werden diese neben der Alarmierung im\u00a0Katastrophenfall auch f\u00fcr die Alarmierung der Feuerwehren eingesetzt. Zu diesem Zweck sind in Kufstein f\u00fcnf Funksirenen im Einsatz, welche \u00fcber das ganze Stadtgebiet verteilt sind.<\/span><\/p>\n<p><span style=\"color: #000000;\">Sirenenalarm wird zur Aufwertung eines Einsatzes\u00a0&#8211; <em>nur auf Anordnung<\/em> <em>des Einsatzleiters<\/em>\u00a0 &#8211;\u00a0 ausgel\u00f6st\u00a0. Dies erfolgt z.B. bei Gro\u00dfschadenslagen\u00a0und bei Alarmstufe II\u00a0oder III f\u00fcr die Stadt Kufstein.<\/span><\/p>\n<p><span style=\"color: #000000;\">Damit wird die Dringlichkeit und Wichtigkeit eines Einsatzes hervorgehoben um noch mehr Feuerwehrleute zum Einsatz zu rufen.<\/span><\/p>\n<div id='gallery-1' class='czr-gallery row flex-row czr-gallery-style gallery galleryid-584 gallery-columns-4 gallery-size-thumbnail'><figure class='gallery-item col col-auto'>\r\n                        <div class='gallery-icon landscape czr-gallery-icon'>\r\n                              <a data-lb-type=\"grouped-gallery\" href=https:\/\/feuerwehr-kufstein.at\/wp-content\/uploads\/2018\/11\/DSC05804.jpg class=\"bg-link\"><\/a><img decoding=\"async\" width=\"150\" height=\"150\" data-src=\"https:\/\/feuerwehr-kufstein.at\/wp-content\/uploads\/2018\/11\/DSC05804-150x150.jpg\" class=\"attachment-thumbnail size-thumbnail no-lazy lazyload\" alt=\"\" data-sizes=\"(min-width: 1200px) 255px, (min-width: 992px) 210px, (min-width: 768px) 150px, (min-width: 576px) 105px, calc( 50vw - 30px )\" data-srcset=\"https:\/\/feuerwehr-kufstein.at\/wp-content\/uploads\/2018\/11\/DSC05804-150x150.jpg 150w, https:\/\/feuerwehr-kufstein.at\/wp-content\/uploads\/2018\/11\/DSC05804-510x510.jpg 510w\" src=\"data:image\/svg+xml;base64,PHN2ZyB3aWR0aD0iMSIgaGVpZ2h0PSIxIiB4bWxucz0iaHR0cDovL3d3dy53My5vcmcvMjAwMC9zdmciPjwvc3ZnPg==\" style=\"--smush-placeholder-width: 150px; --smush-placeholder-aspect-ratio: 150\/150;\" \/>\r\n                        <\/div><\/figure><figure class='gallery-item col col-auto'>\r\n                        <div class='gallery-icon landscape czr-gallery-icon'>\r\n                              <a data-lb-type=\"grouped-gallery\" href=https:\/\/feuerwehr-kufstein.at\/wp-content\/uploads\/2018\/11\/DSC05766.jpg class=\"bg-link\"><\/a><img decoding=\"async\" width=\"150\" height=\"150\" data-src=\"https:\/\/feuerwehr-kufstein.at\/wp-content\/uploads\/2018\/11\/DSC05766-150x150.jpg\" class=\"attachment-thumbnail size-thumbnail no-lazy lazyload\" alt=\"\" data-sizes=\"(min-width: 1200px) 255px, (min-width: 992px) 210px, (min-width: 768px) 150px, (min-width: 576px) 105px, calc( 50vw - 30px )\" data-srcset=\"https:\/\/feuerwehr-kufstein.at\/wp-content\/uploads\/2018\/11\/DSC05766-150x150.jpg 150w, https:\/\/feuerwehr-kufstein.at\/wp-content\/uploads\/2018\/11\/DSC05766-510x510.jpg 510w\" src=\"data:image\/svg+xml;base64,PHN2ZyB3aWR0aD0iMSIgaGVpZ2h0PSIxIiB4bWxucz0iaHR0cDovL3d3dy53My5vcmcvMjAwMC9zdmciPjwvc3ZnPg==\" style=\"--smush-placeholder-width: 150px; --smush-placeholder-aspect-ratio: 150\/150;\" \/>\r\n                        <\/div><\/figure><figure class='gallery-item col col-auto'>\r\n                        <div class='gallery-icon landscape czr-gallery-icon'>\r\n                              <a data-lb-type=\"grouped-gallery\" href=https:\/\/feuerwehr-kufstein.at\/wp-content\/uploads\/2018\/11\/DSC05779.jpg class=\"bg-link\"><\/a><img decoding=\"async\" width=\"150\" height=\"150\" data-src=\"https:\/\/feuerwehr-kufstein.at\/wp-content\/uploads\/2018\/11\/DSC05779-150x150.jpg\" class=\"attachment-thumbnail size-thumbnail no-lazy lazyload\" alt=\"\" data-sizes=\"(min-width: 1200px) 255px, (min-width: 992px) 210px, (min-width: 768px) 150px, (min-width: 576px) 105px, calc( 50vw - 30px )\" data-srcset=\"https:\/\/feuerwehr-kufstein.at\/wp-content\/uploads\/2018\/11\/DSC05779-150x150.jpg 150w, https:\/\/feuerwehr-kufstein.at\/wp-content\/uploads\/2018\/11\/DSC05779-510x510.jpg 510w\" src=\"data:image\/svg+xml;base64,PHN2ZyB3aWR0aD0iMSIgaGVpZ2h0PSIxIiB4bWxucz0iaHR0cDovL3d3dy53My5vcmcvMjAwMC9zdmciPjwvc3ZnPg==\" style=\"--smush-placeholder-width: 150px; --smush-placeholder-aspect-ratio: 150\/150;\" \/>\r\n                        <\/div><\/figure><figure class='gallery-item col col-auto'>\r\n                        <div class='gallery-icon portrait czr-gallery-icon'>\r\n                              <a data-lb-type=\"grouped-gallery\" href=https:\/\/feuerwehr-kufstein.at\/wp-content\/uploads\/2018\/11\/DSC05777.jpg class=\"bg-link\"><\/a><img decoding=\"async\" width=\"150\" height=\"150\" data-src=\"https:\/\/feuerwehr-kufstein.at\/wp-content\/uploads\/2018\/11\/DSC05777-150x150.jpg\" class=\"attachment-thumbnail size-thumbnail no-lazy lazyload\" alt=\"\" data-sizes=\"(min-width: 1200px) 255px, (min-width: 992px) 210px, (min-width: 768px) 150px, (min-width: 576px) 105px, calc( 50vw - 30px )\" data-srcset=\"https:\/\/feuerwehr-kufstein.at\/wp-content\/uploads\/2018\/11\/DSC05777-150x150.jpg 150w, https:\/\/feuerwehr-kufstein.at\/wp-content\/uploads\/2018\/11\/DSC05777-510x510.jpg 510w\" src=\"data:image\/svg+xml;base64,PHN2ZyB3aWR0aD0iMSIgaGVpZ2h0PSIxIiB4bWxucz0iaHR0cDovL3d3dy53My5vcmcvMjAwMC9zdmciPjwvc3ZnPg==\" style=\"--smush-placeholder-width: 150px; --smush-placeholder-aspect-ratio: 150\/150;\" \/>\r\n                        <\/div><\/figure>\r\n                  <\/div>\n\n<p style=\"text-align: center;\"><span style=\"color: #000000;\">Lochkranz Sirenen<\/span><\/p>\n<p>&nbsp;<\/p>\n<p style=\"text-align: center;\"><span style=\"color: #000000;\"><a style=\"color: #000000;\" href=\"https:\/\/feuerwehr-kufstein.at\/wp-content\/uploads\/2018\/11\/9c9a34e4-70f3-4f34-8af9-5685430397cb.jpg\" rel=\"attachment wp-att-936\"><img decoding=\"async\" class=\"aligncenter wp-image-936 size-medium lazyload\" data-src=\"https:\/\/feuerwehr-kufstein.at\/wp-content\/uploads\/2018\/11\/9c9a34e4-70f3-4f34-8af9-5685430397cb-225x300.jpg\" alt=\"\" width=\"225\" height=\"300\" data-srcset=\"https:\/\/feuerwehr-kufstein.at\/wp-content\/uploads\/2018\/11\/9c9a34e4-70f3-4f34-8af9-5685430397cb-225x300.jpg 225w, https:\/\/feuerwehr-kufstein.at\/wp-content\/uploads\/2018\/11\/9c9a34e4-70f3-4f34-8af9-5685430397cb-1152x1536.jpg 1152w, https:\/\/feuerwehr-kufstein.at\/wp-content\/uploads\/2018\/11\/9c9a34e4-70f3-4f34-8af9-5685430397cb-768x1024.jpg 768w, https:\/\/feuerwehr-kufstein.at\/wp-content\/uploads\/2018\/11\/9c9a34e4-70f3-4f34-8af9-5685430397cb.jpg 1200w\" data-sizes=\"(max-width: 225px) 100vw, 225px\" src=\"data:image\/svg+xml;base64,PHN2ZyB3aWR0aD0iMSIgaGVpZ2h0PSIxIiB4bWxucz0iaHR0cDovL3d3dy53My5vcmcvMjAwMC9zdmciPjwvc3ZnPg==\" style=\"--smush-placeholder-width: 225px; --smush-placeholder-aspect-ratio: 225\/300;\" \/><\/a>Elektronische Sirene<\/span><\/p>\n<p><span style=\"color: #000000;\">Standorte unserer\u00a0f\u00fcnf Funksirenen:<\/span><\/p>\n<ul>\n<li><span style=\"color: #000000;\">Zentrum Kufstein S\u00fcd\u00a0&#8211; <span style=\"color: #0000ff;\"><a style=\"color: #0000ff;\" href=\"https:\/\/www.google.com\/maps\/place\/47%C2%B034'48.7%22N+12%C2%B010'06.3%22E\/@47.580193,12.1662303,17z\/data=!3m1!4b1!4m6!3m5!1s0x0:0x0!7e2!8m2!3d47.5801925!4d12.1684193\" target=\"_blank\" rel=\"noopener noreferrer\">Pfauenschweif Festung<\/a><\/span><\/span><\/li>\n<li><span style=\"color: #000000;\">Zentrum Kufstein Nord &#8211; <span style=\"color: #0000ff;\"><a style=\"color: #0000ff;\" href=\"https:\/\/www.google.com\/maps\/dir\/\/Kirchgasse+3,+6330+Kufstein\/@47.580995,12.1670793,16.67z\/data=!4m8!4m7!1m0!1m5!1m1!1s0x4776375aaed53b6d:0xd2664fdfe290125e!2m2!1d12.1691002!2d47.5821535\" target=\"_blank\" rel=\"noopener noreferrer\">B\u00fcrgerturm Festung<\/a><\/span><\/span><\/li>\n<li><span style=\"color: #000000;\">Stadtteil Sparchen &#8211; <span style=\"color: #0000ff;\"><a style=\"color: #0000ff;\" href=\"https:\/\/www.google.com\/maps\/dir\/\/47.591365,12.1775972\/@47.5914772,12.175211,16.67z\/data=!4m2!4m1!3e0\" target=\"_blank\" rel=\"noopener noreferrer\">Volksschule Frauenfelder Stra\u00dfe<\/a><\/span><\/span><\/li>\n<li><span style=\"color: #000000;\">Stadtteil Endach &#8211; <span style=\"color: #0000ff;\"><a style=\"color: #0000ff;\" href=\"https:\/\/www.google.com\/maps\/place\/47%C2%B034'24.3%22N+12%C2%B009'14.5%22E\/@47.573426,12.1518323,17z\/data=!3m1!4b1!4m17!1m10!4m9!1m3!2m2!1d12.15368!2d47.5734648!1m3!2m2!1d12.1775972!2d47.591365!3e0!3m5!1s0x0:0x0!7e2!8m2!3d47.5734259!4d12.1540209\" target=\"_blank\" rel=\"noopener noreferrer\">Hochhaus Einfangstra\u00dfe<\/a><\/span><\/span><\/li>\n<li><span style=\"color: #000000;\">Stadtteil Zell &#8211; <span style=\"color: #0000ff;\"><a style=\"color: #0000ff;\" href=\"https:\/\/www.google.com\/maps\/place\/Wohn-+u+Pflegeheim+d+Stadt+Kufstein\/@47.5828615,12.1578391,17z\/data=!3m1!4b1!4m16!1m10!4m9!1m3!2m2!1d12.15368!2d47.5734648!1m3!2m2!1d12.1775972!2d47.591365!3e0!3m4!1s0x47763752777c9fdd:0xb45f6ee1a2a6e691!8m2!3d47.5828615!4d12.1600278\" target=\"_blank\" rel=\"noopener noreferrer\">Altenwohnheim Lindenallee<\/a><\/span><\/span><\/li>\n<\/ul>\n<\/div>\n","protected":false},"excerpt":{"rendered":"<p>Bei einer Alarmierung\u00a0r\u00fccken die ersten Fahrzeuge in der Regel nach ca. 3 bis 5 Minuten zum Einsatz aus. Dies ist jedoch nur m\u00f6glich, weil Kameraden in Betrieben besch\u00e4ftigt sind die sich im Stadtgebiet befinden und die Arbeitnehmer ihren Arbeitsplatz bei Alarmierung sofort verlassen d\u00fcrfen. An dieser Stelle daher ein herzliches Dankesch\u00f6n an die Kufsteiner Unternehmerinnen [&hellip;]<\/p>\n","protected":false},"author":2,"featured_media":0,"parent":0,"menu_order":3,"comment_status":"closed","ping_status":"closed","template":"","meta":{"footnotes":""},"class_list":["post-584","page","type-page","status-publish","czr-hentry"],"_links":{"self":[{"href":"https:\/\/feuerwehr-kufstein.at\/index.php?rest_route=\/wp\/v2\/pages\/584","targetHints":{"allow":["GET"]}}],"collection":[{"href":"https:\/\/feuerwehr-kufstein.at\/index.php?rest_route=\/wp\/v2\/pages"}],"about":[{"href":"https:\/\/feuerwehr-kufstein.at\/index.php?rest_route=\/wp\/v2\/types\/page"}],"author":[{"embeddable":true,"href":"https:\/\/feuerwehr-kufstein.at\/index.php?rest_route=\/wp\/v2\/users\/2"}],"replies":[{"embeddable":true,"href":"https:\/\/feuerwehr-kufstein.at\/index.php?rest_route=%2Fwp%2Fv2%2Fcomments&post=584"}],"version-history":[{"count":0,"href":"https:\/\/feuerwehr-kufstein.at\/index.php?rest_route=\/wp\/v2\/pages\/584\/revisions"}],"wp:attachment":[{"href":"https:\/\/feuerwehr-kufstein.at\/index.php?rest_route=%2Fwp%2Fv2%2Fmedia&parent=584"}],"curies":[{"name":"wp","href":"https:\/\/api.w.org\/{rel}","templated":true}]}}