{"id":9193,"date":"2022-11-09T13:04:17","date_gmt":"2022-11-09T12:04:17","guid":{"rendered":"https:\/\/feuerwehr-kufstein.at\/?page_id=9193"},"modified":"2026-03-06T12:19:43","modified_gmt":"2026-03-06T11:19:43","slug":"beauftragte","status":"publish","type":"page","link":"https:\/\/feuerwehr-kufstein.at\/?page_id=9193","title":{"rendered":"Sachgebiete &#038; Beauftragte"},"content":{"rendered":"<h3 style=\"text-align: center;\"><span style=\"color: #000000;\"><strong><a href=\"https:\/\/feuerwehr-kufstein.at\/wp-content\/uploads\/2025\/05\/Sachgebietsleiter_Panorama_72dpi-scaled.jpg\"><img decoding=\"async\" class=\"alignnone wp-image-11561 size-full lazyload\" data-src=\"https:\/\/feuerwehr-kufstein.at\/wp-content\/uploads\/2025\/05\/Sachgebietsleiter_Panorama_72dpi-scaled.jpg\" alt=\"\" width=\"2560\" height=\"1556\" data-srcset=\"https:\/\/feuerwehr-kufstein.at\/wp-content\/uploads\/2025\/05\/Sachgebietsleiter_Panorama_72dpi-scaled.jpg 2560w, https:\/\/feuerwehr-kufstein.at\/wp-content\/uploads\/2025\/05\/Sachgebietsleiter_Panorama_72dpi-300x182.jpg 300w, https:\/\/feuerwehr-kufstein.at\/wp-content\/uploads\/2025\/05\/Sachgebietsleiter_Panorama_72dpi-1024x622.jpg 1024w, https:\/\/feuerwehr-kufstein.at\/wp-content\/uploads\/2025\/05\/Sachgebietsleiter_Panorama_72dpi-768x467.jpg 768w, https:\/\/feuerwehr-kufstein.at\/wp-content\/uploads\/2025\/05\/Sachgebietsleiter_Panorama_72dpi-1536x934.jpg 1536w, https:\/\/feuerwehr-kufstein.at\/wp-content\/uploads\/2025\/05\/Sachgebietsleiter_Panorama_72dpi-2048x1245.jpg 2048w\" data-sizes=\"(max-width: 2560px) 100vw, 2560px\" src=\"data:image\/svg+xml;base64,PHN2ZyB3aWR0aD0iMSIgaGVpZ2h0PSIxIiB4bWxucz0iaHR0cDovL3d3dy53My5vcmcvMjAwMC9zdmciPjwvc3ZnPg==\" style=\"--smush-placeholder-width: 2560px; --smush-placeholder-aspect-ratio: 2560\/1556;\" \/><\/a><\/strong><\/span><\/h3>\n<h3 style=\"text-align: center;\"><strong>Sachgebietsleiter der STADTFEUERWEHR Kufstein<\/strong><\/h3>\n<p>&nbsp;<\/p>\n<div id='gallery-1' class='czr-gallery row flex-row czr-gallery-style gallery galleryid-9193 gallery-columns-4 gallery-size-full'><figure class='gallery-item col col-auto'>\r\n                        <div class='gallery-icon portrait czr-gallery-icon'>\r\n                              <a data-lb-type=\"grouped-gallery\" title=\"Sachgebietsleiter Atemschutz &#8211; LM Lang Matteo\" href=https:\/\/feuerwehr-kufstein.at\/wp-content\/uploads\/2024\/05\/Portrait_Feuerwehr-Portrait_copyright_alexgretter_-0007-1_72dpi.jpg class=\"bg-link\"><\/a><img decoding=\"async\" width=\"1280\" height=\"1920\" data-src=\"https:\/\/feuerwehr-kufstein.at\/wp-content\/uploads\/2024\/05\/Portrait_Feuerwehr-Portrait_copyright_alexgretter_-0007-1_72dpi.jpg\" class=\"attachment-full size-full no-lazy lazyload\" alt=\"\" data-sizes=\"(min-width: 1200px) 255px, (min-width: 992px) 210px, (min-width: 768px) 150px, (min-width: 576px) 105px, calc( 50vw - 30px )\" aria-describedby=\"gallery-1-10720\" data-srcset=\"https:\/\/feuerwehr-kufstein.at\/wp-content\/uploads\/2024\/05\/Portrait_Feuerwehr-Portrait_copyright_alexgretter_-0007-1_72dpi.jpg 1280w, https:\/\/feuerwehr-kufstein.at\/wp-content\/uploads\/2024\/05\/Portrait_Feuerwehr-Portrait_copyright_alexgretter_-0007-1_72dpi-200x300.jpg 200w, https:\/\/feuerwehr-kufstein.at\/wp-content\/uploads\/2024\/05\/Portrait_Feuerwehr-Portrait_copyright_alexgretter_-0007-1_72dpi-683x1024.jpg 683w, https:\/\/feuerwehr-kufstein.at\/wp-content\/uploads\/2024\/05\/Portrait_Feuerwehr-Portrait_copyright_alexgretter_-0007-1_72dpi-768x1152.jpg 768w, https:\/\/feuerwehr-kufstein.at\/wp-content\/uploads\/2024\/05\/Portrait_Feuerwehr-Portrait_copyright_alexgretter_-0007-1_72dpi-1024x1536.jpg 1024w\" src=\"data:image\/svg+xml;base64,PHN2ZyB3aWR0aD0iMSIgaGVpZ2h0PSIxIiB4bWxucz0iaHR0cDovL3d3dy53My5vcmcvMjAwMC9zdmciPjwvc3ZnPg==\" style=\"--smush-placeholder-width: 1280px; --smush-placeholder-aspect-ratio: 1280\/1920;\" \/>\r\n                        <\/div>\r\n                              <figcaption class='wp-caption-text gallery-caption' id='gallery-1-10720'>\r\n                              Sachgebietsleiter Atemschutz &#8211; LM Lang Matteo\r\n                              <\/figcaption><\/figure><figure class='gallery-item col col-auto'>\r\n                        <div class='gallery-icon portrait czr-gallery-icon'>\r\n                              <a data-lb-type=\"grouped-gallery\" title=\"Sachgebietsleiter Atemschutz Stv. &#8211; FM Lindemann Mats\" href=https:\/\/feuerwehr-kufstein.at\/wp-content\/uploads\/2024\/07\/Mats-Lindemann_copyright_alexgretter_0013-1_72dpi.jpg class=\"bg-link\"><\/a><img decoding=\"async\" width=\"1323\" height=\"1984\" data-src=\"https:\/\/feuerwehr-kufstein.at\/wp-content\/uploads\/2024\/07\/Mats-Lindemann_copyright_alexgretter_0013-1_72dpi.jpg\" class=\"attachment-full size-full no-lazy lazyload\" alt=\"\" data-sizes=\"(min-width: 1200px) 255px, (min-width: 992px) 210px, (min-width: 768px) 150px, (min-width: 576px) 105px, calc( 50vw - 30px )\" aria-describedby=\"gallery-1-10879\" data-srcset=\"https:\/\/feuerwehr-kufstein.at\/wp-content\/uploads\/2024\/07\/Mats-Lindemann_copyright_alexgretter_0013-1_72dpi.jpg 1323w, https:\/\/feuerwehr-kufstein.at\/wp-content\/uploads\/2024\/07\/Mats-Lindemann_copyright_alexgretter_0013-1_72dpi-200x300.jpg 200w, https:\/\/feuerwehr-kufstein.at\/wp-content\/uploads\/2024\/07\/Mats-Lindemann_copyright_alexgretter_0013-1_72dpi-683x1024.jpg 683w, https:\/\/feuerwehr-kufstein.at\/wp-content\/uploads\/2024\/07\/Mats-Lindemann_copyright_alexgretter_0013-1_72dpi-768x1152.jpg 768w, https:\/\/feuerwehr-kufstein.at\/wp-content\/uploads\/2024\/07\/Mats-Lindemann_copyright_alexgretter_0013-1_72dpi-1024x1536.jpg 1024w\" src=\"data:image\/svg+xml;base64,PHN2ZyB3aWR0aD0iMSIgaGVpZ2h0PSIxIiB4bWxucz0iaHR0cDovL3d3dy53My5vcmcvMjAwMC9zdmciPjwvc3ZnPg==\" style=\"--smush-placeholder-width: 1323px; --smush-placeholder-aspect-ratio: 1323\/1984;\" \/>\r\n                        <\/div>\r\n                              <figcaption class='wp-caption-text gallery-caption' id='gallery-1-10879'>\r\n                              Sachgebietsleiter Atemschutz Stv. &#8211; FM Lindemann Mats\r\n                              <\/figcaption><\/figure><figure class='gallery-item col col-auto'>\r\n                        <div class='gallery-icon portrait czr-gallery-icon'>\r\n                              <a data-lb-type=\"grouped-gallery\" title=\"Sachgebietsleiter Ausbildung &#8211; HV Siegfried Brunner\" href=https:\/\/feuerwehr-kufstein.at\/wp-content\/uploads\/2025\/06\/Feuerwehr-Sigi-Brunner_copyright_alexgretter_0022-2_72dpi.jpg class=\"bg-link\"><\/a><img decoding=\"async\" width=\"1281\" height=\"1920\" data-src=\"https:\/\/feuerwehr-kufstein.at\/wp-content\/uploads\/2025\/06\/Feuerwehr-Sigi-Brunner_copyright_alexgretter_0022-2_72dpi.jpg\" class=\"attachment-full size-full no-lazy lazyload\" alt=\"\" data-sizes=\"(min-width: 1200px) 255px, (min-width: 992px) 210px, (min-width: 768px) 150px, (min-width: 576px) 105px, calc( 50vw - 30px )\" aria-describedby=\"gallery-1-11572\" data-srcset=\"https:\/\/feuerwehr-kufstein.at\/wp-content\/uploads\/2025\/06\/Feuerwehr-Sigi-Brunner_copyright_alexgretter_0022-2_72dpi.jpg 1281w, https:\/\/feuerwehr-kufstein.at\/wp-content\/uploads\/2025\/06\/Feuerwehr-Sigi-Brunner_copyright_alexgretter_0022-2_72dpi-200x300.jpg 200w, https:\/\/feuerwehr-kufstein.at\/wp-content\/uploads\/2025\/06\/Feuerwehr-Sigi-Brunner_copyright_alexgretter_0022-2_72dpi-683x1024.jpg 683w, https:\/\/feuerwehr-kufstein.at\/wp-content\/uploads\/2025\/06\/Feuerwehr-Sigi-Brunner_copyright_alexgretter_0022-2_72dpi-768x1151.jpg 768w, https:\/\/feuerwehr-kufstein.at\/wp-content\/uploads\/2025\/06\/Feuerwehr-Sigi-Brunner_copyright_alexgretter_0022-2_72dpi-1025x1536.jpg 1025w\" src=\"data:image\/svg+xml;base64,PHN2ZyB3aWR0aD0iMSIgaGVpZ2h0PSIxIiB4bWxucz0iaHR0cDovL3d3dy53My5vcmcvMjAwMC9zdmciPjwvc3ZnPg==\" style=\"--smush-placeholder-width: 1281px; --smush-placeholder-aspect-ratio: 1281\/1920;\" \/>\r\n                        <\/div>\r\n                              <figcaption class='wp-caption-text gallery-caption' id='gallery-1-11572'>\r\n                              Sachgebietsleiter Ausbildung &#8211; HV Siegfried Brunner\r\n                              <\/figcaption><\/figure><figure class='gallery-item col col-auto'>\r\n                        <div class='gallery-icon portrait czr-gallery-icon'>\r\n                              <a data-lb-type=\"grouped-gallery\" title=\"Sachgebietsleiter EDV\/IT &#8211; HV Christoph Lampacher\" href=https:\/\/feuerwehr-kufstein.at\/wp-content\/uploads\/2025\/02\/Portrait_Christoph-Lampacher_copyright_alexgretter_0258-1_72dpi.jpg class=\"bg-link\"><\/a><img decoding=\"async\" width=\"1280\" height=\"1920\" data-src=\"https:\/\/feuerwehr-kufstein.at\/wp-content\/uploads\/2025\/02\/Portrait_Christoph-Lampacher_copyright_alexgretter_0258-1_72dpi.jpg\" class=\"attachment-full size-full no-lazy lazyload\" alt=\"\" data-sizes=\"(min-width: 1200px) 255px, (min-width: 992px) 210px, (min-width: 768px) 150px, (min-width: 576px) 105px, calc( 50vw - 30px )\" aria-describedby=\"gallery-1-11311\" data-srcset=\"https:\/\/feuerwehr-kufstein.at\/wp-content\/uploads\/2025\/02\/Portrait_Christoph-Lampacher_copyright_alexgretter_0258-1_72dpi.jpg 1280w, https:\/\/feuerwehr-kufstein.at\/wp-content\/uploads\/2025\/02\/Portrait_Christoph-Lampacher_copyright_alexgretter_0258-1_72dpi-200x300.jpg 200w, https:\/\/feuerwehr-kufstein.at\/wp-content\/uploads\/2025\/02\/Portrait_Christoph-Lampacher_copyright_alexgretter_0258-1_72dpi-683x1024.jpg 683w, https:\/\/feuerwehr-kufstein.at\/wp-content\/uploads\/2025\/02\/Portrait_Christoph-Lampacher_copyright_alexgretter_0258-1_72dpi-768x1152.jpg 768w, https:\/\/feuerwehr-kufstein.at\/wp-content\/uploads\/2025\/02\/Portrait_Christoph-Lampacher_copyright_alexgretter_0258-1_72dpi-1024x1536.jpg 1024w\" src=\"data:image\/svg+xml;base64,PHN2ZyB3aWR0aD0iMSIgaGVpZ2h0PSIxIiB4bWxucz0iaHR0cDovL3d3dy53My5vcmcvMjAwMC9zdmciPjwvc3ZnPg==\" style=\"--smush-placeholder-width: 1280px; --smush-placeholder-aspect-ratio: 1280\/1920;\" \/>\r\n                        <\/div>\r\n                              <figcaption class='wp-caption-text gallery-caption' id='gallery-1-11311'>\r\n                              Sachgebietsleiter EDV\/IT &#8211; HV Christoph Lampacher\r\n                              <\/figcaption><\/figure><figure class='gallery-item col col-auto'>\r\n                        <div class='gallery-icon portrait czr-gallery-icon'>\r\n                              <a data-lb-type=\"grouped-gallery\" title=\"Sachgebietsleiter Lagef\u00fchrung &#8211; OBR Winkler Stefan\" href=https:\/\/feuerwehr-kufstein.at\/wp-content\/uploads\/2024\/05\/Portrait_Feuerwehr-Portrait_copyright_alexgretter_-0028-1_72dpi.jpg class=\"bg-link\"><\/a><img decoding=\"async\" width=\"1280\" height=\"1920\" data-src=\"https:\/\/feuerwehr-kufstein.at\/wp-content\/uploads\/2024\/05\/Portrait_Feuerwehr-Portrait_copyright_alexgretter_-0028-1_72dpi.jpg\" class=\"attachment-full size-full no-lazy lazyload\" alt=\"\" data-sizes=\"(min-width: 1200px) 255px, (min-width: 992px) 210px, (min-width: 768px) 150px, (min-width: 576px) 105px, calc( 50vw - 30px )\" aria-describedby=\"gallery-1-10726\" data-srcset=\"https:\/\/feuerwehr-kufstein.at\/wp-content\/uploads\/2024\/05\/Portrait_Feuerwehr-Portrait_copyright_alexgretter_-0028-1_72dpi.jpg 1280w, https:\/\/feuerwehr-kufstein.at\/wp-content\/uploads\/2024\/05\/Portrait_Feuerwehr-Portrait_copyright_alexgretter_-0028-1_72dpi-200x300.jpg 200w, https:\/\/feuerwehr-kufstein.at\/wp-content\/uploads\/2024\/05\/Portrait_Feuerwehr-Portrait_copyright_alexgretter_-0028-1_72dpi-683x1024.jpg 683w, https:\/\/feuerwehr-kufstein.at\/wp-content\/uploads\/2024\/05\/Portrait_Feuerwehr-Portrait_copyright_alexgretter_-0028-1_72dpi-768x1152.jpg 768w, https:\/\/feuerwehr-kufstein.at\/wp-content\/uploads\/2024\/05\/Portrait_Feuerwehr-Portrait_copyright_alexgretter_-0028-1_72dpi-1024x1536.jpg 1024w\" src=\"data:image\/svg+xml;base64,PHN2ZyB3aWR0aD0iMSIgaGVpZ2h0PSIxIiB4bWxucz0iaHR0cDovL3d3dy53My5vcmcvMjAwMC9zdmciPjwvc3ZnPg==\" style=\"--smush-placeholder-width: 1280px; --smush-placeholder-aspect-ratio: 1280\/1920;\" \/>\r\n                        <\/div>\r\n                              <figcaption class='wp-caption-text gallery-caption' id='gallery-1-10726'>\r\n                              Sachgebietsleiter Lagef\u00fchrung &#8211; OBR Winkler Stefan\r\n                              <\/figcaption><\/figure><figure class='gallery-item col col-auto'>\r\n                        <div class='gallery-icon portrait czr-gallery-icon'>\r\n                              <a data-lb-type=\"grouped-gallery\" title=\"Sachgebietsleiter \u00d6A &#8211; LM Todorovic Nikola\" href=https:\/\/feuerwehr-kufstein.at\/wp-content\/uploads\/2024\/05\/Portrait_Feuerwehr-Portrait_copyright_alexgretter_-0012-1_72dpi.jpg class=\"bg-link\"><\/a><img decoding=\"async\" width=\"1280\" height=\"1920\" data-src=\"https:\/\/feuerwehr-kufstein.at\/wp-content\/uploads\/2024\/05\/Portrait_Feuerwehr-Portrait_copyright_alexgretter_-0012-1_72dpi.jpg\" class=\"attachment-full size-full no-lazy lazyload\" alt=\"\" data-sizes=\"(min-width: 1200px) 255px, (min-width: 992px) 210px, (min-width: 768px) 150px, (min-width: 576px) 105px, calc( 50vw - 30px )\" aria-describedby=\"gallery-1-10722\" data-srcset=\"https:\/\/feuerwehr-kufstein.at\/wp-content\/uploads\/2024\/05\/Portrait_Feuerwehr-Portrait_copyright_alexgretter_-0012-1_72dpi.jpg 1280w, https:\/\/feuerwehr-kufstein.at\/wp-content\/uploads\/2024\/05\/Portrait_Feuerwehr-Portrait_copyright_alexgretter_-0012-1_72dpi-200x300.jpg 200w, https:\/\/feuerwehr-kufstein.at\/wp-content\/uploads\/2024\/05\/Portrait_Feuerwehr-Portrait_copyright_alexgretter_-0012-1_72dpi-683x1024.jpg 683w, https:\/\/feuerwehr-kufstein.at\/wp-content\/uploads\/2024\/05\/Portrait_Feuerwehr-Portrait_copyright_alexgretter_-0012-1_72dpi-768x1152.jpg 768w, https:\/\/feuerwehr-kufstein.at\/wp-content\/uploads\/2024\/05\/Portrait_Feuerwehr-Portrait_copyright_alexgretter_-0012-1_72dpi-1024x1536.jpg 1024w\" src=\"data:image\/svg+xml;base64,PHN2ZyB3aWR0aD0iMSIgaGVpZ2h0PSIxIiB4bWxucz0iaHR0cDovL3d3dy53My5vcmcvMjAwMC9zdmciPjwvc3ZnPg==\" style=\"--smush-placeholder-width: 1280px; --smush-placeholder-aspect-ratio: 1280\/1920;\" \/>\r\n                        <\/div>\r\n                              <figcaption class='wp-caption-text gallery-caption' id='gallery-1-10722'>\r\n                              Sachgebietsleiter \u00d6A &#8211; LM Todorovic Nikola\r\n                              <\/figcaption><\/figure><figure class='gallery-item col col-auto'>\r\n                        <div class='gallery-icon portrait czr-gallery-icon'>\r\n                              <a data-lb-type=\"grouped-gallery\" title=\"Sachgebietsleiter \u00d6A Stv. &#8211; LM Lederwasch Julian\" href=https:\/\/feuerwehr-kufstein.at\/wp-content\/uploads\/2024\/05\/Portrait_Julian-Lederwasch_copyright_alexgretter_0555-1_72dpi.jpg class=\"bg-link\"><\/a><img decoding=\"async\" width=\"1280\" height=\"1920\" data-src=\"https:\/\/feuerwehr-kufstein.at\/wp-content\/uploads\/2024\/05\/Portrait_Julian-Lederwasch_copyright_alexgretter_0555-1_72dpi.jpg\" class=\"attachment-full size-full no-lazy lazyload\" alt=\"\" data-sizes=\"(min-width: 1200px) 255px, (min-width: 992px) 210px, (min-width: 768px) 150px, (min-width: 576px) 105px, calc( 50vw - 30px )\" aria-describedby=\"gallery-1-10711\" data-srcset=\"https:\/\/feuerwehr-kufstein.at\/wp-content\/uploads\/2024\/05\/Portrait_Julian-Lederwasch_copyright_alexgretter_0555-1_72dpi.jpg 1280w, https:\/\/feuerwehr-kufstein.at\/wp-content\/uploads\/2024\/05\/Portrait_Julian-Lederwasch_copyright_alexgretter_0555-1_72dpi-200x300.jpg 200w, https:\/\/feuerwehr-kufstein.at\/wp-content\/uploads\/2024\/05\/Portrait_Julian-Lederwasch_copyright_alexgretter_0555-1_72dpi-683x1024.jpg 683w, https:\/\/feuerwehr-kufstein.at\/wp-content\/uploads\/2024\/05\/Portrait_Julian-Lederwasch_copyright_alexgretter_0555-1_72dpi-768x1152.jpg 768w, https:\/\/feuerwehr-kufstein.at\/wp-content\/uploads\/2024\/05\/Portrait_Julian-Lederwasch_copyright_alexgretter_0555-1_72dpi-1024x1536.jpg 1024w\" src=\"data:image\/svg+xml;base64,PHN2ZyB3aWR0aD0iMSIgaGVpZ2h0PSIxIiB4bWxucz0iaHR0cDovL3d3dy53My5vcmcvMjAwMC9zdmciPjwvc3ZnPg==\" style=\"--smush-placeholder-width: 1280px; --smush-placeholder-aspect-ratio: 1280\/1920;\" \/>\r\n                        <\/div>\r\n                              <figcaption class='wp-caption-text gallery-caption' id='gallery-1-10711'>\r\n                              Sachgebietsleiter \u00d6A Stv. &#8211; LM Lederwasch Julian\r\n                              <\/figcaption><\/figure>\r\n                  <\/div>\n\n<h3 style=\"text-align: center;\"><span style=\"color: #000000;\"><strong>Beauftragte in der STADTFEUERWEHR Kufstein<\/strong><\/span><\/h3>\n<p>&nbsp;<\/p>\n<table width=\"527\">\n<tbody>\n<tr>\n<td width=\"82\"><span style=\"color: #000000;\"><img decoding=\"async\" class=\"alignnone wp-image-1167 lazyload\" data-src=\"http:\/\/feuerwehr-kufstein.at\/wp-content\/uploads\/2018\/12\/Hauptverwalter.png\" alt=\"\" width=\"70\" height=\"70\" src=\"data:image\/svg+xml;base64,PHN2ZyB3aWR0aD0iMSIgaGVpZ2h0PSIxIiB4bWxucz0iaHR0cDovL3d3dy53My5vcmcvMjAwMC9zdmciPjwvc3ZnPg==\" style=\"--smush-placeholder-width: 70px; --smush-placeholder-aspect-ratio: 70\/70;\" \/><\/span><\/td>\n<td width=\"54\"><span style=\"color: #000000;\">HV<\/span><\/td>\n<td width=\"213\"><span style=\"color: #000000;\"><strong>Ebner Thomas<\/strong><\/span><\/td>\n<td width=\"168\"><span style=\"color: #000000;\">Kassapr\u00fcfer<\/span><\/td>\n<\/tr>\n<tr>\n<td width=\"82\"><span style=\"color: #000000;\"><img decoding=\"async\" class=\"alignnone size-full wp-image-1171 lazyload\" data-src=\"http:\/\/feuerwehr-kufstein.at\/wp-content\/uploads\/2018\/12\/LM.png\" alt=\"\" width=\"70\" height=\"70\" src=\"data:image\/svg+xml;base64,PHN2ZyB3aWR0aD0iMSIgaGVpZ2h0PSIxIiB4bWxucz0iaHR0cDovL3d3dy53My5vcmcvMjAwMC9zdmciPjwvc3ZnPg==\" style=\"--smush-placeholder-width: 70px; --smush-placeholder-aspect-ratio: 70\/70;\" \/><\/span><\/td>\n<td width=\"54\"><span style=\"color: #000000;\">LM<\/span><\/td>\n<td width=\"213\"><span style=\"color: #000000;\"><strong>Kobald Michael<\/strong><\/span><\/td>\n<td width=\"168\"><span style=\"color: #000000;\">Kassapr\u00fcfer<\/span><\/td>\n<\/tr>\n<tr>\n<td width=\"82\"><span style=\"color: #000000;\"><img decoding=\"async\" class=\"alignnone size-full wp-image-1175 lazyload\" data-src=\"http:\/\/feuerwehr-kufstein.at\/wp-content\/uploads\/2018\/12\/LM.png\" alt=\"\" width=\"70\" height=\"70\" src=\"data:image\/svg+xml;base64,PHN2ZyB3aWR0aD0iMSIgaGVpZ2h0PSIxIiB4bWxucz0iaHR0cDovL3d3dy53My5vcmcvMjAwMC9zdmciPjwvc3ZnPg==\" style=\"--smush-placeholder-width: 70px; --smush-placeholder-aspect-ratio: 70\/70;\" \/><\/span><\/td>\n<td width=\"54\"><span style=\"color: #000000;\">LM<\/span><\/td>\n<td width=\"213\"><span style=\"color: #000000;\"><strong>Mayrhofer Florian\u00a0<\/strong><\/span><\/td>\n<td width=\"168\"><span style=\"color: #000000;\">F\u00e4hnrich<\/span><\/td>\n<\/tr>\n<tr>\n<td width=\"82\"><span style=\"color: #000000;\"><img decoding=\"async\" class=\"alignnone size-full wp-image-1175 lazyload\" data-src=\"http:\/\/feuerwehr-kufstein.at\/wp-content\/uploads\/2018\/12\/LM.png\" alt=\"\" width=\"70\" height=\"70\" src=\"data:image\/svg+xml;base64,PHN2ZyB3aWR0aD0iMSIgaGVpZ2h0PSIxIiB4bWxucz0iaHR0cDovL3d3dy53My5vcmcvMjAwMC9zdmciPjwvc3ZnPg==\" style=\"--smush-placeholder-width: 70px; --smush-placeholder-aspect-ratio: 70\/70;\" \/><\/span><\/td>\n<td width=\"54\"><span style=\"color: #000000;\">LM<\/span><\/td>\n<td width=\"213\"><span style=\"color: #000000;\"><strong>Mayrhofer Markus<\/strong><\/span><\/td>\n<td width=\"168\"><span style=\"color: #000000;\">F\u00e4hnrich<\/span><\/td>\n<\/tr>\n<tr>\n<td width=\"72\"><span style=\"color: #000000;\"><img decoding=\"async\" class=\"alignnone size-full wp-image-1168 lazyload\" data-src=\"http:\/\/feuerwehr-kufstein.at\/wp-content\/uploads\/2018\/12\/Hauptverwalter.png\" alt=\"\" width=\"70\" height=\"70\" src=\"data:image\/svg+xml;base64,PHN2ZyB3aWR0aD0iMSIgaGVpZ2h0PSIxIiB4bWxucz0iaHR0cDovL3d3dy53My5vcmcvMjAwMC9zdmciPjwvc3ZnPg==\" style=\"--smush-placeholder-width: 70px; --smush-placeholder-aspect-ratio: 70\/70;\" \/><\/span><\/td>\n<td width=\"55\"><span style=\"color: #000000;\">HV<\/span><\/td>\n<td width=\"153\"><span style=\"color: #000000;\"><strong>Pletzer Gerald<\/strong><\/span><\/td>\n<td width=\"214\"><span style=\"color: #000000;\">Lehrtaucher \u00d6BFV<\/span><\/td>\n<\/tr>\n<\/tbody>\n<\/table>\n<p>&nbsp;<\/p>\n","protected":false},"excerpt":{"rendered":"<p>Sachgebietsleiter der STADTFEUERWEHR Kufstein &nbsp; Beauftragte in der STADTFEUERWEHR Kufstein &nbsp; HV Ebner Thomas Kassapr\u00fcfer LM Kobald Michael Kassapr\u00fcfer LM Mayrhofer Florian\u00a0 F\u00e4hnrich LM Mayrhofer Markus F\u00e4hnrich HV Pletzer Gerald Lehrtaucher \u00d6BFV &nbsp;<\/p>\n","protected":false},"author":2,"featured_media":0,"parent":0,"menu_order":0,"comment_status":"closed","ping_status":"closed","template":"","meta":{"footnotes":""},"class_list":["post-9193","page","type-page","status-publish","czr-hentry"],"_links":{"self":[{"href":"https:\/\/feuerwehr-kufstein.at\/index.php?rest_route=\/wp\/v2\/pages\/9193","targetHints":{"allow":["GET"]}}],"collection":[{"href":"https:\/\/feuerwehr-kufstein.at\/index.php?rest_route=\/wp\/v2\/pages"}],"about":[{"href":"https:\/\/feuerwehr-kufstein.at\/index.php?rest_route=\/wp\/v2\/types\/page"}],"author":[{"embeddable":true,"href":"https:\/\/feuerwehr-kufstein.at\/index.php?rest_route=\/wp\/v2\/users\/2"}],"replies":[{"embeddable":true,"href":"https:\/\/feuerwehr-kufstein.at\/index.php?rest_route=%2Fwp%2Fv2%2Fcomments&post=9193"}],"version-history":[{"count":0,"href":"https:\/\/feuerwehr-kufstein.at\/index.php?rest_route=\/wp\/v2\/pages\/9193\/revisions"}],"wp:attachment":[{"href":"https:\/\/feuerwehr-kufstein.at\/index.php?rest_route=%2Fwp%2Fv2%2Fmedia&parent=9193"}],"curies":[{"name":"wp","href":"https:\/\/api.w.org\/{rel}","templated":true}]}}